{"id":109,"date":"2025-09-20T08:24:55","date_gmt":"2025-09-20T08:24:55","guid":{"rendered":"https:\/\/rock-coon.com\/?post_type=product&#038;p=109"},"modified":"2025-09-20T08:31:08","modified_gmt":"2025-09-20T08:31:08","slug":"wholesale-large-felt-storage-bag-black","status":"publish","type":"product","link":"https:\/\/rock-coon.com\/de\/produkt\/wholesale-large-felt-storage-bag-black\/","title":{"rendered":"Gro\u00dfhandel gro\u00dfe Filz Aufbewahrungstasche, schwarz"},"content":{"rendered":"<ul>\n<li>Der aus Polyesterfilz gefertigte und hochwertig vern\u00e4hte Korb ist weich und dennoch robust und kann f\u00fcr sich alleine stehen.<\/li>\n<li>Es gibt eine Vielzahl von Farben und Gr\u00f6\u00dfen, die den Stil Ihres Hauses perfekt erg\u00e4nzen.<\/li>\n<li>Das langlebige, hochwertige Material sorgt daf\u00fcr, dass dieser Aufbewahrungskorb jahrelang h\u00e4lt.<\/li>\n<li>Er eignet sich perfekt zur Aufbewahrung von \u00dcberw\u00fcrfen, Kissen, Decken oder Polstern sowie von Spielzeug, Spielen, Zeitschriften, DVDs, Souvenirs und vielem mehr.<\/li>\n<li>Dieser praktische Aufbewahrungskorb aus Filz ist an beiden Seiten mit Griffen versehen, die den Transport und den Zugriff erleichtern.<\/li>\n<li>Er verf\u00fcgt \u00fcber mehrere getrennte Ablagefl\u00e4chen an den Seiten und im Inneren f\u00fcr eine perfekte Organisation.<\/li>\n<li>Dank der faltbaren Konstruktion l\u00e4sst er sich bei Nichtgebrauch oder beim Transport platzsparend zusammenklappen.<\/li>\n<li>Es ist leicht zu reinigen und kann von Hand mit milder Seife gewaschen und an der Luft getrocknet werden. Verwenden Sie keine Waschmaschine. Bei hartn\u00e4ckigen Flecken empfehlen wir die Verwendung einer weichen B\u00fcrste.<\/li>\n<\/ul>\n<p>&nbsp;<\/p>\n<h2>Aufbewahrungstasche aus Filz Spezifikation<\/h2>\n<table style=\"height: 110px;\" width=\"710\">\n<tbody>\n<tr>\n<td width=\"75\">Produkt:<\/td>\n<td width=\"64\">Gro\u00dfhandel gro\u00dfe Filz Aufbewahrungstasche<\/td>\n<\/tr>\n<tr>\n<td>MATERIAL:<\/td>\n<td>Filz\/ EVA\/Oxford\/Leder\/Baumwolle<\/td>\n<\/tr>\n<tr>\n<td>GR\u00d6SSE :<\/td>\n<td>6-53Zoll\/Anpassung<\/td>\n<\/tr>\n<tr>\n<td>FARBE :<\/td>\n<td>Personalisierung<\/td>\n<\/tr>\n<\/tbody>\n<\/table>\n<p><a href=\"https:\/\/rock-coon.com\/wp-content\/uploads\/2025\/09\/Wholesale-Large-Felt-Storage-Bag-11.jpg\"><img loading=\"lazy\" decoding=\"async\" class=\"alignnone wp-image-111 size-full\" src=\"https:\/\/rock-coon.com\/wp-content\/uploads\/2025\/09\/Wholesale-Large-Felt-Storage-Bag-11.jpg\" alt=\"Wholesale Large Felt Storage Bag, Black\" width=\"800\" height=\"500\" srcset=\"https:\/\/rock-coon.com\/wp-content\/uploads\/2025\/09\/Wholesale-Large-Felt-Storage-Bag-11.jpg 800w, https:\/\/rock-coon.com\/wp-content\/uploads\/2025\/09\/Wholesale-Large-Felt-Storage-Bag-11-480x300.jpg 480w\" sizes=\"(min-width: 0px) and (max-width: 480px) 480px, (min-width: 481px) 800px, 100vw\" \/><\/a><\/p>","protected":false},"excerpt":{"rendered":"<p>Diese faltbare Aufbewahrungstasche aus Filz erf\u00fcllt nicht nur Ihre Aufbewahrungsbed\u00fcrfnisse, sondern sorgt auch daf\u00fcr, dass Ihre Sachen ordentlich und geordnet aufbewahrt werden, und verleiht Ihrem Zuhause eine einzigartige Note.<\/p>","protected":false},"featured_media":110,"template":"","meta":{"_et_pb_use_builder":"","_et_pb_old_content":"","_et_gb_content_width":"","_monsterinsights_skip_tracking":false,"_monsterinsights_sitenote_active":false,"_monsterinsights_sitenote_note":"","_monsterinsights_sitenote_category":0},"product_brand":[],"product_cat":[19],"product_tag":[],"class_list":{"0":"post-109","1":"product","2":"type-product","3":"status-publish","4":"has-post-thumbnail","6":"product_cat-home-storage","8":"first","9":"instock","10":"shipping-taxable","11":"product-type-simple"},"jetpack_sharing_enabled":true,"_links":{"self":[{"href":"https:\/\/rock-coon.com\/de\/wp-json\/wp\/v2\/product\/109","targetHints":{"allow":["GET"]}}],"collection":[{"href":"https:\/\/rock-coon.com\/de\/wp-json\/wp\/v2\/product"}],"about":[{"href":"https:\/\/rock-coon.com\/de\/wp-json\/wp\/v2\/types\/product"}],"wp:featuredmedia":[{"embeddable":true,"href":"https:\/\/rock-coon.com\/de\/wp-json\/wp\/v2\/media\/110"}],"wp:attachment":[{"href":"https:\/\/rock-coon.com\/de\/wp-json\/wp\/v2\/media?parent=109"}],"wp:term":[{"taxonomy":"product_brand","embeddable":true,"href":"https:\/\/rock-coon.com\/de\/wp-json\/wp\/v2\/product_brand?post=109"},{"taxonomy":"product_cat","embeddable":true,"href":"https:\/\/rock-coon.com\/de\/wp-json\/wp\/v2\/product_cat?post=109"},{"taxonomy":"product_tag","embeddable":true,"href":"https:\/\/rock-coon.com\/de\/wp-json\/wp\/v2\/product_tag?post=109"}],"curies":[{"name":"wp","href":"https:\/\/api.w.org\/{rel}","templated":true}]}}