{"id":112,"date":"2025-09-20T08:34:50","date_gmt":"2025-09-20T08:34:50","guid":{"rendered":"https:\/\/rock-coon.com\/?post_type=product&#038;p=112"},"modified":"2025-09-20T08:34:50","modified_gmt":"2025-09-20T08:34:50","slug":"empty-first-aid-kit-hard-case-emergency-kit-bag","status":"publish","type":"product","link":"https:\/\/rock-coon.com\/de\/produkt\/empty-first-aid-kit-hard-case-emergency-kit-bag\/","title":{"rendered":"Leerer Erste-Hilfe-Koffer Hartschalenkoffer Notfalltasche"},"content":{"rendered":"<ul>\n<li><strong>[Compact and Portable Medical Kit]<\/strong> This compact and lightweight first aid kit boasts ample storage capacity, perfect for storing essential first aid and emergency supplies while keeping everything organized.<\/li>\n<li><strong>[High-Quality, Sturdy and Waterproof Material]<\/strong> The medicine storage bag is made of high-quality, eco-friendly nylon + EVA material, which is thick, durable, waterproof, dustproof, and shockproof, keeping your belongings and life-saving tools dry, clean, and safe in any environment.<\/li>\n<li><strong>[Simple and Convenient Design]<\/strong> Our first aid bag has three visible grid layers with a fully open zipper for optimal storage, allowing for more organized storage. The eye-catching cross symbol helps you quickly find and secure items.<\/li>\n<li><strong>[Multifunctional]<\/strong> This first aid bag is perfect for storing emergency medicines and accessories. You can also use it as a makeup bag or to store small items like jewelry, skincare products, skincare tools, and makeup.<\/li>\n<li><strong>[Portable]<\/strong> It&#8217;s perfect for storing in luggage, handbags, or glove boxes, or as a basic first aid kit in the car, office, school, or at home. Whether you&#8217;re on a day trip, camping trip, wilderness trip, cruise, or outing, this first aid kit will meet your needs. It&#8217;s also perfect for being a nurse on the go.<\/li>\n<\/ul>\n<p>&nbsp;<\/p>\n<h2>First Aid Kit Specification<\/h2>\n<table style=\"height: 110px;\" width=\"710\">\n<tbody>\n<tr>\n<td width=\"75\">Product:<\/td>\n<td width=\"64\">Hard Case First Aid Bag<\/td>\n<\/tr>\n<tr>\n<td>MATERIAL:<\/td>\n<td>EVA\/oxford\/leather\/cotton<\/td>\n<\/tr>\n<tr>\n<td>SIZE :<\/td>\n<td>6-43inch\/Customization<\/td>\n<\/tr>\n<tr>\n<td>COLOR :<\/td>\n<td>Customization<\/td>\n<\/tr>\n<\/tbody>\n<\/table>\n<p><a href=\"https:\/\/rock-coon.com\/wp-content\/uploads\/2025\/09\/First-Aid-Kit-Hard-Case-Emergency-Kit-Bag-11.jpg\"><img loading=\"lazy\" decoding=\"async\" class=\"alignnone wp-image-114 size-full\" src=\"https:\/\/rock-coon.com\/wp-content\/uploads\/2025\/09\/First-Aid-Kit-Hard-Case-Emergency-Kit-Bag-11.jpg\" alt=\"Empty First Aid Kit Hard Case Emergency Kit Bag\" width=\"800\" height=\"500\" srcset=\"https:\/\/rock-coon.com\/wp-content\/uploads\/2025\/09\/First-Aid-Kit-Hard-Case-Emergency-Kit-Bag-11.jpg 800w, https:\/\/rock-coon.com\/wp-content\/uploads\/2025\/09\/First-Aid-Kit-Hard-Case-Emergency-Kit-Bag-11-480x300.jpg 480w\" sizes=\"(min-width: 0px) and (max-width: 480px) 480px, (min-width: 481px) 800px, 100vw\" \/><\/a><\/p>\n","protected":false},"excerpt":{"rendered":"<p>Mit seinem gut versiegelten Design sch\u00fctzt dieser Erste-Hilfe-Kasten wirksam vor Staub und Feuchtigkeit und gew\u00e4hrleistet so die wirksame Anwendung von Medikamenten.<br \/>\nEr dient auch als Erste-Hilfe-Kasten und verf\u00fcgt \u00fcber ein unterteiltes Innenleben mit reichlich Platz f\u00fcr kategorisierte Medikamente.<br \/>\nBewahren Sie es in Ihrer Notfalltasche, Ihrem Rucksack, dem Handschuhfach Ihres Autos oder Ihrem Medizinschrank auf, um schnell darauf zugreifen zu k\u00f6nnen.<\/p>","protected":false},"featured_media":113,"template":"","meta":{"_et_pb_use_builder":"","_et_pb_old_content":"","_et_gb_content_width":"","_monsterinsights_skip_tracking":false,"_monsterinsights_sitenote_active":false,"_monsterinsights_sitenote_note":"","_monsterinsights_sitenote_category":0},"product_brand":[],"product_cat":[19],"product_tag":[],"class_list":{"0":"post-112","1":"product","2":"type-product","3":"status-publish","4":"has-post-thumbnail","6":"product_cat-home-storage","8":"first","9":"instock","10":"shipping-taxable","11":"product-type-simple"},"jetpack_sharing_enabled":true,"_links":{"self":[{"href":"https:\/\/rock-coon.com\/de\/wp-json\/wp\/v2\/product\/112","targetHints":{"allow":["GET"]}}],"collection":[{"href":"https:\/\/rock-coon.com\/de\/wp-json\/wp\/v2\/product"}],"about":[{"href":"https:\/\/rock-coon.com\/de\/wp-json\/wp\/v2\/types\/product"}],"wp:featuredmedia":[{"embeddable":true,"href":"https:\/\/rock-coon.com\/de\/wp-json\/wp\/v2\/media\/113"}],"wp:attachment":[{"href":"https:\/\/rock-coon.com\/de\/wp-json\/wp\/v2\/media?parent=112"}],"wp:term":[{"taxonomy":"product_brand","embeddable":true,"href":"https:\/\/rock-coon.com\/de\/wp-json\/wp\/v2\/product_brand?post=112"},{"taxonomy":"product_cat","embeddable":true,"href":"https:\/\/rock-coon.com\/de\/wp-json\/wp\/v2\/product_cat?post=112"},{"taxonomy":"product_tag","embeddable":true,"href":"https:\/\/rock-coon.com\/de\/wp-json\/wp\/v2\/product_tag?post=112"}],"curies":[{"name":"wp","href":"https:\/\/api.w.org\/{rel}","templated":true}]}}