{"id":115,"date":"2025-09-20T08:36:51","date_gmt":"2025-09-20T08:36:51","guid":{"rendered":"https:\/\/rock-coon.com\/?post_type=product&#038;p=115"},"modified":"2025-09-20T08:36:51","modified_gmt":"2025-09-20T08:36:51","slug":"mobile-commuter-mini-speaker-storage-bag-blue","status":"publish","type":"product","link":"https:\/\/rock-coon.com\/de\/produkt\/mobile-commuter-mini-speaker-storage-bag-blue\/","title":{"rendered":"Mobile Commuter Mini-Lautsprecher-Aufbewahrungstasche, blau"},"content":{"rendered":"<ul>\n<li>In dieser tragbaren Aufbewahrungstasche k\u00f6nnen gleichzeitig Bluetooth-Kopfh\u00f6rer, Mini-Lautsprecher, Netzteile, M\u00e4use, Solid-State-Laufwerke, Ladekabel, Datenkabel, Speicherkarten und vieles mehr aufbewahrt werden, so dass Ihr elektronisches Zubeh\u00f6r ordentlich organisiert ist.<\/li>\n<li>Rei\u00dfverschluss-Design: Erm\u00f6glicht einen schnellen Zugriff und eine sichere Aufbewahrung, w\u00e4hrend der Rei\u00dfverschluss Ihr elektronisches Zubeh\u00f6r vor Verlust sch\u00fctzt.<\/li>\n<li>Kratz- und sto\u00dffest: Aufbewahrungsboxen haben in der Regel eine harte Schale oder ein weiches Innenfutter, um die Kopfh\u00f6rer w\u00e4hrend des Transports effektiv vor Kratzern und Besch\u00e4digungen zu sch\u00fctzen und das Geh\u00e4use und die Kabel zu schonen.<\/li>\n<li>Staubgesch\u00fctzt und wasserdicht: Ein gut abgedichtetes Design verhindert, dass Staub, Feuchtigkeit und andere Fremdk\u00f6rper in das Geh\u00e4use eindringen und die Kopfh\u00f6rer verunreinigen oder besch\u00e4digen k\u00f6nnen, was ihre Lebensdauer verl\u00e4ngert.<\/li>\n<li>Jede Aufbewahrungstasche ist mit einem Karabinerhaken zum einfachen Tragen und Aufbewahren ausgestattet. Sie k\u00f6nnen die Aufbewahrungstasche an eine Handtasche, Aktentasche oder einen Rucksack h\u00e4ngen, um sie einfach zu tragen.<\/li>\n<\/ul>\n<p>&nbsp;<\/p>\n<h2>Lautsprecher-Aufbewahrungstasche Spezifikation<\/h2>\n<table style=\"height: 110px;\" width=\"710\">\n<tbody>\n<tr>\n<td width=\"75\">Produkt:<\/td>\n<td width=\"64\">Mini-Lautsprecher-Aufbewahrungstasche<\/td>\n<\/tr>\n<tr>\n<td>MATERIAL:<\/td>\n<td>Oxford\/Leder\/Baumwolle<\/td>\n<\/tr>\n<tr>\n<td>GR\u00d6SSE :<\/td>\n<td>6-41Zoll\/Anpassung<\/td>\n<\/tr>\n<tr>\n<td>FARBE :<\/td>\n<td>Personalisierung<\/td>\n<\/tr>\n<\/tbody>\n<\/table>\n<p><a href=\"https:\/\/rock-coon.com\/wp-content\/uploads\/2025\/09\/Mobile-Commuter-Mini-Speaker-Storage-Bag-Blue-11.jpg\"><img loading=\"lazy\" decoding=\"async\" class=\"alignnone wp-image-117 size-full\" src=\"https:\/\/rock-coon.com\/wp-content\/uploads\/2025\/09\/Mobile-Commuter-Mini-Speaker-Storage-Bag-Blue-11.jpg\" alt=\"Mobile Commuter Mini Speaker Storage Bag, Blue\" width=\"800\" height=\"500\" srcset=\"https:\/\/rock-coon.com\/wp-content\/uploads\/2025\/09\/Mobile-Commuter-Mini-Speaker-Storage-Bag-Blue-11.jpg 800w, https:\/\/rock-coon.com\/wp-content\/uploads\/2025\/09\/Mobile-Commuter-Mini-Speaker-Storage-Bag-Blue-11-480x300.jpg 480w\" sizes=\"(min-width: 0px) and (max-width: 480px) 480px, (min-width: 481px) 800px, 100vw\" \/><\/a><\/p>","protected":false},"excerpt":{"rendered":"<p>Unsere Taschen zur Aufbewahrung von Kopfh\u00f6rern und Lautsprechern sind kratz- und sto\u00dffest, wasserdicht, staubdicht, tragbar, leicht, kompakt, mit Haken\/Rei\u00dfverschluss, benutzerfreundlich, mit viel Innenraum, aus weichem Material und mit Aufbewahrungsschlitzen\/elastischen B\u00e4ndern. Diese Merkmale sollen Ihr elektronisches Zubeh\u00f6r vor Sch\u00e4den sch\u00fctzen, die Tragbarkeit und Verwendung erleichtern und die Lebensdauer Ihrer Kopfh\u00f6rer verl\u00e4ngern.<\/p>","protected":false},"featured_media":116,"template":"","meta":{"_et_pb_use_builder":"","_et_pb_old_content":"","_et_gb_content_width":"","_monsterinsights_skip_tracking":false,"_monsterinsights_sitenote_active":false,"_monsterinsights_sitenote_note":"","_monsterinsights_sitenote_category":0},"product_brand":[],"product_cat":[19],"product_tag":[],"class_list":{"0":"post-115","1":"product","2":"type-product","3":"status-publish","4":"has-post-thumbnail","6":"product_cat-home-storage","8":"first","9":"instock","10":"shipping-taxable","11":"product-type-simple"},"jetpack_sharing_enabled":true,"_links":{"self":[{"href":"https:\/\/rock-coon.com\/de\/wp-json\/wp\/v2\/product\/115","targetHints":{"allow":["GET"]}}],"collection":[{"href":"https:\/\/rock-coon.com\/de\/wp-json\/wp\/v2\/product"}],"about":[{"href":"https:\/\/rock-coon.com\/de\/wp-json\/wp\/v2\/types\/product"}],"wp:featuredmedia":[{"embeddable":true,"href":"https:\/\/rock-coon.com\/de\/wp-json\/wp\/v2\/media\/116"}],"wp:attachment":[{"href":"https:\/\/rock-coon.com\/de\/wp-json\/wp\/v2\/media?parent=115"}],"wp:term":[{"taxonomy":"product_brand","embeddable":true,"href":"https:\/\/rock-coon.com\/de\/wp-json\/wp\/v2\/product_brand?post=115"},{"taxonomy":"product_cat","embeddable":true,"href":"https:\/\/rock-coon.com\/de\/wp-json\/wp\/v2\/product_cat?post=115"},{"taxonomy":"product_tag","embeddable":true,"href":"https:\/\/rock-coon.com\/de\/wp-json\/wp\/v2\/product_tag?post=115"}],"curies":[{"name":"wp","href":"https:\/\/api.w.org\/{rel}","templated":true}]}}