{"id":118,"date":"2025-09-20T08:38:51","date_gmt":"2025-09-20T08:38:51","guid":{"rendered":"https:\/\/rock-coon.com\/?post_type=product&#038;p=118"},"modified":"2025-09-20T08:38:51","modified_gmt":"2025-09-20T08:38:51","slug":"hard-eva-storage-case-for-game-cards-with-secure-zipper","status":"publish","type":"product","link":"https:\/\/rock-coon.com\/de\/produkt\/hard-eva-storage-case-for-game-cards-with-secure-zipper\/","title":{"rendered":"Harte EVA-Aufbewahrungsh\u00fclle f\u00fcr Spielkarten mit sicherem Rei\u00dfverschluss"},"content":{"rendered":"<ul>\n<li><strong>Gro\u00dfes Fassungsverm\u00f6gen:<\/strong>\u00a0Unsere Spielekoffer verf\u00fcgen \u00fcber einen ger\u00e4umigen Innenraum, der eine gro\u00dfe Anzahl von Brettspielen, Karten und anderem Spielzubeh\u00f6r aufnehmen kann und somit ausreichend Platz f\u00fcr all Ihre Spielutensilien bietet.<\/li>\n<li><strong>Besonders strapazierf\u00e4higes EVA-Material:<\/strong>\u00a0Unsere Hartschalenkoffer sind aus hochwertigem EVA gefertigt, das f\u00fcr seine au\u00dfergew\u00f6hnliche Haltbarkeit und Verschlei\u00dffestigkeit bekannt ist und Ihrer wertvollen Spielesammlung einen dauerhaften Schutz bietet.<\/li>\n<li><strong>Schlankes und elegantes Design:<\/strong>\u00a0Unsere Spielekoffer haben ein elegantes schwarzes \u00c4u\u00dferes mit leuchtenden Farbakzenten, das einen anspruchsvollen und modischen Look ausstrahlt und sie zu einem optischen Highlight f\u00fcr jedes Gaming-Setup oder jeden Reisebegleiter macht.<\/li>\n<li><strong>Sicherer Verschluss mit Rei\u00dfverschluss:<\/strong>\u00a0Die Spielekoffer sind mit einem robusten und zuverl\u00e4ssigen Rei\u00dfverschluss versehen, der sicherstellt, dass Ihre Spielekomponenten w\u00e4hrend des Transports sicher verschlossen bleiben und nicht versehentlich versch\u00fcttet werden oder verloren gehen.<\/li>\n<li><strong>Vielseitiger Reisebegleiter:<\/strong>\u00a0Mit ihrer leichten Konstruktion und dem praktischen Tragegriff sind unsere Spielekoffer der ideale Begleiter f\u00fcr Spielefans, die viel unterwegs sind und ihre Spiele problemlos zu Turnieren, Partys oder in den Urlaub mitnehmen k\u00f6nnen.<\/li>\n<\/ul>\n<p>&nbsp;<\/p>\n<h2>Hartschalenkoffer Spezifikation<\/h2>\n<table width=\"710\">\n<tbody>\n<tr>\n<td width=\"75\">Produkt:<\/td>\n<td width=\"64\">EVA-Hartschalenkoffer<\/td>\n<\/tr>\n<tr>\n<td>MATERIAL:<\/td>\n<td>EVA\/Oxford\/Leder\/Baumwolle<\/td>\n<\/tr>\n<tr>\n<td>GR\u00d6SSE :<\/td>\n<td>6-42Zoll\/Anpassung<\/td>\n<\/tr>\n<tr>\n<td>FARBE :<\/td>\n<td>Personalisierung<\/td>\n<\/tr>\n<\/tbody>\n<\/table>\n<p><a href=\"https:\/\/rock-coon.com\/wp-content\/uploads\/2025\/09\/Hard-EVA-Storage-Case-for-Game-Cards-with-Secure-Zipper-11.jpg\"><img loading=\"lazy\" decoding=\"async\" class=\"alignnone wp-image-120 size-full\" src=\"https:\/\/rock-coon.com\/wp-content\/uploads\/2025\/09\/Hard-EVA-Storage-Case-for-Game-Cards-with-Secure-Zipper-11.jpg\" alt=\"Hard EVA Storage Case for Game Cards with Secure Zipper\" width=\"800\" height=\"500\" srcset=\"https:\/\/rock-coon.com\/wp-content\/uploads\/2025\/09\/Hard-EVA-Storage-Case-for-Game-Cards-with-Secure-Zipper-11.jpg 800w, https:\/\/rock-coon.com\/wp-content\/uploads\/2025\/09\/Hard-EVA-Storage-Case-for-Game-Cards-with-Secure-Zipper-11-480x300.jpg 480w\" sizes=\"(min-width: 0px) and (max-width: 480px) 480px, (min-width: 481px) 800px, 100vw\" \/><\/a><\/p>","protected":false},"excerpt":{"rendered":"<p>Der EVA-Hartschalenkoffer ist f\u00fcr Spielefans geeignet<\/p>","protected":false},"featured_media":119,"template":"","meta":{"_et_pb_use_builder":"","_et_pb_old_content":"","_et_gb_content_width":"","_monsterinsights_skip_tracking":false,"_monsterinsights_sitenote_active":false,"_monsterinsights_sitenote_note":"","_monsterinsights_sitenote_category":0},"product_brand":[],"product_cat":[19],"product_tag":[],"class_list":{"0":"post-118","1":"product","2":"type-product","3":"status-publish","4":"has-post-thumbnail","6":"product_cat-home-storage","8":"first","9":"instock","10":"shipping-taxable","11":"product-type-simple"},"jetpack_sharing_enabled":true,"_links":{"self":[{"href":"https:\/\/rock-coon.com\/de\/wp-json\/wp\/v2\/product\/118","targetHints":{"allow":["GET"]}}],"collection":[{"href":"https:\/\/rock-coon.com\/de\/wp-json\/wp\/v2\/product"}],"about":[{"href":"https:\/\/rock-coon.com\/de\/wp-json\/wp\/v2\/types\/product"}],"wp:featuredmedia":[{"embeddable":true,"href":"https:\/\/rock-coon.com\/de\/wp-json\/wp\/v2\/media\/119"}],"wp:attachment":[{"href":"https:\/\/rock-coon.com\/de\/wp-json\/wp\/v2\/media?parent=118"}],"wp:term":[{"taxonomy":"product_brand","embeddable":true,"href":"https:\/\/rock-coon.com\/de\/wp-json\/wp\/v2\/product_brand?post=118"},{"taxonomy":"product_cat","embeddable":true,"href":"https:\/\/rock-coon.com\/de\/wp-json\/wp\/v2\/product_cat?post=118"},{"taxonomy":"product_tag","embeddable":true,"href":"https:\/\/rock-coon.com\/de\/wp-json\/wp\/v2\/product_tag?post=118"}],"curies":[{"name":"wp","href":"https:\/\/api.w.org\/{rel}","templated":true}]}}