{"id":121,"date":"2025-09-20T08:41:26","date_gmt":"2025-09-20T08:41:26","guid":{"rendered":"https:\/\/rock-coon.com\/?post_type=product&#038;p=121"},"modified":"2025-09-20T08:41:26","modified_gmt":"2025-09-20T08:41:26","slug":"multifunctional-insulated-lunch-bags-waterproof-lunch-tote","status":"publish","type":"product","link":"https:\/\/rock-coon.com\/de\/produkt\/multifunctional-insulated-lunch-bags-waterproof-lunch-tote\/","title":{"rendered":"Multifunktionale isolierte Lunchtaschen Wasserdichte Lunch Tote"},"content":{"rendered":"<p>Doppelter Griff - Die isolierte Lunch-Tasche ist mit einem abnehmbaren Schnallengriff ausgestattet, der sich immer leicht an Ihrem Rucksack oder an einer Aktentasche befestigen l\u00e4sst, damit Sie die H\u00e4nde frei haben. Sie k\u00f6nnen immer Sandwiches, Kekse, Obst, Schokolade, Getr\u00e4nke und mehr genie\u00dfen, ohne Sie zu belasten. Der vordere Griff ist so konzipiert, um die Bento-Box zu tragen und das Auslaufen von nassen Lebensmitteln zu verhindern.<\/p>\n<p>Die Tasche ist aus recycelten Materialien hergestellt.<\/p>\n<p>Isolierte Lunch-Tasche (mit Folie ausgekleidet): Sie ist mit Folie isoliert, um das Essen frisch zu halten, besteht aus recyceltem Kunststoff und l\u00e4sst sich zur einfachen Aufbewahrung zusammenfalten.<\/p>\n<p>3 Lagen Schutz - Unsere Lunchbag besteht aus rei\u00dffestem 600D Oxford-Gewebe + PEVA-Innenfutter + dickem EPE-Schaum. Die ungiftige, lebensmittelechte, graue PEVA-Isolierung ist schmutzabweisend und mit einem feuchten Tuch leicht zu reinigen. Sie h\u00e4lt Ihre Getr\u00e4nke k\u00fchl und Ihr Essen etwa 5 Stunden warm.<\/p>\n<p>&nbsp;<\/p>\n<h2>Spezifikation<\/h2>\n<table style=\"height: 170px;\" width=\"422\">\n<tbody>\n<tr>\n<td width=\"107\">PRODUKT<\/td>\n<td width=\"187\">Individuelle isolierte Lunch-Tasche<\/td>\n<\/tr>\n<tr>\n<td>MODELL<\/td>\n<td>AP-TB-RC-008<\/td>\n<\/tr>\n<tr>\n<td>MATERIAL<\/td>\n<td>Oxford\/Leder\/Baumwolle<\/td>\n<\/tr>\n<tr>\n<td>GR\u00d6SSE<\/td>\n<td>6-47Zoll\/Anpassung<\/td>\n<\/tr>\n<tr>\n<td>FARBE<\/td>\n<td>Personalisierung<\/td>\n<\/tr>\n<\/tbody>\n<\/table>\n<p><a href=\"https:\/\/rock-coon.com\/wp-content\/uploads\/2025\/09\/Multifunctional-Insulated-lunch-bags-11.jpg\"><img loading=\"lazy\" decoding=\"async\" class=\"alignnone wp-image-123 size-full\" src=\"https:\/\/rock-coon.com\/wp-content\/uploads\/2025\/09\/Multifunctional-Insulated-lunch-bags-11.jpg\" alt=\"Multifunctional Insulated Lunch Bags Waterproof Lunch Tote\" width=\"800\" height=\"500\" srcset=\"https:\/\/rock-coon.com\/wp-content\/uploads\/2025\/09\/Multifunctional-Insulated-lunch-bags-11.jpg 800w, https:\/\/rock-coon.com\/wp-content\/uploads\/2025\/09\/Multifunctional-Insulated-lunch-bags-11-480x300.jpg 480w\" sizes=\"(min-width: 0px) and (max-width: 480px) 480px, (min-width: 481px) 800px, 100vw\" \/><\/a><\/p>","protected":false},"excerpt":{"rendered":"<h2><span style=\"color: #000000;\">Isolierte Lunch Bags Merkmal<\/span><\/h2>\n<ul>\n<li><span style=\"color: #000000;\">Geeignet f\u00fcr Baby Kinderwagen Arbeit Reisen Outdoor<\/span><\/li>\n<li><span style=\"color: #000000;\">Super s\u00fc\u00dfe, bunt bedruckte Brotzeittasche; eine einfache M\u00f6glichkeit, etwas Spa\u00df und Farbe in die Mittagspause zu bringen.<\/span><\/li>\n<li><span style=\"color: #000000;\">Die Isolierfolie h\u00e4lt die Lebensmittel frisch.<\/span><\/li>\n<li><span style=\"color: #000000;\">L\u00e4sst sich zur einfachen Aufbewahrung zusammenklappen.<\/span><\/li>\n<\/ul>","protected":false},"featured_media":122,"template":"","meta":{"_et_pb_use_builder":"","_et_pb_old_content":"","_et_gb_content_width":"","_monsterinsights_skip_tracking":false,"_monsterinsights_sitenote_active":false,"_monsterinsights_sitenote_note":"","_monsterinsights_sitenote_category":0},"product_brand":[],"product_cat":[19],"product_tag":[],"class_list":{"0":"post-121","1":"product","2":"type-product","3":"status-publish","4":"has-post-thumbnail","6":"product_cat-home-storage","8":"first","9":"instock","10":"shipping-taxable","11":"product-type-simple"},"jetpack_sharing_enabled":true,"_links":{"self":[{"href":"https:\/\/rock-coon.com\/de\/wp-json\/wp\/v2\/product\/121","targetHints":{"allow":["GET"]}}],"collection":[{"href":"https:\/\/rock-coon.com\/de\/wp-json\/wp\/v2\/product"}],"about":[{"href":"https:\/\/rock-coon.com\/de\/wp-json\/wp\/v2\/types\/product"}],"wp:featuredmedia":[{"embeddable":true,"href":"https:\/\/rock-coon.com\/de\/wp-json\/wp\/v2\/media\/122"}],"wp:attachment":[{"href":"https:\/\/rock-coon.com\/de\/wp-json\/wp\/v2\/media?parent=121"}],"wp:term":[{"taxonomy":"product_brand","embeddable":true,"href":"https:\/\/rock-coon.com\/de\/wp-json\/wp\/v2\/product_brand?post=121"},{"taxonomy":"product_cat","embeddable":true,"href":"https:\/\/rock-coon.com\/de\/wp-json\/wp\/v2\/product_cat?post=121"},{"taxonomy":"product_tag","embeddable":true,"href":"https:\/\/rock-coon.com\/de\/wp-json\/wp\/v2\/product_tag?post=121"}],"curies":[{"name":"wp","href":"https:\/\/api.w.org\/{rel}","templated":true}]}}