{"id":124,"date":"2025-09-20T08:43:25","date_gmt":"2025-09-20T08:43:25","guid":{"rendered":"https:\/\/rock-coon.com\/?post_type=product&#038;p=124"},"modified":"2025-09-20T08:43:25","modified_gmt":"2025-09-20T08:43:25","slug":"customizable-medical-travel-organizer-and-portable-first-aid-kit","status":"publish","type":"product","link":"https:\/\/rock-coon.com\/de\/produkt\/customizable-medical-travel-organizer-and-portable-first-aid-kit\/","title":{"rendered":"Anpassbarer medizinischer Reise-Organizer und tragbares Erste-Hilfe-Set"},"content":{"rendered":"<p>Eine medizinische Reisetasche ist unglaublich hilfreich, wenn Notf\u00e4lle eintreten. Unser tragbarer Erste-Hilfe-Koffer ist Ihr unverzichtbarer Begleiter f\u00fcr Notf\u00e4lle und eine schnelle medizinische Versorgung f\u00fcr Sie, Ihre Familie und Mitreisende.<\/p>\n<p>&nbsp;<\/p>\n<h2>Die wichtigsten Vorteile eines Erste-Hilfe-Kits:<\/h2>\n<p>Seelenfrieden: Diese medizinische Reisetasche sorgt f\u00fcr Ruhe, wo immer Sie auch hingehen. Dieses Reiseset ist Ihr ultimativer Begleiter f\u00fcr eine effektive Reaktion auf Verletzungen und Notf\u00e4lle, damit Sie immer vorbereitet sind.<\/p>\n<p>Hochwertige Handwerkskunst: Dieser Erste-Hilfe-Kasten ist aus strapazierf\u00e4higem, wasserdichtem 600D Oxford-Gewebe gefertigt, das sicherstellt, dass Ihr medizinisches Material gesch\u00fctzt und schnell verf\u00fcgbar ist.<\/p>\n<p>Tragbar und leicht: Diese praktische, leichte und tragbare Tasche f\u00fcr medizinische Notf\u00e4lle l\u00e4sst sich bei Outdoor-Aktivit\u00e4ten, auf Reisen oder bei allt\u00e4glichen Ausfl\u00fcgen leicht mitnehmen.<\/p>\n<p>Organisierte Aufbewahrung: Dieses Erste-Hilfe-Kit verf\u00fcgt \u00fcber mehrere F\u00e4cher, darunter ein Hauptfach, Netztaschen im Inneren, Schlitze f\u00fcr elastische B\u00e4nder und eine durchsichtige Tasche, in der Sie Notf\u00e4lle und medizinische Hilfsmittel \u00fcbersichtlich organisieren und kategorisieren k\u00f6nnen, um schnell darauf zugreifen zu k\u00f6nnen.<\/p>\n<p>Vielseitiger Einsatz: Dieser Erste-Hilfe-Organisator kann als N\u00e4hset, Medizin-Reisetasche oder allgemeine Aufbewahrung verwendet werden, um Ihre Bed\u00fcrfnisse zu erf\u00fcllen.<\/p>\n<p>Tolle Geschenkidee: Die Medizinische Reisetasche ist ein gro\u00dfartiges Weihnachtsgeschenk f\u00fcr Familie, Freunde und Reisende und zeigt, dass Ihnen deren Sicherheit und Wohlbefinden am Herzen liegen.<\/p>\n<p>Bitte beachten Sie, dass dieses Paket einen tragbaren Erste-Hilfe-Kasten (leer, ohne Artikel) enth\u00e4lt. Sie k\u00f6nnen das Set an Ihre Bed\u00fcrfnisse anpassen, damit Sie sich keine Sorgen machen m\u00fcssen.<br \/>\nMit unserem tragbaren Erste-Hilfe-Kit sind Sie auf die unerwarteten Momente des Lebens vorbereitet.<\/p>\n<p>&nbsp;<\/p>\n<h2>Spezifikation<\/h2>\n<table style=\"height: 170px;\" width=\"422\">\n<tbody>\n<tr>\n<td width=\"107\">PRODUKT<\/td>\n<td width=\"187\">Leere medizinische Aufbewahrungstasche f\u00fcr zu Hause<\/td>\n<\/tr>\n<tr>\n<td>MODELL<\/td>\n<td>AP-TB-RC-001<\/td>\n<\/tr>\n<tr>\n<td>MATERIAL<\/td>\n<td>Oxford\/Leder\/Baumwolle<\/td>\n<\/tr>\n<tr>\n<td>GR\u00d6SSE<\/td>\n<td>6-40Zoll\/Anpassung<\/td>\n<\/tr>\n<tr>\n<td>FARBE<\/td>\n<td>Personalisierung<\/td>\n<\/tr>\n<\/tbody>\n<\/table>\n<p><a href=\"https:\/\/rock-coon.com\/wp-content\/uploads\/2025\/09\/Customizable-Medical-Travel-Organizer-and-Portable-First-Aid-Kit-11.jpg\"><img loading=\"lazy\" decoding=\"async\" class=\"alignnone wp-image-126 size-full\" src=\"https:\/\/rock-coon.com\/wp-content\/uploads\/2025\/09\/Customizable-Medical-Travel-Organizer-and-Portable-First-Aid-Kit-11.jpg\" alt=\"Customizable Medical Travel Organizer and Portable First Aid Kit\" width=\"800\" height=\"500\" srcset=\"https:\/\/rock-coon.com\/wp-content\/uploads\/2025\/09\/Customizable-Medical-Travel-Organizer-and-Portable-First-Aid-Kit-11.jpg 800w, https:\/\/rock-coon.com\/wp-content\/uploads\/2025\/09\/Customizable-Medical-Travel-Organizer-and-Portable-First-Aid-Kit-11-480x300.jpg 480w\" sizes=\"(min-width: 0px) and (max-width: 480px) 480px, (min-width: 481px) 800px, 100vw\" \/><\/a><\/p>","protected":false},"excerpt":{"rendered":"<p>Dieses praktische, leichte und tragbare Erste-Hilfe-Set eignet sich perfekt f\u00fcr Outdoor-Aktivit\u00e4ten, Reisen oder allt\u00e4gliche Unternehmungen. Sie ist aus strapazierf\u00e4higem, wasserdichtem 600D Oxford-Gewebe gefertigt und sorgt daf\u00fcr, dass Ihr medizinisches Material gesch\u00fctzt und schnell verf\u00fcgbar ist.<\/p>","protected":false},"featured_media":125,"template":"","meta":{"_et_pb_use_builder":"","_et_pb_old_content":"","_et_gb_content_width":"","_monsterinsights_skip_tracking":false,"_monsterinsights_sitenote_active":false,"_monsterinsights_sitenote_note":"","_monsterinsights_sitenote_category":0},"product_brand":[],"product_cat":[19],"product_tag":[],"class_list":{"0":"post-124","1":"product","2":"type-product","3":"status-publish","4":"has-post-thumbnail","6":"product_cat-home-storage","8":"first","9":"instock","10":"shipping-taxable","11":"product-type-simple"},"jetpack_sharing_enabled":true,"_links":{"self":[{"href":"https:\/\/rock-coon.com\/de\/wp-json\/wp\/v2\/product\/124","targetHints":{"allow":["GET"]}}],"collection":[{"href":"https:\/\/rock-coon.com\/de\/wp-json\/wp\/v2\/product"}],"about":[{"href":"https:\/\/rock-coon.com\/de\/wp-json\/wp\/v2\/types\/product"}],"wp:featuredmedia":[{"embeddable":true,"href":"https:\/\/rock-coon.com\/de\/wp-json\/wp\/v2\/media\/125"}],"wp:attachment":[{"href":"https:\/\/rock-coon.com\/de\/wp-json\/wp\/v2\/media?parent=124"}],"wp:term":[{"taxonomy":"product_brand","embeddable":true,"href":"https:\/\/rock-coon.com\/de\/wp-json\/wp\/v2\/product_brand?post=124"},{"taxonomy":"product_cat","embeddable":true,"href":"https:\/\/rock-coon.com\/de\/wp-json\/wp\/v2\/product_cat?post=124"},{"taxonomy":"product_tag","embeddable":true,"href":"https:\/\/rock-coon.com\/de\/wp-json\/wp\/v2\/product_tag?post=124"}],"curies":[{"name":"wp","href":"https:\/\/api.w.org\/{rel}","templated":true}]}}