{"id":139,"date":"2025-09-20T09:04:24","date_gmt":"2025-09-20T09:04:24","guid":{"rendered":"https:\/\/rock-coon.com\/?post_type=product&#038;p=139"},"modified":"2025-09-20T09:15:00","modified_gmt":"2025-09-20T09:15:00","slug":"16-pockets-blue-wrench-roll-organizer","status":"publish","type":"product","link":"https:\/\/rock-coon.com\/de\/produkt\/16-pockets-blue-wrench-roll-organizer\/","title":{"rendered":"16 Taschen Blauer Schraubenschl\u00fcssel-Rollen-Organizer"},"content":{"rendered":"<ul class=\"a-unordered-list a-vertical a-spacing-mini\">\n<li><span class=\"a-list-item\">Hervorragende Handwerkskunst mit dichten N\u00e4hten: Die Werkzeugtasche zeichnet sich durch exzellente Handwerkskunst aus, mit viel Liebe zum Detail und festen N\u00e4hten. Dieses Qualit\u00e4tsniveau gew\u00e4hrleistet Strapazierf\u00e4higkeit und Langlebigkeit, so dass die Tasche den Strapazen des h\u00e4ufigen Gebrauchs standh\u00e4lt. Die festen N\u00e4hte tragen zur allgemeinen Festigkeit der Tasche bei, verhindern das Aufl\u00f6sen und erhalten ihre Integrit\u00e4t im Laufe der Zeit.<\/span><\/li>\n<li class=\"a-spacing-mini\"><span class=\"a-list-item\">16-Taschen-Schl\u00fcsselrollen-Organizer: Die 16 speziell entworfenen F\u00e4cher sind so konzipiert, dass sie verschiedene Gr\u00f6\u00dfen von Schraubenschl\u00fcsseln sicher aufnehmen und sicherstellen, dass sie ordentlich organisiert und leicht zug\u00e4nglich bleiben. Mit diesem Organizer k\u00f6nnen Sie m\u00fchelos den richtigen Schraubenschl\u00fcssel f\u00fcr die jeweilige Aufgabe finden und sparen so wertvolle Zeit und M\u00fche bei Ihren Projekten.<\/span><\/li>\n<li class=\"a-spacing-mini\"><span class=\"a-list-item\">Wasserdichtes und strapazierf\u00e4higes 600D Oxford-Gewebe: Die Werkzeugtasche enth\u00e4lt eine wasserdichte Tasche aus strapazierf\u00e4higem 600D Oxford-Gewebe. Dieses Gewebe ist f\u00fcr seine au\u00dfergew\u00f6hnliche St\u00e4rke und Verschlei\u00dffestigkeit bekannt. Die wasserdichte Eigenschaft stellt sicher, dass Ihre Werkzeuge vor Wassersch\u00e4den gesch\u00fctzt sind, so dass sie sowohl f\u00fcr den Innen- als auch f\u00fcr den Au\u00dfeneinsatz geeignet ist.<\/span><\/li>\n<li><span class=\"a-list-item\">Tragbare und leichte Rolltasche f\u00fcr Schraubenschl\u00fcssel: Diese f\u00fcr Komfort und Mobilit\u00e4t konzipierte Werkzeugtasche ist tragbar und leicht, so dass sie m\u00fchelos getragen und transportiert werden kann. Die kompakte Gr\u00f6\u00dfe und das aufrollbare Design erm\u00f6glichen eine einfache Aufbewahrung und den Transport auf Baustellen, in Werkst\u00e4tten oder wo auch immer Ihre Arbeit Sie hinf\u00fchrt. Dar\u00fcber hinaus ist die Tasche leicht zu reinigen, so dass Sie Zeit und M\u00fche sparen, um sie sauber zu halten und Ihre Werkzeuge in einem tadellosen Zustand zu bewahren.<\/span><\/li>\n<li class=\"a-spacing-mini\"><span class=\"a-list-item\">Platzsparendes Design mit 3 Aufh\u00e4ngeringen: Diese Werkzeugtasche ist mit drei stabilen Aufh\u00e4ngeringen ausgestattet, um den Platz optimal zu nutzen. Durch das Aufh\u00e4ngen der Tasche k\u00f6nnen Sie wertvollen Arbeitsraum sparen und Ihre Werkzeuge geordnet und leicht zug\u00e4nglich aufbewahren. Egal, ob Sie die Tasche an einer Tafel, einem Haken oder einer Wand aufh\u00e4ngen, die drei Ringe sorgen f\u00fcr Stabilit\u00e4t und eine sichere Aufbewahrung.<\/span><\/li>\n<\/ul>\n<p><a href=\"https:\/\/rock-coon.com\/wp-content\/uploads\/2025\/09\/16-Pockets-Blue-Wrench-Roll-Organizer-11.jpg\"><img loading=\"lazy\" decoding=\"async\" class=\"alignnone wp-image-141 size-full\" src=\"https:\/\/rock-coon.com\/wp-content\/uploads\/2025\/09\/16-Pockets-Blue-Wrench-Roll-Organizer-11.jpg\" alt=\"16 Pockets Blue Wrench Roll Organizer\" width=\"800\" height=\"493\" srcset=\"https:\/\/rock-coon.com\/wp-content\/uploads\/2025\/09\/16-Pockets-Blue-Wrench-Roll-Organizer-11.jpg 800w, https:\/\/rock-coon.com\/wp-content\/uploads\/2025\/09\/16-Pockets-Blue-Wrench-Roll-Organizer-11-480x296.jpg 480w\" sizes=\"(min-width: 0px) and (max-width: 480px) 480px, (min-width: 481px) 800px, 100vw\" \/><\/a><\/p>","protected":false},"excerpt":{"rendered":"<p><span class=\"a-list-item\">16 Taschen Schraubenschl\u00fcssel Roll Organizer, gerollte Werkzeugtasche mit wasserdichtem Oxford-Stoff<\/span><\/p>","protected":false},"featured_media":140,"template":"","meta":{"_et_pb_use_builder":"","_et_pb_old_content":"","_et_gb_content_width":"","_monsterinsights_skip_tracking":false,"_monsterinsights_sitenote_active":false,"_monsterinsights_sitenote_note":"","_monsterinsights_sitenote_category":0},"product_brand":[],"product_cat":[20],"product_tag":[],"class_list":{"0":"post-139","1":"product","2":"type-product","3":"status-publish","4":"has-post-thumbnail","6":"product_cat-tool-bag","8":"first","9":"instock","10":"shipping-taxable","11":"product-type-simple"},"jetpack_sharing_enabled":true,"_links":{"self":[{"href":"https:\/\/rock-coon.com\/de\/wp-json\/wp\/v2\/product\/139","targetHints":{"allow":["GET"]}}],"collection":[{"href":"https:\/\/rock-coon.com\/de\/wp-json\/wp\/v2\/product"}],"about":[{"href":"https:\/\/rock-coon.com\/de\/wp-json\/wp\/v2\/types\/product"}],"wp:featuredmedia":[{"embeddable":true,"href":"https:\/\/rock-coon.com\/de\/wp-json\/wp\/v2\/media\/140"}],"wp:attachment":[{"href":"https:\/\/rock-coon.com\/de\/wp-json\/wp\/v2\/media?parent=139"}],"wp:term":[{"taxonomy":"product_brand","embeddable":true,"href":"https:\/\/rock-coon.com\/de\/wp-json\/wp\/v2\/product_brand?post=139"},{"taxonomy":"product_cat","embeddable":true,"href":"https:\/\/rock-coon.com\/de\/wp-json\/wp\/v2\/product_cat?post=139"},{"taxonomy":"product_tag","embeddable":true,"href":"https:\/\/rock-coon.com\/de\/wp-json\/wp\/v2\/product_tag?post=139"}],"curies":[{"name":"wp","href":"https:\/\/api.w.org\/{rel}","templated":true}]}}