{"id":142,"date":"2025-09-20T09:13:37","date_gmt":"2025-09-20T09:13:37","guid":{"rendered":"https:\/\/rock-coon.com\/?post_type=product&#038;p=142"},"modified":"2025-09-20T09:13:37","modified_gmt":"2025-09-20T09:13:37","slug":"blue-heavy-duty-tool-organizer-roll-up-hanging-on-the-wall-and-car","status":"publish","type":"product","link":"https:\/\/rock-coon.com\/de\/produkt\/blue-heavy-duty-tool-organizer-roll-up-hanging-on-the-wall-and-car\/","title":{"rendered":"Blauer Heavy Duty Tool Organizer Roll Up, h\u00e4ngend an der Wand und im Auto"},"content":{"rendered":"<ul class=\"a-unordered-list a-vertical a-spacing-mini\">\n<li class=\"a-spacing-mini\"><span class=\"a-list-item\">Verbesserte Werkzeug-Rolltasche: Mit den Ma\u00dfen 19,3\u2033 x 13\u2033 ist diese Werkzeug-Rolltasche fachm\u00e4nnisch aus hochwertigem und wasserabweisendem 600D Oxford-Gewebe gefertigt, das durch eine PVC-Innenbeschichtung erg\u00e4nzt wird. Diese Kombination gew\u00e4hrleistet au\u00dfergew\u00f6hnliche Haltbarkeit und zuverl\u00e4ssigen Schutz f\u00fcr Ihre Werkzeuge und sch\u00fctzt sie vor Feuchtigkeit und Verschlei\u00df.<\/span><\/li>\n<li class=\"a-spacing-mini\"><span class=\"a-list-item\">Ger\u00e4umige F\u00e4cher f\u00fcr verschiedene Werkzeuge: Mit 4 festen, ger\u00e4umigen F\u00e4chern und 2 abnehmbaren Taschen bietet diese Werkzeugrolle Platz f\u00fcr eine breite Palette von Werkzeugen. Von Schraubenschl\u00fcsseln bis hin zu Schraubendrehern k\u00f6nnen Sie alles organisiert und in Reichweite aufbewahren und so Ihren Arbeitsablauf optimieren.<\/span><\/li>\n<li class=\"a-spacing-mini\"><span class=\"a-list-item\">Leicht zu transportieren und platzsparendes Design: Diese Werkzeugrolle ist kompakt und leicht zu transportieren. Zusammengerollt nimmt sie nur wenig Platz ein und passt perfekt in Ihr Fahrzeug oder Ihre Werkstatt. So k\u00f6nnen Sie wichtige Werkzeuge \u00fcberallhin mitnehmen, von Reisen bis hin zu Baustellen.<\/span><\/li>\n<li class=\"a-spacing-mini\"><span class=\"a-list-item\">Perfekt f\u00fcr V\u00e4ter, die Werkzeuge lieben: Suchen Sie nach einem durchdachten Geschenk? Diese Werkzeugrolle ist ideal f\u00fcr Menschen, die gerne Heimwerkerprojekte durchf\u00fchren oder mit Werkzeugen arbeiten. Ihr praktisches Design wird sie sicherlich beeindrucken und ihre Aufgaben erleichtern. Sie hat die perfekte Gr\u00f6\u00dfe, um in den LKW, das Auto, das Boot, das Motorrad oder das Fahrrad zu passen, und erm\u00f6glicht es ihnen, wichtige Werkzeuge \u00fcberallhin mitzunehmen.<\/span><\/li>\n<li class=\"a-spacing-mini\"><span class=\"a-list-item\">100% Zufriedenheitsgarantie: Sie k\u00f6nnen sich auf die Qualit\u00e4t Ihrer aufrollbaren Werkzeugtasche aus Segeltuch verlassen; sie ist f\u00fcr eine lange Lebensdauer ausgelegt. Genie\u00dfen Sie die Gewissheit, dass wir voll hinter unseren Produkten stehen. Wenn Sie Fragen haben, kontaktieren Sie uns bitte!<\/span><\/li>\n<\/ul>\n<p><a href=\"https:\/\/rock-coon.com\/wp-content\/uploads\/2025\/09\/Blue-Heavy-Duty-Tool-Organizer-Roll-Up-Hanging-on-the-Wall-and-Car-11.jpg\"><img loading=\"lazy\" decoding=\"async\" class=\"alignnone wp-image-144 size-full\" src=\"https:\/\/rock-coon.com\/wp-content\/uploads\/2025\/09\/Blue-Heavy-Duty-Tool-Organizer-Roll-Up-Hanging-on-the-Wall-and-Car-11.jpg\" alt=\"Blue Heavy Duty Tool Organizer Roll Up, Hanging on the Wall and Car\" width=\"800\" height=\"493\" srcset=\"https:\/\/rock-coon.com\/wp-content\/uploads\/2025\/09\/Blue-Heavy-Duty-Tool-Organizer-Roll-Up-Hanging-on-the-Wall-and-Car-11.jpg 800w, https:\/\/rock-coon.com\/wp-content\/uploads\/2025\/09\/Blue-Heavy-Duty-Tool-Organizer-Roll-Up-Hanging-on-the-Wall-and-Car-11-480x296.jpg 480w\" sizes=\"(min-width: 0px) and (max-width: 480px) 480px, (min-width: 481px) 800px, 100vw\" \/><\/a><\/p>","protected":false},"excerpt":{"rendered":"<p><span class=\"a-list-item\">Tool Roll Bag, Heavy Duty Tool Organizer Roll Up, tragbare Werkzeugaufbewahrungstasche zum Aufh\u00e4ngen an der Wand und am Auto f\u00fcr professionelle Mechaniker, Elektriker, Schreiner und Hobbyisten, blau<\/span><\/p>","protected":false},"featured_media":143,"template":"","meta":{"_et_pb_use_builder":"","_et_pb_old_content":"","_et_gb_content_width":"","_monsterinsights_skip_tracking":false,"_monsterinsights_sitenote_active":false,"_monsterinsights_sitenote_note":"","_monsterinsights_sitenote_category":0},"product_brand":[],"product_cat":[20],"product_tag":[],"class_list":{"0":"post-142","1":"product","2":"type-product","3":"status-publish","4":"has-post-thumbnail","6":"product_cat-tool-bag","8":"first","9":"instock","10":"shipping-taxable","11":"product-type-simple"},"jetpack_sharing_enabled":true,"_links":{"self":[{"href":"https:\/\/rock-coon.com\/de\/wp-json\/wp\/v2\/product\/142","targetHints":{"allow":["GET"]}}],"collection":[{"href":"https:\/\/rock-coon.com\/de\/wp-json\/wp\/v2\/product"}],"about":[{"href":"https:\/\/rock-coon.com\/de\/wp-json\/wp\/v2\/types\/product"}],"wp:featuredmedia":[{"embeddable":true,"href":"https:\/\/rock-coon.com\/de\/wp-json\/wp\/v2\/media\/143"}],"wp:attachment":[{"href":"https:\/\/rock-coon.com\/de\/wp-json\/wp\/v2\/media?parent=142"}],"wp:term":[{"taxonomy":"product_brand","embeddable":true,"href":"https:\/\/rock-coon.com\/de\/wp-json\/wp\/v2\/product_brand?post=142"},{"taxonomy":"product_cat","embeddable":true,"href":"https:\/\/rock-coon.com\/de\/wp-json\/wp\/v2\/product_cat?post=142"},{"taxonomy":"product_tag","embeddable":true,"href":"https:\/\/rock-coon.com\/de\/wp-json\/wp\/v2\/product_tag?post=142"}],"curies":[{"name":"wp","href":"https:\/\/api.w.org\/{rel}","templated":true}]}}