{"id":145,"date":"2025-09-20T09:24:42","date_gmt":"2025-09-20T09:24:42","guid":{"rendered":"https:\/\/rock-coon.com\/?post_type=product&#038;p=145"},"modified":"2025-09-20T09:24:42","modified_gmt":"2025-09-20T09:24:42","slug":"tool-bag-16-multi-pocket-tool-organizer","status":"publish","type":"product","link":"https:\/\/rock-coon.com\/de\/produkt\/tool-bag-16-multi-pocket-tool-organizer\/","title":{"rendered":"Werkzeugtasche 16\" Multi-Pocket Werkzeug Organizer"},"content":{"rendered":"<ul class=\"a-unordered-list a-vertical a-spacing-mini\">\n<li class=\"a-spacing-mini\"><span class=\"a-list-item\">Praktisches und ger\u00e4umiges Design f\u00fcr viel Stauraum: Diese 16\u201dx8,5\u201dx9,5\u201d gro\u00dfe Werkzeugtasche wurde mit Blick auf Praktikabilit\u00e4t entworfen und bietet einen ger\u00e4umigen Innenraum, der eine effiziente Organisation und Aufbewahrung einer Vielzahl von Werkzeugen und Zubeh\u00f6rteilen erm\u00f6glicht.<\/span><\/li>\n<li class=\"a-spacing-mini\"><span class=\"a-list-item\">Robust und langlebig dank dickem Oxford-Gewebe: Diese aus dickem Oxford-Gewebe gefertigte Werkzeugtasche ist f\u00fcr den harten Einsatz ausgelegt und bietet au\u00dfergew\u00f6hnliche Langlebigkeit, sodass sie auch anspruchsvollen Arbeitsumgebungen standh\u00e4lt.<\/span><\/li>\n<li class=\"a-spacing-mini\"><span class=\"a-list-item\">Vier Hartplastikn\u00e4gel an PE- und EPE-Boden f\u00fcr zus\u00e4tzliche Stabilit\u00e4t: Ausgestattet mit vier Hartplastikn\u00e4geln an PE- und EPE-Boden bietet diese Werkzeugtasche verbesserte Stabilit\u00e4t und Schutz, verhindert Besch\u00e4digungen durch raue Oberfl\u00e4chen und bietet zuverl\u00e4ssige Unterst\u00fctzung.<\/span><\/li>\n<li class=\"a-spacing-mini\"><span class=\"a-list-item\">Verstellbare Schultergurte und weich gepolsterter Griff f\u00fcr bequemes Tragen: F\u00fcr mehr Komfort beim Transport verf\u00fcgt diese Werkzeugtasche \u00fcber verstellbare Schultergurte, die sich ganz einfach auf die gew\u00fcnschte L\u00e4nge einstellen lassen. Der weich gepolsterte Griff liegt angenehm in der Hand und minimiert die Belastung der Hand beim Tragen.<\/span><\/li>\n<li class=\"a-spacing-mini\"><span class=\"a-list-item\">Vielseitige Werkzeugtasche f\u00fcr verschiedene Anforderungen: Diese Werkzeugtasche wurde f\u00fcr vielf\u00e4ltige Anforderungen entwickelt und eignet sich daher ideal f\u00fcr Profis, Heimwerker und verschiedene Branchen. Ob f\u00fcr Bauarbeiten, Kfz-Arbeiten oder allgemeine Reparaturen im Haushalt \u2013 sie passt sich m\u00fchelos an unterschiedliche Anforderungen an.<\/span><\/li>\n<\/ul>\n<p><a href=\"https:\/\/rock-coon.com\/wp-content\/uploads\/2025\/09\/Multi-pocket-Tool-Organizer-11.jpg\"><img loading=\"lazy\" decoding=\"async\" class=\"alignnone wp-image-147 size-full\" src=\"https:\/\/rock-coon.com\/wp-content\/uploads\/2025\/09\/Multi-pocket-Tool-Organizer-11.jpg\" alt=\"Tool Bag 16'' Multi-pocket Tool Organizer\" width=\"800\" height=\"493\" srcset=\"https:\/\/rock-coon.com\/wp-content\/uploads\/2025\/09\/Multi-pocket-Tool-Organizer-11.jpg 800w, https:\/\/rock-coon.com\/wp-content\/uploads\/2025\/09\/Multi-pocket-Tool-Organizer-11-480x296.jpg 480w\" sizes=\"(min-width: 0px) and (max-width: 480px) 480px, (min-width: 481px) 800px, 100vw\" \/><\/a><\/p>","protected":false},"excerpt":{"rendered":"<p><span class=\"a-list-item\">Werkzeugtasche 16\u201d, Werkzeugtasche mit mehreren F\u00e4chern und Schultergurt, strapazierf\u00e4hige Tragetasche zur Aufbewahrung von Werkzeugen, schwarz und rot<\/span><\/p>","protected":false},"featured_media":146,"template":"","meta":{"_et_pb_use_builder":"","_et_pb_old_content":"","_et_gb_content_width":"","_monsterinsights_skip_tracking":false,"_monsterinsights_sitenote_active":false,"_monsterinsights_sitenote_note":"","_monsterinsights_sitenote_category":0},"product_brand":[],"product_cat":[20],"product_tag":[],"class_list":{"0":"post-145","1":"product","2":"type-product","3":"status-publish","4":"has-post-thumbnail","6":"product_cat-tool-bag","8":"first","9":"instock","10":"shipping-taxable","11":"product-type-simple"},"jetpack_sharing_enabled":true,"_links":{"self":[{"href":"https:\/\/rock-coon.com\/de\/wp-json\/wp\/v2\/product\/145","targetHints":{"allow":["GET"]}}],"collection":[{"href":"https:\/\/rock-coon.com\/de\/wp-json\/wp\/v2\/product"}],"about":[{"href":"https:\/\/rock-coon.com\/de\/wp-json\/wp\/v2\/types\/product"}],"wp:featuredmedia":[{"embeddable":true,"href":"https:\/\/rock-coon.com\/de\/wp-json\/wp\/v2\/media\/146"}],"wp:attachment":[{"href":"https:\/\/rock-coon.com\/de\/wp-json\/wp\/v2\/media?parent=145"}],"wp:term":[{"taxonomy":"product_brand","embeddable":true,"href":"https:\/\/rock-coon.com\/de\/wp-json\/wp\/v2\/product_brand?post=145"},{"taxonomy":"product_cat","embeddable":true,"href":"https:\/\/rock-coon.com\/de\/wp-json\/wp\/v2\/product_cat?post=145"},{"taxonomy":"product_tag","embeddable":true,"href":"https:\/\/rock-coon.com\/de\/wp-json\/wp\/v2\/product_tag?post=145"}],"curies":[{"name":"wp","href":"https:\/\/api.w.org\/{rel}","templated":true}]}}