{"id":148,"date":"2025-09-20T09:39:05","date_gmt":"2025-09-20T09:39:05","guid":{"rendered":"https:\/\/rock-coon.com\/?post_type=product&#038;p=148"},"modified":"2025-09-20T09:39:05","modified_gmt":"2025-09-20T09:39:05","slug":"tool-bag-14thick-outer-pocket-tool-organizer-orange","status":"publish","type":"product","link":"https:\/\/rock-coon.com\/de\/produkt\/tool-bag-14thick-outer-pocket-tool-organizer-orange\/","title":{"rendered":"Werkzeugtasche 14 \"Dicke Au\u00dfentasche Werkzeug Organizer (Orange)"},"content":{"rendered":"<ul class=\"a-unordered-list a-vertical a-spacing-mini\">\n<li class=\"a-spacing-mini\"><span class=\"a-list-item\">Entwickelt f\u00fcr den einfachen Transport mit einem verstellbaren Schultergurt: Diese tragbare Tasche mit den Ma\u00dfen 13,6\u2033x 8,5\u2033x 9,8\u2033 bietet reichlich Stauraum und ist damit ideal f\u00fcr den Transport Ihrer Werkzeuge, wohin Sie auch gehen. Der verstellbare Gurt sorgt f\u00fcr einen bequemen Sitz, so dass Sie sich frei bewegen k\u00f6nnen, egal ob Sie auf der Baustelle oder zu Hause sind.<\/span><\/li>\n<li class=\"a-spacing-mini\"><span class=\"a-list-item\">Hergestellt aus 600D wasserdichtem Oxford-Gewebe mit gepolsterten Au\u00dfentaschen: Diese Werkzeugtasche verf\u00fcgt \u00fcber dicke, mit Baumwolle gef\u00fcllte Au\u00dfentaschen f\u00fcr zus\u00e4tzliche Polsterung und Schutz. Und das robuste 600D-Material sch\u00fctzt Ihre Werkzeuge vor Feuchtigkeit und bietet gleichzeitig ausreichend Stauraum f\u00fcr all Ihre wichtigen Utensilien.<\/span><\/li>\n<li class=\"a-spacing-mini\"><span class=\"a-list-item\">\u00dcberlegene Handwerkskunst mit dichten N\u00e4hten f\u00fcr verbesserte Haltbarkeit: Jede Naht wird sorgf\u00e4ltig aus hochwertigen Materialien gefertigt, damit Ihre Tasche dem t\u00e4glichen Verschlei\u00df standh\u00e4lt. Diese Liebe zum Detail garantiert nicht nur Langlebigkeit, sondern spiegelt auch das Engagement f\u00fcr Qualit\u00e4t wider. Erleben Sie den Unterschied, den \u00fcberlegene Handwerkskunst ausmacht, wenn es darum geht, Ihre Werkzeuge organisiert und gesch\u00fctzt zu halten.<\/span><\/li>\n<li class=\"a-spacing-mini\"><span class=\"a-list-item\">Zum Schutz Ihrer Werkzeuge vor Feuchtigkeit und Umweltgefahren entwickelt: Er ist aus langlebigen, hochwertigen Materialien gefertigt und verf\u00fcgt \u00fcber einen breiten PE-Boden und verst\u00e4rkte N\u00e4hte f\u00fcr eine h\u00f6here Widerstandsf\u00e4higkeit. Mit gro\u00dfz\u00fcgigem Stauraum und organisierten F\u00e4chern bleiben Ihre Werkzeuge sicher und leicht zug\u00e4nglich.<\/span><\/li>\n<li class=\"a-spacing-mini\"><span class=\"a-list-item\">Mehrzweck-Werkzeugtasche - perfekt f\u00fcr alle Anwendungen: Diese Werkzeugtasche ist so konzipiert, dass sie eine breite Palette von Anforderungen erf\u00fcllt, was sie ideal f\u00fcr Profis, Heimwerker und verschiedene Bereiche macht. Egal, ob Sie Bauprojekte, Arbeiten am Auto oder allgemeine Reparaturen zu Hause in Angriff nehmen, sie passt sich m\u00fchelos an jede Aufgabe an.<\/span><\/li>\n<\/ul>\n<p><a href=\"https:\/\/rock-coon.com\/wp-content\/uploads\/2025\/09\/Thick-Outer-Pocket-Tool-Organizer-11.jpg\"><img loading=\"lazy\" decoding=\"async\" class=\"alignnone wp-image-150 size-full\" src=\"https:\/\/rock-coon.com\/wp-content\/uploads\/2025\/09\/Thick-Outer-Pocket-Tool-Organizer-11.jpg\" alt=\"Tool Bag 14''Thick Outer Pocket Tool Organizer (Orange)\" width=\"800\" height=\"493\" srcset=\"https:\/\/rock-coon.com\/wp-content\/uploads\/2025\/09\/Thick-Outer-Pocket-Tool-Organizer-11.jpg 800w, https:\/\/rock-coon.com\/wp-content\/uploads\/2025\/09\/Thick-Outer-Pocket-Tool-Organizer-11-480x296.jpg 480w\" sizes=\"(min-width: 0px) and (max-width: 480px) 480px, (min-width: 481px) 800px, 100vw\" \/><\/a><\/p>","protected":false},"excerpt":{"rendered":"<p><span class=\"a-list-item\">Werkzeugtasche 16\", Multi-Pocket-Werkzeug-Organizer mit wasserdichtem Kunststoffboden, Heavy Duty Tote mit Schulterriemen f\u00fcr die Werkzeugaufbewahrung, schwarz &amp; blau<\/span><\/p>","protected":false},"featured_media":149,"template":"","meta":{"_et_pb_use_builder":"","_et_pb_old_content":"","_et_gb_content_width":"","_monsterinsights_skip_tracking":false,"_monsterinsights_sitenote_active":false,"_monsterinsights_sitenote_note":"","_monsterinsights_sitenote_category":0},"product_brand":[],"product_cat":[20],"product_tag":[],"class_list":{"0":"post-148","1":"product","2":"type-product","3":"status-publish","4":"has-post-thumbnail","6":"product_cat-tool-bag","8":"first","9":"instock","10":"shipping-taxable","11":"product-type-simple"},"jetpack_sharing_enabled":true,"_links":{"self":[{"href":"https:\/\/rock-coon.com\/de\/wp-json\/wp\/v2\/product\/148","targetHints":{"allow":["GET"]}}],"collection":[{"href":"https:\/\/rock-coon.com\/de\/wp-json\/wp\/v2\/product"}],"about":[{"href":"https:\/\/rock-coon.com\/de\/wp-json\/wp\/v2\/types\/product"}],"wp:featuredmedia":[{"embeddable":true,"href":"https:\/\/rock-coon.com\/de\/wp-json\/wp\/v2\/media\/149"}],"wp:attachment":[{"href":"https:\/\/rock-coon.com\/de\/wp-json\/wp\/v2\/media?parent=148"}],"wp:term":[{"taxonomy":"product_brand","embeddable":true,"href":"https:\/\/rock-coon.com\/de\/wp-json\/wp\/v2\/product_brand?post=148"},{"taxonomy":"product_cat","embeddable":true,"href":"https:\/\/rock-coon.com\/de\/wp-json\/wp\/v2\/product_cat?post=148"},{"taxonomy":"product_tag","embeddable":true,"href":"https:\/\/rock-coon.com\/de\/wp-json\/wp\/v2\/product_tag?post=148"}],"curies":[{"name":"wp","href":"https:\/\/api.w.org\/{rel}","templated":true}]}}