{"id":154,"date":"2025-09-20T09:45:32","date_gmt":"2025-09-20T09:45:32","guid":{"rendered":"https:\/\/rock-coon.com\/?post_type=product&#038;p=154"},"modified":"2025-09-20T09:45:32","modified_gmt":"2025-09-20T09:45:32","slug":"blue-tool-bag-13-wide-mouth-tool-organizer","status":"publish","type":"product","link":"https:\/\/rock-coon.com\/de\/produkt\/blue-tool-bag-13-wide-mouth-tool-organizer\/","title":{"rendered":"Blaue Werkzeugtasche 13\" Wide Mouth Tool Organizer"},"content":{"rendered":"<ul class=\"a-unordered-list a-vertical a-spacing-mini\">\n<li class=\"a-spacing-mini\"><span class=\"a-list-item\">Bequemes und tragbares Design f\u00fcr einfaches Tragen: <\/span><span class=\"a-list-item\">Diese 13 \u201dx9 \u201dx9,5\u201d-Werkzeugtasche wurde mit Blick auf die Praktikabilit\u00e4t entwickelt und bietet praktische Funktionen, die das Tragen erleichtern. Das ergonomische Design und die leichte Konstruktion sorgen f\u00fcr einen bequemen Transport w\u00e4hrend der Arbeit.<\/span><\/li>\n<li class=\"a-spacing-mini\"><span class=\"a-list-item\">Hergestellt aus 600D wasserdichtem Oxford-Gewebe: Diese Werkzeugtasche ist aus hochwertigem, wasserdichtem 600D Oxford-Gewebe gefertigt und zeichnet sich durch au\u00dfergew\u00f6hnliche Strapazierf\u00e4higkeit und hohe Leistung aus. Sie widersteht rauen Bedingungen und sch\u00fctzt Ihre Werkzeuge vor Wassersch\u00e4den und Verschlei\u00df.<\/span><\/li>\n<li class=\"a-spacing-mini\"><span class=\"a-list-item\">Beispielhafte Handwerkskunst mit dichten N\u00e4hten f\u00fcr verbesserte Qualit\u00e4t: Diese mit viel Liebe zum Detail gefertigte Werkzeugtasche zeichnet sich durch hervorragende Handwerkskunst aus. Die dichten N\u00e4hte sorgen f\u00fcr zus\u00e4tzliche Festigkeit und Haltbarkeit, so dass die Tasche auch bei anspruchsvollem Gebrauch gut h\u00e4lt.<\/span><\/li>\n<li class=\"a-spacing-mini\"><span class=\"a-list-item\">Wasserdichte Werkzeugtasche mit einer PE-Kunststoffplatte am Boden f\u00fcr zus\u00e4tzlichen Schutz: Diese wasserdichte Werkzeugtasche sch\u00fctzt Ihre Werkzeuge vor dem Eindringen von Feuchtigkeit und Wasser. Die robuste PE-Kunststoffplatte am Boden erh\u00f6ht den Schutz vor Wassersch\u00e4den zus\u00e4tzlich.<\/span><\/li>\n<li class=\"a-spacing-mini\"><span class=\"a-list-item\">Eine ideale Wahl f\u00fcr verschiedene Anwendungen: Diese Werkzeugtasche ist sehr vielseitig und daher die ideale Wahl f\u00fcr eine breite Palette von Szenen und Anwendungen. Egal, ob Sie ein professioneller Arbeiter, Heimwerker oder in verschiedenen Umgebungen arbeiten, diese Tasche passt sich m\u00fchelos an Ihre Bed\u00fcrfnisse an.<\/span><\/li>\n<\/ul>\n<p><a href=\"https:\/\/rock-coon.com\/wp-content\/uploads\/2025\/09\/Tool-Bag-14.jpg\"><img loading=\"lazy\" decoding=\"async\" class=\"alignnone wp-image-161 size-full\" src=\"https:\/\/rock-coon.com\/wp-content\/uploads\/2025\/09\/Tool-Bag-14.jpg\" alt=\"Blue Tool Bag 13'' Wide Mouth Tool Organizer\" width=\"800\" height=\"495\" srcset=\"https:\/\/rock-coon.com\/wp-content\/uploads\/2025\/09\/Tool-Bag-14.jpg 800w, https:\/\/rock-coon.com\/wp-content\/uploads\/2025\/09\/Tool-Bag-14-480x297.jpg 480w\" sizes=\"(min-width: 0px) and (max-width: 480px) 480px, (min-width: 481px) 800px, 100vw\" \/><\/a> <a href=\"https:\/\/rock-coon.com\/wp-content\/uploads\/2025\/09\/Tool-Bag-13.jpg\"><img loading=\"lazy\" decoding=\"async\" class=\"alignnone wp-image-160 size-full\" src=\"https:\/\/rock-coon.com\/wp-content\/uploads\/2025\/09\/Tool-Bag-13.jpg\" alt=\"Blue Tool Bag 13'' Wide Mouth Tool Organizer\" width=\"800\" height=\"495\" srcset=\"https:\/\/rock-coon.com\/wp-content\/uploads\/2025\/09\/Tool-Bag-13.jpg 800w, https:\/\/rock-coon.com\/wp-content\/uploads\/2025\/09\/Tool-Bag-13-480x297.jpg 480w\" sizes=\"(min-width: 0px) and (max-width: 480px) 480px, (min-width: 481px) 800px, 100vw\" \/><\/a> <a href=\"https:\/\/rock-coon.com\/wp-content\/uploads\/2025\/09\/Tool-Bag-12.jpg\"><img loading=\"lazy\" decoding=\"async\" class=\"alignnone wp-image-159 size-full\" src=\"https:\/\/rock-coon.com\/wp-content\/uploads\/2025\/09\/Tool-Bag-12.jpg\" alt=\"Blue Tool Bag 13'' Wide Mouth Tool Organizer\" width=\"800\" height=\"495\" srcset=\"https:\/\/rock-coon.com\/wp-content\/uploads\/2025\/09\/Tool-Bag-12.jpg 800w, https:\/\/rock-coon.com\/wp-content\/uploads\/2025\/09\/Tool-Bag-12-480x297.jpg 480w\" sizes=\"(min-width: 0px) and (max-width: 480px) 480px, (min-width: 481px) 800px, 100vw\" \/><\/a> <a href=\"https:\/\/rock-coon.com\/wp-content\/uploads\/2025\/09\/Tool-Bag-11.jpg\"><img loading=\"lazy\" decoding=\"async\" class=\"alignnone wp-image-158 size-full\" src=\"https:\/\/rock-coon.com\/wp-content\/uploads\/2025\/09\/Tool-Bag-11.jpg\" alt=\"Blue Tool Bag 13'' Wide Mouth Tool Organizer\" width=\"800\" height=\"495\" srcset=\"https:\/\/rock-coon.com\/wp-content\/uploads\/2025\/09\/Tool-Bag-11.jpg 800w, https:\/\/rock-coon.com\/wp-content\/uploads\/2025\/09\/Tool-Bag-11-480x297.jpg 480w\" sizes=\"(min-width: 0px) and (max-width: 480px) 480px, (min-width: 481px) 800px, 100vw\" \/><\/a><\/p>\n<p><a href=\"https:\/\/rock-coon.com\/wp-content\/uploads\/2025\/09\/Tool-Bag-15.jpg\"><img loading=\"lazy\" decoding=\"async\" class=\"alignnone wp-image-162 size-full\" src=\"https:\/\/rock-coon.com\/wp-content\/uploads\/2025\/09\/Tool-Bag-15.jpg\" alt=\"Blue Tool Bag 13'' Wide Mouth Tool Organizer\" width=\"800\" height=\"495\" srcset=\"https:\/\/rock-coon.com\/wp-content\/uploads\/2025\/09\/Tool-Bag-15.jpg 800w, https:\/\/rock-coon.com\/wp-content\/uploads\/2025\/09\/Tool-Bag-15-480x297.jpg 480w\" sizes=\"(min-width: 0px) and (max-width: 480px) 480px, (min-width: 481px) 800px, 100vw\" \/><\/a><\/p>","protected":false},"excerpt":{"rendered":"<p><span class=\"a-list-item\">Bequemes und tragbares Design f\u00fcr einfaches Tragen: Diese 13 \u201dx9 \u201dx9,5\u201d-Werkzeugtasche wurde mit Blick auf die Praktikabilit\u00e4t entwickelt und bietet praktische Funktionen, die das Tragen erleichtern. Das ergonomische Design und die leichte Konstruktion sorgen f\u00fcr einen bequemen Transport w\u00e4hrend der Arbeit.<\/span><\/p>","protected":false},"featured_media":163,"template":"","meta":{"_et_pb_use_builder":"","_et_pb_old_content":"","_et_gb_content_width":"","_monsterinsights_skip_tracking":false,"_monsterinsights_sitenote_active":false,"_monsterinsights_sitenote_note":"","_monsterinsights_sitenote_category":0},"product_brand":[],"product_cat":[20],"product_tag":[],"class_list":{"0":"post-154","1":"product","2":"type-product","3":"status-publish","4":"has-post-thumbnail","6":"product_cat-tool-bag","8":"first","9":"instock","10":"shipping-taxable","11":"product-type-simple"},"jetpack_sharing_enabled":true,"_links":{"self":[{"href":"https:\/\/rock-coon.com\/de\/wp-json\/wp\/v2\/product\/154","targetHints":{"allow":["GET"]}}],"collection":[{"href":"https:\/\/rock-coon.com\/de\/wp-json\/wp\/v2\/product"}],"about":[{"href":"https:\/\/rock-coon.com\/de\/wp-json\/wp\/v2\/types\/product"}],"wp:featuredmedia":[{"embeddable":true,"href":"https:\/\/rock-coon.com\/de\/wp-json\/wp\/v2\/media\/163"}],"wp:attachment":[{"href":"https:\/\/rock-coon.com\/de\/wp-json\/wp\/v2\/media?parent=154"}],"wp:term":[{"taxonomy":"product_brand","embeddable":true,"href":"https:\/\/rock-coon.com\/de\/wp-json\/wp\/v2\/product_brand?post=154"},{"taxonomy":"product_cat","embeddable":true,"href":"https:\/\/rock-coon.com\/de\/wp-json\/wp\/v2\/product_cat?post=154"},{"taxonomy":"product_tag","embeddable":true,"href":"https:\/\/rock-coon.com\/de\/wp-json\/wp\/v2\/product_tag?post=154"}],"curies":[{"name":"wp","href":"https:\/\/api.w.org\/{rel}","templated":true}]}}