{"id":223,"date":"2025-09-22T14:34:47","date_gmt":"2025-09-22T14:34:47","guid":{"rendered":"https:\/\/rock-coon.com\/?post_type=product&#038;p=223"},"modified":"2025-09-22T14:34:47","modified_gmt":"2025-09-22T14:34:47","slug":"heavy-duty-crane-sandbags-saddle-bag-design","status":"publish","type":"product","link":"https:\/\/rock-coon.com\/de\/produkt\/heavy-duty-crane-sandbags-saddle-bag-design\/","title":{"rendered":"Schwerlast-Sands\u00e4cke f\u00fcr Kr\u00e4ne - Satteltaschen-Design"},"content":{"rendered":"<div><\/div>\n<div><\/div>\n<ul>\n<li>Dieser strapazierf\u00e4hige Sandsack ist aus Polyester gefertigt und verf\u00fcgt \u00fcber zwei Innenf\u00e4cher, die jeweils mit einem doppelten Rei\u00dfverschluss versehen sind. Diese Sands\u00e4cke sind f\u00fcr den Innen- und Au\u00dfenbereich geeignet.<\/li>\n<li>Das Design der Satteltasche erm\u00f6glicht eine einfache Verwendung und Tragbarkeit. Sie kann bis zu 25 Pfund Sand aufnehmen. Er wird h\u00e4ufig am Set f\u00fcr die Fotografie, zum Beschweren und Stabilisieren von Lichtstativen und anderer professioneller Medienausr\u00fcstung verwendet.<\/li>\n<li>Der Sandsack wird leer geliefert. Er kann mit Kies, Sand, Steinen oder einem anderen Material gef\u00fcllt werden, um die Fotoausr\u00fcstung zu stabilisieren.<\/li>\n<li>Es eignet sich f\u00fcr Foto- und Videostudios, Standlichter, Outdoor-Sportstative und Kranstative.<\/li>\n<\/ul>\n<p>&nbsp;<\/p>\n<h2>Schwerlast-Sands\u00e4cke f\u00fcr Kr\u00e4ne Spezifikation<\/h2>\n<table style=\"height: 170px;\" width=\"422\">\n<tbody>\n<tr>\n<td width=\"107\">PRODUKT<\/td>\n<td width=\"187\">Leerer Sattelkran-Sandsack<\/td>\n<\/tr>\n<tr>\n<td>MODELL<\/td>\n<td>AP-TB-RC-0016<\/td>\n<\/tr>\n<tr>\n<td>MATERIAL<\/td>\n<td>Oxford\/Leder\/Baumwolle<\/td>\n<\/tr>\n<tr>\n<td>GR\u00d6SSE<\/td>\n<td>6-40Zoll\/Anpassung<\/td>\n<\/tr>\n<tr>\n<td>FARBE<\/td>\n<td>Personalisierung<\/td>\n<\/tr>\n<\/tbody>\n<\/table>\n<p>&nbsp;<\/p>\n<div><a href=\"https:\/\/rock-coon.com\/wp-content\/uploads\/2025\/09\/Heavy-Duty-Crane-Sandbags-Saddle-Bag-Design-2.jpg\"><img loading=\"lazy\" decoding=\"async\" class=\"alignnone wp-image-225 size-full\" src=\"https:\/\/rock-coon.com\/wp-content\/uploads\/2025\/09\/Heavy-Duty-Crane-Sandbags-Saddle-Bag-Design-2.jpg\" alt=\"Heavy-Duty Crane Sandbags-Saddle Bag Design\" width=\"800\" height=\"500\" srcset=\"https:\/\/rock-coon.com\/wp-content\/uploads\/2025\/09\/Heavy-Duty-Crane-Sandbags-Saddle-Bag-Design-2.jpg 800w, https:\/\/rock-coon.com\/wp-content\/uploads\/2025\/09\/Heavy-Duty-Crane-Sandbags-Saddle-Bag-Design-2-480x300.jpg 480w\" sizes=\"(min-width: 0px) and (max-width: 480px) 480px, (min-width: 481px) 800px, 100vw\" \/><\/a><\/div>","protected":false},"excerpt":{"rendered":"<p>Der Heavy-Duty-Kransandsack eignet sich f\u00fcr den Einsatz in Foto- und Videostudios, Lichtstativen und Sportstativen im Freien.<\/p>","protected":false},"featured_media":224,"template":"","meta":{"_et_pb_use_builder":"","_et_pb_old_content":"","_et_gb_content_width":"","_monsterinsights_skip_tracking":false,"_monsterinsights_sitenote_active":false,"_monsterinsights_sitenote_note":"","_monsterinsights_sitenote_category":0},"product_brand":[],"product_cat":[25],"product_tag":[],"class_list":{"0":"post-223","1":"product","2":"type-product","3":"status-publish","4":"has-post-thumbnail","6":"product_cat-sand-bag","8":"first","9":"instock","10":"shipping-taxable","11":"product-type-simple"},"jetpack_sharing_enabled":true,"_links":{"self":[{"href":"https:\/\/rock-coon.com\/de\/wp-json\/wp\/v2\/product\/223","targetHints":{"allow":["GET"]}}],"collection":[{"href":"https:\/\/rock-coon.com\/de\/wp-json\/wp\/v2\/product"}],"about":[{"href":"https:\/\/rock-coon.com\/de\/wp-json\/wp\/v2\/types\/product"}],"wp:featuredmedia":[{"embeddable":true,"href":"https:\/\/rock-coon.com\/de\/wp-json\/wp\/v2\/media\/224"}],"wp:attachment":[{"href":"https:\/\/rock-coon.com\/de\/wp-json\/wp\/v2\/media?parent=223"}],"wp:term":[{"taxonomy":"product_brand","embeddable":true,"href":"https:\/\/rock-coon.com\/de\/wp-json\/wp\/v2\/product_brand?post=223"},{"taxonomy":"product_cat","embeddable":true,"href":"https:\/\/rock-coon.com\/de\/wp-json\/wp\/v2\/product_cat?post=223"},{"taxonomy":"product_tag","embeddable":true,"href":"https:\/\/rock-coon.com\/de\/wp-json\/wp\/v2\/product_tag?post=223"}],"curies":[{"name":"wp","href":"https:\/\/api.w.org\/{rel}","templated":true}]}}