{"id":281,"date":"2025-11-17T14:47:39","date_gmt":"2025-11-17T14:47:39","guid":{"rendered":"https:\/\/rock-coon.com\/?post_type=product&#038;p=281"},"modified":"2025-11-17T15:04:33","modified_gmt":"2025-11-17T15:04:33","slug":"wholesale-blue-hard-travel-case-for-portable-photo-printer","status":"publish","type":"product","link":"https:\/\/rock-coon.com\/de\/produkt\/wholesale-blue-hard-travel-case-for-portable-photo-printer\/","title":{"rendered":"Gro\u00dfhandel Blau Hard Travel Case f\u00fcr tragbare Fotodrucker"},"content":{"rendered":"<div>\n<ul>\n<li>\u3010Premium Materials\u3011 Diese Reisetasche besteht aus PU-Material und einer hochwertigen, robusten EVA-Schale, die Ihren tragbaren Kodak-Drucker effektiv sch\u00fctzt. Doppellagiger, sto\u00dfabsorbierender Schaumstoff verhindert Kratzer auf dem Mini-Bluetooth-Drucker und kleinem Zubeh\u00f6r.<\/li>\n<li>\u3010Perfect Storage\u3011 Enth\u00e4lt nur die Organizer-Tasche! (Fotodrucker und Zubeh\u00f6r nicht enthalten). Geeignet f\u00fcr kabellose Mini-Farbfotodrucker, mit integrierter Netztasche mit Rei\u00dfverschluss zur Aufbewahrung von Kodak Zink-Fotopapier und einem USB-Ladekabel.<\/li>\n<li>\u3010Einfaches und praktisches Design\u3011 Die Drucker-Organizer-Tasche verf\u00fcgt nicht nur \u00fcber eine eingebaute mittlere Trennwand, um zu verhindern, dass Zubeh\u00f6r Ihren Kodak Instax-Drucker zerkratzt, sondern auch \u00fcber elastische B\u00e4nder, um kleinere St\u00f6\u00dfe zu verhindern. Der Innenraum ist mit doppellagigem, sto\u00dfabsorbierendem Schaumstoff ausgekleidet. Der doppelte Rei\u00dfverschluss erm\u00f6glicht eine schnelle und einfache Aufbewahrung und Entnahme Ihres Kodak Step Instant Color Photo Printers.<\/li>\n<li>Perfektes Geschenk\u3011 Diese Fotodrucker-Organisator-Tasche ist leicht zu tragen und perfekt f\u00fcr zu Hause, Reisen, Outdoor-Camping, Gesch\u00e4ftsreisen und Schulgebrauch. Es ist auch ein ideales Geschenk f\u00fcr Thanksgiving, Weihnachten, Neujahr, Memorial Day, Geburtstage, Vatertag und Muttertag.<\/li>\n<\/ul>\n<\/div>\n<h2><\/h2>\n<h2>Hartschalenkoffer Spezifikation<\/h2>\n<table style=\"height: 170px;\" width=\"422\">\n<tbody>\n<tr>\n<td width=\"107\">PRODUKT<\/td>\n<td width=\"187\">Leerer Hartschalenkoffer<\/td>\n<\/tr>\n<tr>\n<td>MODELL<\/td>\n<td>AP-TB-RC-005<\/td>\n<\/tr>\n<tr>\n<td>MATERIAL<\/td>\n<td>Oxford\/Leder\/Baumwolle<\/td>\n<\/tr>\n<tr>\n<td>GR\u00d6SSE<\/td>\n<td>6-40Zoll\/Anpassung<\/td>\n<\/tr>\n<tr>\n<td>FARBE<\/td>\n<td>Personalisierung<\/td>\n<\/tr>\n<\/tbody>\n<\/table>\n<p>&nbsp;<\/p>\n<p><a href=\"https:\/\/rock-coon.com\/de\/\"><img loading=\"lazy\" decoding=\"async\" class=\"alignnone wp-image-283 size-full\" src=\"https:\/\/rock-coon.com\/wp-content\/uploads\/2025\/11\/Wholesale-Blue-Hard-Travel-Case-for-Portable-Photo-Printer-2.jpg\" alt=\"Wholesale Blue Hard Travel Case for Portable Photo Printer\" width=\"800\" height=\"500\" srcset=\"https:\/\/rock-coon.com\/wp-content\/uploads\/2025\/11\/Wholesale-Blue-Hard-Travel-Case-for-Portable-Photo-Printer-2.jpg 800w, https:\/\/rock-coon.com\/wp-content\/uploads\/2025\/11\/Wholesale-Blue-Hard-Travel-Case-for-Portable-Photo-Printer-2-480x300.jpg 480w\" sizes=\"(min-width: 0px) and (max-width: 480px) 480px, (min-width: 481px) 800px, 100vw\" \/><\/a><\/p>","protected":false},"excerpt":{"rendered":"<p>Diese robuste Reisetasche sch\u00fctzt Ihre geliebten Ger\u00e4te vor St\u00f6\u00dfen, Dellen und Kratzern. Sie besteht aus EVA-Material und sch\u00fctzt Ihren tragbaren Drucker von Kodak effektiv. Doppellagiger, sto\u00dfabsorbierender Schaumstoff verhindert Kratzer an Mini-Bluetooth-Druckern und kleinem Zubeh\u00f6r.<\/p>","protected":false},"featured_media":282,"template":"","meta":{"_et_pb_use_builder":"","_et_pb_old_content":"","_et_gb_content_width":"","_monsterinsights_skip_tracking":false,"_monsterinsights_sitenote_active":false,"_monsterinsights_sitenote_note":"","_monsterinsights_sitenote_category":0},"product_brand":[],"product_cat":[30],"product_tag":[],"class_list":{"0":"post-281","1":"product","2":"type-product","3":"status-publish","4":"has-post-thumbnail","6":"product_cat-digital-storage","8":"first","9":"instock","10":"shipping-taxable","11":"product-type-simple"},"jetpack_sharing_enabled":true,"_links":{"self":[{"href":"https:\/\/rock-coon.com\/de\/wp-json\/wp\/v2\/product\/281","targetHints":{"allow":["GET"]}}],"collection":[{"href":"https:\/\/rock-coon.com\/de\/wp-json\/wp\/v2\/product"}],"about":[{"href":"https:\/\/rock-coon.com\/de\/wp-json\/wp\/v2\/types\/product"}],"wp:featuredmedia":[{"embeddable":true,"href":"https:\/\/rock-coon.com\/de\/wp-json\/wp\/v2\/media\/282"}],"wp:attachment":[{"href":"https:\/\/rock-coon.com\/de\/wp-json\/wp\/v2\/media?parent=281"}],"wp:term":[{"taxonomy":"product_brand","embeddable":true,"href":"https:\/\/rock-coon.com\/de\/wp-json\/wp\/v2\/product_brand?post=281"},{"taxonomy":"product_cat","embeddable":true,"href":"https:\/\/rock-coon.com\/de\/wp-json\/wp\/v2\/product_cat?post=281"},{"taxonomy":"product_tag","embeddable":true,"href":"https:\/\/rock-coon.com\/de\/wp-json\/wp\/v2\/product_tag?post=281"}],"curies":[{"name":"wp","href":"https:\/\/api.w.org\/{rel}","templated":true}]}}