{"id":284,"date":"2025-11-17T15:10:00","date_gmt":"2025-11-17T15:10:00","guid":{"rendered":"https:\/\/rock-coon.com\/?post_type=product&#038;p=284"},"modified":"2025-11-17T15:13:28","modified_gmt":"2025-11-17T15:13:28","slug":"custom-portable-electrician-tool-storage-bag-tool-roll-bag","status":"publish","type":"product","link":"https:\/\/rock-coon.com\/de\/produkt\/custom-portable-electrician-tool-storage-bag-tool-roll-bag\/","title":{"rendered":"Benutzerdefinierte tragbare Elektriker Werkzeug Aufbewahrungstasche\/Werkzeugrolle Tasche"},"content":{"rendered":"<div>\n<ul>\n<li>\n<div>Durchdachte Details: Die Beschl\u00e4ge sind von guter Qualit\u00e4t, die Rei\u00dfverschl\u00fcsse laufen leichtg\u00e4ngig und sind strapazierf\u00e4hig, einige Rei\u00dfverschlussz\u00fcge sind vergr\u00f6\u00dfert, damit sie auch mit Handschuhen leicht zu bedienen sind. Einige sind au\u00dferdem mit reflektierenden Markierungen versehen, damit sie bei Nachtarbeiten leicht zu erkennen sind. Einige Rolltaschen sind faltbar, sodass sie zusammengeklappt kompakt sind und aufgeklappt gut sichtbar sind.<\/div>\n<div><\/div>\n<\/li>\n<li>\n<div>Vielseitigkeit: Geeignet f\u00fcr den Transport verschiedener Schraubendreher, Schraubenschl\u00fcssel, Fahrrad- oder Motorradwerkzeuge, Reparaturwerkzeugtaschen, Elektrowerkzeuge, Werkzeugtaschen f\u00fcr Autos oder Anh\u00e4nger sowie Gartenger\u00e4te, Grillzubeh\u00f6r, Malwerkzeuge usw. Es dient als unverzichtbare Notfall-Werkzeugtasche f\u00fcr zu Hause, beim Camping oder auf Yachtfahrten.<\/div>\n<\/li>\n<li>\n<div>Oxford-Stoff: Diese Werkzeugtasche besteht aus doppellagigem Oxford-Stoff, der eine hervorragende Haltbarkeit, hohe Rei\u00dffestigkeit und eine weiche Haptik gew\u00e4hrleistet. Sie ist f\u00fcr raue Arbeitsumgebungen ausgelegt und sch\u00fctzt und organisiert Ihre Werkzeuge effektiv.<\/div>\n<\/li>\n<li>\n<div>Unverzichtbare Wahl: Diese Werkzeugtasche ist eine unverzichtbare Wahl f\u00fcr Mechaniker, Konstrukteure, Klempner, Elektriker, Tischler und Heimwerker. Sie bietet eine praktische und effiziente L\u00f6sung f\u00fcr die Organisation und Aufbewahrung von Werkzeugen und erf\u00fcllt die vielf\u00e4ltigen Anforderungen von Profis und Hobbyhandwerkern.<\/div>\n<\/li>\n<li>\n<div>Mehrere Trageoptionen: Mit zwei D-Ring-Haken an der Oberseite kann die Werkzeugtasche an einer Wand oder hinter einem Autositz aufgeh\u00e4ngt werden. Sie kann auch zu einer tragbaren Werkzeugtasche aufgerollt oder als Umh\u00e4ngetasche \u00fcber die Schulter geh\u00e4ngt werden, um sie bequem zu transportieren.<\/div>\n<\/li>\n<li>\n<div>Tragbare Werkzeugkiste \u2013 Gro\u00dfz\u00fcgiges Fassungsverm\u00f6gen: Diese rollbare Werkzeugtasche verf\u00fcgt \u00fcber drei abnehmbare Taschen und drei F\u00e4cher. In den tieferen und breiteren F\u00e4chern k\u00f6nnen Sie Ihre Werkzeuge effektiv verstauen und ordnen. Au\u00dferdem enth\u00e4lt sie zwei abnehmbare kleine Werkzeugtaschen zum Aufbewahren und Ordnen von Kleinwerkzeugen wie Schrauben, N\u00e4geln und Bohrern.<\/div>\n<\/li>\n<\/ul>\n<\/div>\n<h2><\/h2>\n<h2>Werkzeugtasche \u2013 Spezifikation<\/h2>\n<table style=\"height: 170px;\" width=\"422\">\n<tbody>\n<tr>\n<td width=\"107\">PRODUKT<\/td>\n<td width=\"187\">Gro\u00dfhandel Werkzeugtasche<\/td>\n<\/tr>\n<tr>\n<td>MODELL<\/td>\n<td>AP-TB-RC-006<\/td>\n<\/tr>\n<tr>\n<td>MATERIAL<\/td>\n<td>Oxford\/Leder\/Baumwolle<\/td>\n<\/tr>\n<tr>\n<td>GR\u00d6SSE<\/td>\n<td>6-40Zoll\/Anpassung<\/td>\n<\/tr>\n<tr>\n<td>FARBE<\/td>\n<td>Personalisierung<\/td>\n<\/tr>\n<\/tbody>\n<\/table>\n<p><a href=\"https:\/\/rock-coon.com\/de\/\"><img loading=\"lazy\" decoding=\"async\" class=\"alignnone wp-image-286 size-full\" src=\"https:\/\/rock-coon.com\/wp-content\/uploads\/2025\/11\/Custom-Portable-Electrician-Tool-Storage-BagTool-Roll-Bag-2.jpg\" alt=\"Custom Portable Electrician Tool Storage Bag Tool Roll Bag\" width=\"800\" height=\"500\" srcset=\"https:\/\/rock-coon.com\/wp-content\/uploads\/2025\/11\/Custom-Portable-Electrician-Tool-Storage-BagTool-Roll-Bag-2.jpg 800w, https:\/\/rock-coon.com\/wp-content\/uploads\/2025\/11\/Custom-Portable-Electrician-Tool-Storage-BagTool-Roll-Bag-2-480x300.jpg 480w\" sizes=\"(min-width: 0px) and (max-width: 480px) 480px, (min-width: 481px) 800px, 100vw\" \/><\/a><\/p>","protected":false},"excerpt":{"rendered":"<div>Diese tragbaren Aufbewahrungstaschen f\u00fcr Elektrikerwerkzeuge bestehen aus robusten Materialien wie Oxford-Stoff, Canvas oder hochdichtem Gewebe. Sie sind verschlei\u00dffest und rei\u00dffest und halten Kratzern und St\u00f6\u00dfen im Arbeitsalltag stand. Einige Modelle sind zudem wasserdicht und sch\u00fctzen die Werkzeuge vor Feuchtigkeit in feuchten Umgebungen. Modelle aus Oxford-Stoff sind beispielsweise strapazierf\u00e4hig und bleiben unter verschiedenen Arbeitsbedingungen in gutem Zustand.<\/div>","protected":false},"featured_media":285,"template":"","meta":{"_et_pb_use_builder":"","_et_pb_old_content":"","_et_gb_content_width":"","_monsterinsights_skip_tracking":false,"_monsterinsights_sitenote_active":false,"_monsterinsights_sitenote_note":"","_monsterinsights_sitenote_category":0},"product_brand":[],"product_cat":[20],"product_tag":[],"class_list":{"0":"post-284","1":"product","2":"type-product","3":"status-publish","4":"has-post-thumbnail","6":"product_cat-tool-bag","8":"first","9":"instock","10":"shipping-taxable","11":"product-type-simple"},"jetpack_sharing_enabled":true,"_links":{"self":[{"href":"https:\/\/rock-coon.com\/de\/wp-json\/wp\/v2\/product\/284","targetHints":{"allow":["GET"]}}],"collection":[{"href":"https:\/\/rock-coon.com\/de\/wp-json\/wp\/v2\/product"}],"about":[{"href":"https:\/\/rock-coon.com\/de\/wp-json\/wp\/v2\/types\/product"}],"wp:featuredmedia":[{"embeddable":true,"href":"https:\/\/rock-coon.com\/de\/wp-json\/wp\/v2\/media\/285"}],"wp:attachment":[{"href":"https:\/\/rock-coon.com\/de\/wp-json\/wp\/v2\/media?parent=284"}],"wp:term":[{"taxonomy":"product_brand","embeddable":true,"href":"https:\/\/rock-coon.com\/de\/wp-json\/wp\/v2\/product_brand?post=284"},{"taxonomy":"product_cat","embeddable":true,"href":"https:\/\/rock-coon.com\/de\/wp-json\/wp\/v2\/product_cat?post=284"},{"taxonomy":"product_tag","embeddable":true,"href":"https:\/\/rock-coon.com\/de\/wp-json\/wp\/v2\/product_tag?post=284"}],"curies":[{"name":"wp","href":"https:\/\/api.w.org\/{rel}","templated":true}]}}