{"id":341,"date":"2025-11-30T06:26:38","date_gmt":"2025-11-30T06:26:38","guid":{"rendered":"https:\/\/rock-coon.com\/?post_type=product&#038;p=341"},"modified":"2025-11-30T06:35:17","modified_gmt":"2025-11-30T06:35:17","slug":"wholesale-bike-saddle-bag-riding-pouch-with-reflective-stripe","status":"publish","type":"product","link":"https:\/\/rock-coon.com\/de\/produkt\/wholesale-bike-saddle-bag-riding-pouch-with-reflective-stripe\/","title":{"rendered":"Gro\u00dfhandel Fahrradsatteltasche Reisetasche mit reflektierendem Streifen"},"content":{"rendered":"<div>\n<p>Rockcoon wasserdichte Fahrradsatteltasche mit Keilf\u00e4chern, geeignet f\u00fcr Mountainbike, Citybike und Rennrad. Sie bietet Platz f\u00fcr Fahrradwerkzeug und verf\u00fcgt \u00fcber reflektierende Streifen.<\/p>\n<ul>\n<li>\n<div>Keilf\u00f6rmige Fahrradtasche, speziell f\u00fcr Mountainbikes und Rennr\u00e4der entwickelt.<\/div>\n<div><\/div>\n<\/li>\n<li>\n<div>Gro\u00dfe Tasche, bietet Platz f\u00fcr Geldb\u00f6rse, Handy, Handtuch, kleine Werkzeuge usw.<\/div>\n<div><\/div>\n<\/li>\n<li>\n<div>Ausgestattet mit Klettverschl\u00fcssen und Montagewerkzeugen f\u00fcr eine einfache Installation und Demontage.<\/div>\n<div><\/div>\n<\/li>\n<li>\n<div>Rei\u00dfverschluss und praktisches \u00d6ffnungsdesign f\u00fcr einfachen Zugriff auf Gegenst\u00e4nde und um zu verhindern, dass der Inhalt herausf\u00e4llt.<\/div>\n<div><\/div>\n<\/li>\n<li>\n<div>Aus hochwertigem Polyester und PU-Leder gefertigt, leicht zu reinigen und strapazierf\u00e4hig. Interne Netztaschen erweitern den Stauraum.<\/div>\n<div><\/div>\n<\/li>\n<li>Reflektierende Streifen erh\u00f6hen die Sicherheit beim Fahren in der Nacht und umfassen einen R\u00fccklichtclip (R\u00fccklicht nicht im Lieferumfang enthalten).<\/li>\n<\/ul>\n<\/div>\n<h2><\/h2>\n<h2>Spezifikation der Fahrradsatteltasche<\/h2>\n<table style=\"height: 170px;\" width=\"422\">\n<tbody>\n<tr>\n<td width=\"107\">PRODUKT<\/td>\n<td width=\"187\">Gro\u00dfhandel Fahrradsatteltasche<\/td>\n<\/tr>\n<tr>\n<td>MODELL<\/td>\n<td>AP-TB-RC-007<\/td>\n<\/tr>\n<tr>\n<td>MATERIAL<\/td>\n<td>Oxford\/Leder\/Baumwolle<\/td>\n<\/tr>\n<tr>\n<td>GR\u00d6SSE<\/td>\n<td>6-46 Zoll\/Anpassung<\/td>\n<\/tr>\n<tr>\n<td>FARBE<\/td>\n<td>Personalisierung<\/td>\n<\/tr>\n<\/tbody>\n<\/table>\n<p><a href=\"https:\/\/rock-coon.com\/de\/\"><img loading=\"lazy\" decoding=\"async\" class=\"alignnone wp-image-342 size-full\" src=\"https:\/\/rock-coon.com\/wp-content\/uploads\/2025\/11\/Wholesale-Bike-Saddle-Bag-Riding-Pouch-with-Reflective-Stripe-1.jpg\" alt=\"Wholesale Bike Saddle Bag Riding Pouch with Reflective Stripe\" width=\"800\" height=\"500\" srcset=\"https:\/\/rock-coon.com\/wp-content\/uploads\/2025\/11\/Wholesale-Bike-Saddle-Bag-Riding-Pouch-with-Reflective-Stripe-1.jpg 800w, https:\/\/rock-coon.com\/wp-content\/uploads\/2025\/11\/Wholesale-Bike-Saddle-Bag-Riding-Pouch-with-Reflective-Stripe-1-480x300.jpg 480w\" sizes=\"(min-width: 0px) and (max-width: 480px) 480px, (min-width: 481px) 800px, 100vw\" \/><\/a><\/p>","protected":false},"excerpt":{"rendered":"<p>Diese Fahrrad-Satteltasche eignet sich f\u00fcr Mountainbiking und Pendelfahrten.<\/p>","protected":false},"featured_media":340,"template":"","meta":{"_et_pb_use_builder":"","_et_pb_old_content":"","_et_gb_content_width":"","_monsterinsights_skip_tracking":false,"_monsterinsights_sitenote_active":false,"_monsterinsights_sitenote_note":"","_monsterinsights_sitenote_category":0},"product_brand":[],"product_cat":[31],"product_tag":[],"class_list":{"0":"post-341","1":"product","2":"type-product","3":"status-publish","4":"has-post-thumbnail","6":"product_cat-sport-bag","8":"first","9":"instock","10":"shipping-taxable","11":"product-type-simple"},"jetpack_sharing_enabled":true,"_links":{"self":[{"href":"https:\/\/rock-coon.com\/de\/wp-json\/wp\/v2\/product\/341","targetHints":{"allow":["GET"]}}],"collection":[{"href":"https:\/\/rock-coon.com\/de\/wp-json\/wp\/v2\/product"}],"about":[{"href":"https:\/\/rock-coon.com\/de\/wp-json\/wp\/v2\/types\/product"}],"wp:featuredmedia":[{"embeddable":true,"href":"https:\/\/rock-coon.com\/de\/wp-json\/wp\/v2\/media\/340"}],"wp:attachment":[{"href":"https:\/\/rock-coon.com\/de\/wp-json\/wp\/v2\/media?parent=341"}],"wp:term":[{"taxonomy":"product_brand","embeddable":true,"href":"https:\/\/rock-coon.com\/de\/wp-json\/wp\/v2\/product_brand?post=341"},{"taxonomy":"product_cat","embeddable":true,"href":"https:\/\/rock-coon.com\/de\/wp-json\/wp\/v2\/product_cat?post=341"},{"taxonomy":"product_tag","embeddable":true,"href":"https:\/\/rock-coon.com\/de\/wp-json\/wp\/v2\/product_tag?post=341"}],"curies":[{"name":"wp","href":"https:\/\/api.w.org\/{rel}","templated":true}]}}