{"id":343,"date":"2025-11-30T06:53:54","date_gmt":"2025-11-30T06:53:54","guid":{"rendered":"https:\/\/rock-coon.com\/?post_type=product&#038;p=343"},"modified":"2025-11-30T07:14:46","modified_gmt":"2025-11-30T07:14:46","slug":"supply-oxford-waterproof-crossbody-shoulder-bag","status":"publish","type":"product","link":"https:\/\/rock-coon.com\/de\/produkt\/supply-oxford-waterproof-crossbody-shoulder-bag\/","title":{"rendered":"Lieferung Oxford Wasserdichte Umh\u00e4ngetasche"},"content":{"rendered":"<div>\n<p>Diese Umh\u00e4ngetasche zeichnet sich durch ein schlichtes, praktisches und stilvolles Design aus, das sowohl f\u00fcr M\u00e4nner als auch f\u00fcr Frauen geeignet ist. Sie kann als Schultertasche, Reisetasche, l\u00e4ssige Alltagstasche oder Tasche f\u00fcr Outdoor-Aktivit\u00e4ten verwendet werden. Rockcoon bietet einen individuellen Gro\u00dfhandelsservice, bei dem Sie Farben, Materialien und Mengen ganz nach Ihren Bed\u00fcrfnissen anpassen k\u00f6nnen.<\/p>\n<div>\n<ul>\n<li>\n<div>Wasserdichtes Material: Diese Umh\u00e4ngetasche besteht aus Oxford-Stoff, der wasserdicht ist und Ihre Habseligkeiten vor Regenspritzern sch\u00fctzt.<\/div>\n<\/li>\n<li>\n<div>Leicht und tragbar: Diese kompakte und leichte Tasche ist ideal, wenn Sie keine sperrige Tasche mitnehmen m\u00f6chten, aber dennoch Ihre wichtigsten Utensilien dabei haben m\u00fcssen.<\/div>\n<\/li>\n<li>\n<div>Vielseitig: Diese Umh\u00e4ngetasche zeichnet sich durch ein schlichtes, praktisches und stilvolles Design aus, das sowohl f\u00fcr M\u00e4nner als auch f\u00fcr Frauen geeignet ist. Sie kann als Schultertasche, Reisetasche, l\u00e4ssige Alltagstasche oder Tasche f\u00fcr Outdoor-Aktivit\u00e4ten verwendet werden. Perfekt f\u00fcr die Arbeit, den Alltag, die Schule, Reisen, Radfahren, Wandern, Camping und andere Outdoor-Aktivit\u00e4ten. Sie eignet sich auch hervorragend als Geschenk f\u00fcr Freunde oder Verwandte zu Geburtstagen, Weihnachten und Thanksgiving.<\/div>\n<\/li>\n<li>\n<div>Gro\u00dfes Fassungsverm\u00f6gen: Diese Umh\u00e4ngetasche verf\u00fcgt \u00fcber vier F\u00e4cher. Das Hauptfach hat eine Innentasche mit Rei\u00dfverschluss. Im hinteren Fach k\u00f6nnen Reisep\u00e4sse, Tickets usw. sicher verstaut werden. Das Hauptfach bietet Platz f\u00fcr Geldb\u00f6rsen, Schl\u00fcssel, Mobiltelefone, Kopfh\u00f6rer, Powerbanks und Brillen. Im vorderen Fach k\u00f6nnen Schl\u00fcssel, Kaugummi und Kleingeld untergebracht werden. Diese Umh\u00e4ngetasche bietet reichlich Platz f\u00fcr alle wichtigen Dinge des t\u00e4glichen Lebens oder f\u00fcr Reisen.<\/div>\n<\/li>\n<li>\n<div>Verstellbarer Schultergurt: Diese Umh\u00e4ngetasche verf\u00fcgt \u00fcber einen verstellbaren Schultergurt, sodass Sie die L\u00e4nge des Gurtes an Ihre K\u00f6rpergr\u00f6\u00dfe und Ihre Gewohnheiten anpassen k\u00f6nnen. Der robuste, verstellbare Gurt kann als Umh\u00e4ngetasche oder als Crossbody-Tasche verwendet werden.<\/div>\n<\/li>\n<\/ul>\n<p>&nbsp;<\/p>\n<\/div>\n<\/div>\n<h2>Spezifikation der Umh\u00e4ngetasche<\/h2>\n<table style=\"height: 185px;\" width=\"663\">\n<tbody>\n<tr>\n<td style=\"width: 237.566px;\">PRODUKT<\/td>\n<td style=\"width: 412.358px;\">Gro\u00dfhandel Lieferung Multi-Taschen-Aufbewahrung Oxford wasserdichte Umh\u00e4ngetasche<\/td>\n<\/tr>\n<tr>\n<td style=\"width: 237.566px;\">MODELL<\/td>\n<td style=\"width: 412.358px;\">AP-TB-RC-009<\/td>\n<\/tr>\n<tr>\n<td style=\"width: 237.566px;\">MATERIAL<\/td>\n<td style=\"width: 412.358px;\">Oxford\/Leder\/Baumwolle<\/td>\n<\/tr>\n<tr>\n<td style=\"width: 237.566px;\">GR\u00d6SSE<\/td>\n<td style=\"width: 412.358px;\">6-46 Zoll\/Anpassung<\/td>\n<\/tr>\n<tr>\n<td style=\"width: 237.566px;\">FARBE<\/td>\n<td style=\"width: 412.358px;\">Personalisierung<\/td>\n<\/tr>\n<\/tbody>\n<\/table>\n<p><a href=\"https:\/\/rock-coon.com\/de\/\"><img loading=\"lazy\" decoding=\"async\" class=\"alignnone wp-image-345 size-full\" src=\"https:\/\/rock-coon.com\/wp-content\/uploads\/2025\/11\/Supply-Multi-pocket-Storage-Oxford-Waterproof-Crossbody-Bag-1.jpg\" alt=\"Wholesale Supply Multi-pocket Storage Oxford Waterproof Crossbody Shoulder Bag\" width=\"800\" height=\"500\" srcset=\"https:\/\/rock-coon.com\/wp-content\/uploads\/2025\/11\/Supply-Multi-pocket-Storage-Oxford-Waterproof-Crossbody-Bag-1.jpg 800w, https:\/\/rock-coon.com\/wp-content\/uploads\/2025\/11\/Supply-Multi-pocket-Storage-Oxford-Waterproof-Crossbody-Bag-1-480x300.jpg 480w\" sizes=\"(min-width: 0px) and (max-width: 480px) 480px, (min-width: 481px) 800px, 100vw\" \/><\/a><\/p>","protected":false},"excerpt":{"rendered":"<p>Diese wasserdichte Unisex-Umh\u00e4ngetasche verf\u00fcgt \u00fcber einen Rei\u00dfverschluss und einen verstellbaren Schultergurt. Sie ist kompakt und leicht und eignet sich f\u00fcr Outdoor-Aktivit\u00e4ten, Arbeit, Eink\u00e4ufe, Gesch\u00e4ftsreisen und den t\u00e4glichen Gebrauch.<\/p>","protected":false},"featured_media":344,"template":"","meta":{"_et_pb_use_builder":"","_et_pb_old_content":"","_et_gb_content_width":"","_monsterinsights_skip_tracking":false,"_monsterinsights_sitenote_active":false,"_monsterinsights_sitenote_note":"","_monsterinsights_sitenote_category":0},"product_brand":[],"product_cat":[32],"product_tag":[],"class_list":{"0":"post-343","1":"product","2":"type-product","3":"status-publish","4":"has-post-thumbnail","6":"product_cat-shoulder-bag","8":"first","9":"instock","10":"shipping-taxable","11":"product-type-simple"},"jetpack_sharing_enabled":true,"_links":{"self":[{"href":"https:\/\/rock-coon.com\/de\/wp-json\/wp\/v2\/product\/343","targetHints":{"allow":["GET"]}}],"collection":[{"href":"https:\/\/rock-coon.com\/de\/wp-json\/wp\/v2\/product"}],"about":[{"href":"https:\/\/rock-coon.com\/de\/wp-json\/wp\/v2\/types\/product"}],"wp:featuredmedia":[{"embeddable":true,"href":"https:\/\/rock-coon.com\/de\/wp-json\/wp\/v2\/media\/344"}],"wp:attachment":[{"href":"https:\/\/rock-coon.com\/de\/wp-json\/wp\/v2\/media?parent=343"}],"wp:term":[{"taxonomy":"product_brand","embeddable":true,"href":"https:\/\/rock-coon.com\/de\/wp-json\/wp\/v2\/product_brand?post=343"},{"taxonomy":"product_cat","embeddable":true,"href":"https:\/\/rock-coon.com\/de\/wp-json\/wp\/v2\/product_cat?post=343"},{"taxonomy":"product_tag","embeddable":true,"href":"https:\/\/rock-coon.com\/de\/wp-json\/wp\/v2\/product_tag?post=343"}],"curies":[{"name":"wp","href":"https:\/\/api.w.org\/{rel}","templated":true}]}}