{"id":346,"date":"2025-11-30T07:52:23","date_gmt":"2025-11-30T07:52:23","guid":{"rendered":"https:\/\/rock-coon.com\/?post_type=product&#038;p=346"},"modified":"2025-11-30T08:07:24","modified_gmt":"2025-11-30T08:07:24","slug":"supply-portable-lunch-bag-thermal-cooler-tote-bag","status":"publish","type":"product","link":"https:\/\/rock-coon.com\/de\/produkt\/supply-portable-lunch-bag-thermal-cooler-tote-bag\/","title":{"rendered":"Lieferung Tragbare Lunch-Tasche Thermok\u00fchltasche Tragetasche"},"content":{"rendered":"<div><\/div>\n<div>Tragbare Lunch-Taschen verbinden Komfort und Stil. Diese Taschen eignen sich perfekt f\u00fcr die Arbeit, das Studium oder Outdoor-Abenteuer und verf\u00fcgen \u00fcber isolierte F\u00e4cher, um Ihre Mahlzeiten frisch und auf der idealen Temperatur zu halten. Sie sind in verschiedenen Gr\u00f6\u00dfen und Ausf\u00fchrungen erh\u00e4ltlich, sodass Sie ganz einfach die perfekte Lunch-Tasche f\u00fcr Ihre Bed\u00fcrfnisse finden k\u00f6nnen. Die tragbaren Lunch-Taschen von Rockcoon sind leicht und einfach zu transportieren, sodass die Zubereitung von Mahlzeiten zum Kinderspiel wird, alles gut organisiert bleibt und Sie Ihre Mahlzeiten jederzeit und \u00fcberall genie\u00dfen k\u00f6nnen. Rockcoon bietet ma\u00dfgeschneiderte Gro\u00dfhandelsdienstleistungen an, bei denen Sie Farben, Materialien und Mengen an Ihre Bed\u00fcrfnisse anpassen k\u00f6nnen.<\/div>\n<div><\/div>\n<div><\/div>\n<ul>\n<li>Isoliert: Eingebaute K\u00fchlakkus halten Ihre Lebensmittel frisch und k\u00fchl, sodass Sie Ihre Mahlzeiten jederzeit und \u00fcberall genie\u00dfen k\u00f6nnen. Die \u00e4u\u00dfere Schicht besteht aus Oxford-Stoff, die innere Schicht aus umweltfreundlicher Aluminiumfolie. Unsere wiederverwendbaren Lunchboxen halten Lebensmittel bis zu 5 Stunden lang k\u00fchl und eignen sich daher ideal f\u00fcr Picknicks im Freien, Eink\u00e4ufe, Familienessen und Roadtrips!<\/li>\n<li>Gro\u00dfes Fassungsverm\u00f6gen: Mit einer Gr\u00f6\u00dfe von 25 x 15 x 18 cm bietet diese Lunchbox Platz f\u00fcr etwa 9 Getr\u00e4nkedosen. Das Hauptfach bietet reichlich Stauraum f\u00fcr Mittagessen, Getr\u00e4nke, Snacks, Sandwiches, Obst, Gem\u00fcse, Servietten und Besteck. Durch die breite \u00d6ffnung lassen sich Lebensmittel und Utensilien leicht entnehmen.<\/li>\n<li>Auslaufsicher und wasserdicht: Das verdickte, weiche Futter verhindert wirksam das Auslaufen und ist leicht zu reinigen. Wenn So\u00dfe im Inneren versch\u00fcttet wird, wischen Sie sie einfach mit einem feuchten Tuch oder Papiertuch ab. Das hochwertige, wasserdichte Verbundgewebe ist schmutzabweisend und strapazierf\u00e4hig und sch\u00fctzt Ihr Mittagessen und den Inhalt vor gelegentlichen Spritzern oder leichtem Regen.<\/li>\n<li>Multifunktional: Mit ihrem schlanken Design und ihrem geringen Gewicht eignet sich diese Lunch-Tasche perfekt zum Transport von Lebensmitteln zur Arbeit oder zur Schule und kann auch als K\u00fchltasche f\u00fcr Picknicks, Strandausfl\u00fcge, Camping und Reisen verwendet werden.<\/li>\n<\/ul>\n<p>&nbsp;<\/p>\n<h2>Spezifikation der tragbaren Lunch-Tasche<\/h2>\n<table style=\"height: 185px;\" width=\"663\">\n<tbody>\n<tr>\n<td style=\"width: 237.566px;\">PRODUKT<\/td>\n<td style=\"width: 412.358px;\">Gro\u00dfhandel Tragbare Lunch-Tasche Thermok\u00fchltasche Tragetasche<\/td>\n<\/tr>\n<tr>\n<td style=\"width: 237.566px;\">MODELL<\/td>\n<td style=\"width: 412.358px;\">AP-TB-RC-010<\/td>\n<\/tr>\n<tr>\n<td style=\"width: 237.566px;\">MATERIAL<\/td>\n<td style=\"width: 412.358px;\">Oxford\/Leder\/Baumwolle, Sonderanfertigung<\/td>\n<\/tr>\n<tr>\n<td style=\"width: 237.566px;\">GR\u00d6SSE<\/td>\n<td style=\"width: 412.358px;\">Personalisierung<\/td>\n<\/tr>\n<tr>\n<td style=\"width: 237.566px;\">FARBE<\/td>\n<td style=\"width: 412.358px;\">Personalisierung<\/td>\n<\/tr>\n<\/tbody>\n<\/table>\n<p><a href=\"https:\/\/rock-coon.com\/de\/\"><img loading=\"lazy\" decoding=\"async\" class=\"alignnone wp-image-347 size-full\" src=\"https:\/\/rock-coon.com\/wp-content\/uploads\/2025\/11\/Supply-Portable-Lunch-Bag-Thermal-Cooler-Tote-Bag.jpg\" alt=\"Supply Portable Lunch Bag Thermal Cooler Tote Bag\" width=\"1000\" height=\"1000\" srcset=\"https:\/\/rock-coon.com\/wp-content\/uploads\/2025\/11\/Supply-Portable-Lunch-Bag-Thermal-Cooler-Tote-Bag.jpg 1000w, https:\/\/rock-coon.com\/wp-content\/uploads\/2025\/11\/Supply-Portable-Lunch-Bag-Thermal-Cooler-Tote-Bag-980x980.jpg 980w, https:\/\/rock-coon.com\/wp-content\/uploads\/2025\/11\/Supply-Portable-Lunch-Bag-Thermal-Cooler-Tote-Bag-480x480.jpg 480w\" sizes=\"(min-width: 0px) and (max-width: 480px) 480px, (min-width: 481px) and (max-width: 980px) 980px, (min-width: 981px) 1000px, 100vw\" \/><\/a><\/p>","protected":false},"excerpt":{"rendered":"<ul>\n<li>Auslaufsichere Thermok\u00fchltasche f\u00fcr das Mittagessen<\/li>\n<li>Tragbare Tragetasche<\/li>\n<li>Wiederverwendbare Lunch-Tasche<\/li>\n<li>Thermische K\u00fchltasche<\/li>\n<li>Geeignet f\u00fcr Outdoor-Reisen, Picknick, Schule, B\u00fcro<\/li>\n<li>Bieten Sie ma\u00dfgeschneiderte Gro\u00dfhandelsdienstleistungen an<\/li>\n<\/ul>","protected":false},"featured_media":347,"template":"","meta":{"_et_pb_use_builder":"","_et_pb_old_content":"","_et_gb_content_width":"","_monsterinsights_skip_tracking":false,"_monsterinsights_sitenote_active":false,"_monsterinsights_sitenote_note":"","_monsterinsights_sitenote_category":0},"product_brand":[],"product_cat":[19],"product_tag":[],"class_list":{"0":"post-346","1":"product","2":"type-product","3":"status-publish","4":"has-post-thumbnail","6":"product_cat-home-storage","8":"first","9":"instock","10":"shipping-taxable","11":"product-type-simple"},"jetpack_sharing_enabled":true,"_links":{"self":[{"href":"https:\/\/rock-coon.com\/de\/wp-json\/wp\/v2\/product\/346","targetHints":{"allow":["GET"]}}],"collection":[{"href":"https:\/\/rock-coon.com\/de\/wp-json\/wp\/v2\/product"}],"about":[{"href":"https:\/\/rock-coon.com\/de\/wp-json\/wp\/v2\/types\/product"}],"wp:featuredmedia":[{"embeddable":true,"href":"https:\/\/rock-coon.com\/de\/wp-json\/wp\/v2\/media\/347"}],"wp:attachment":[{"href":"https:\/\/rock-coon.com\/de\/wp-json\/wp\/v2\/media?parent=346"}],"wp:term":[{"taxonomy":"product_brand","embeddable":true,"href":"https:\/\/rock-coon.com\/de\/wp-json\/wp\/v2\/product_brand?post=346"},{"taxonomy":"product_cat","embeddable":true,"href":"https:\/\/rock-coon.com\/de\/wp-json\/wp\/v2\/product_cat?post=346"},{"taxonomy":"product_tag","embeddable":true,"href":"https:\/\/rock-coon.com\/de\/wp-json\/wp\/v2\/product_tag?post=346"}],"curies":[{"name":"wp","href":"https:\/\/api.w.org\/{rel}","templated":true}]}}