{"id":348,"date":"2025-11-30T08:11:44","date_gmt":"2025-11-30T08:11:44","guid":{"rendered":"https:\/\/rock-coon.com\/?post_type=product&#038;p=348"},"modified":"2025-11-30T08:30:54","modified_gmt":"2025-11-30T08:30:54","slug":"supply-sports-running-bag-fitness-wrist-mobile-arm-bag","status":"publish","type":"product","link":"https:\/\/rock-coon.com\/de\/produkt\/supply-sports-running-bag-fitness-wrist-mobile-arm-bag\/","title":{"rendered":"Sporttasche f\u00fcr den Laufsport, Fitness-Handgelenk-Armtasche f\u00fcr Mobilger\u00e4te"},"content":{"rendered":"<p>Mit dieser mobilen Armbinde f\u00fcr den Laufsport k\u00f6nnen Sie Ihr Smartphone, Ihre Kopfh\u00f6rer, Autoschl\u00fcssel, Karten und andere kleine Gegenst\u00e4nde einfach verstauen und ordnen. So haben Sie w\u00e4hrend des Trainings schnellen und einfachen Zugriff auf alle wichtigen Dinge. Einzelne Rei\u00dfverschlusstaschen bieten einfachen Zugriff und verhindern, dass Ihr Telefon herunterf\u00e4llt oder besch\u00e4digt wird, sodass Sie Ihr Training unbeschwert genie\u00dfen k\u00f6nnen. Ideal f\u00fcr Indoor- und Outdoor-Aktivit\u00e4ten, perfekt zum Laufen oder f\u00fcr andere Sportarten. Rockcoon bietet ma\u00dfgeschneiderte Gro\u00dfhandelsdienstleistungen, mit denen Sie Farben, Materialien und Mengen an Ihre Bed\u00fcrfnisse anpassen k\u00f6nnen.<\/p>\n<div><\/div>\n<div><\/div>\n<ul>\n<li>\n<div>Hochwertige Materialien: Dieses wasserdichte Armband f\u00fcr Smartphones besteht aus verbessertem, hautfreundlichem, wasserdichtem und schwei\u00dfresistentem Oxford-Stoff und atmungsaktivem Netzgewebe. Es ist waschbar und bietet ein weiches, geruchsneutrales und leichtes Tragegef\u00fchl. Dank seines Designs l\u00e4sst es sich biegen, drehen und falten, ohne sich zu verformen.<\/div>\n<\/li>\n<li>\n<div>Universelles Telefonarmband: Gro\u00df genug f\u00fcr Smartphones mit Bildschirmen und Schutzh\u00fcllen sowie f\u00fcr AirPods, MP3-Player usw.<\/div>\n<\/li>\n<li>\n<div>Geeignet f\u00fcr verschiedene Armgr\u00f6\u00dfen, rutschfest: Dieses universelle Armband kann am Arm, Handgelenk, Bein oder Kn\u00f6chel verwendet werden. Das verstellbare Klettarmband ist in zwei Gr\u00f6\u00dfen erh\u00e4ltlich und sch\u00fctzt und stabilisiert Ihre Ger\u00e4te bei Aktivit\u00e4ten im Innen- und Au\u00dfenbereich, indem es ein Verrutschen oder Verhaken verhindert.<\/div>\n<\/li>\n<li>\n<div>Multifunktional und sicher: Mit doppellagigem Design, das reichlich und sicheren Stauraum f\u00fcr Ihr Smartphone, Schl\u00fcssel (einschlie\u00dflich Haus-\/Autoschl\u00fcssel), Kreditkarten, Bargeld, Kopfh\u00f6rer, iPod, MP3-Player, Reisepass, Datenkabel, Taschent\u00fccher und anderes Zubeh\u00f6r bietet.<\/div>\n<\/li>\n<li>\n<div>Geeignet f\u00fcr alle Arten von Aktivit\u00e4ten und mit Garantie: Perfekt f\u00fcr eine Vielzahl von Aktivit\u00e4ten wie Freizeitaktivit\u00e4ten, Spazierengehen, Laufen, Radfahren, Wandern, Angeln, Kanufahren, Cross-Training, Bergsteigen, Camping, Reisen, Sport, Extremsportarten, Fitness, Yoga und hochintensives Training.<\/div>\n<\/li>\n<\/ul>\n<p>&nbsp;<\/p>\n<h2>Laufende Spezifikation f\u00fcr mobile Armtaschen<\/h2>\n<table style=\"height: 185px;\" width=\"663\">\n<tbody>\n<tr>\n<td style=\"width: 237.566px;\">PRODUKT<\/td>\n<td style=\"width: 412.358px;\">Gro\u00dfhandel Fitness Handgelenk Mobile Armtasche Laufsporttasche<\/td>\n<\/tr>\n<tr>\n<td style=\"width: 237.566px;\">MODELL<\/td>\n<td style=\"width: 412.358px;\">AP-TB-RC-011<\/td>\n<\/tr>\n<tr>\n<td style=\"width: 237.566px;\">MATERIAL<\/td>\n<td style=\"width: 412.358px;\">Oxford\/Leder\/Baumwolle, Sonderanfertigung<\/td>\n<\/tr>\n<tr>\n<td style=\"width: 237.566px;\">GR\u00d6SSE<\/td>\n<td style=\"width: 412.358px;\">Personalisierung<\/td>\n<\/tr>\n<tr>\n<td style=\"width: 237.566px;\">FARBE<\/td>\n<td style=\"width: 412.358px;\">Personalisierung<\/td>\n<\/tr>\n<\/tbody>\n<\/table>\n<p><a href=\"https:\/\/rock-coon.com\/de\/\"><img loading=\"lazy\" decoding=\"async\" class=\"alignnone wp-image-349 size-full\" src=\"https:\/\/rock-coon.com\/wp-content\/uploads\/2025\/11\/Supply-Sports-Running-Bag-Fitness-Wrist-Mobile-Arm-Bag.jpg\" alt=\"Supply Sports Running Bag Fitness Wrist Mobile Arm Bag\" width=\"1000\" height=\"1000\" srcset=\"https:\/\/rock-coon.com\/wp-content\/uploads\/2025\/11\/Supply-Sports-Running-Bag-Fitness-Wrist-Mobile-Arm-Bag.jpg 1000w, https:\/\/rock-coon.com\/wp-content\/uploads\/2025\/11\/Supply-Sports-Running-Bag-Fitness-Wrist-Mobile-Arm-Bag-980x980.jpg 980w, https:\/\/rock-coon.com\/wp-content\/uploads\/2025\/11\/Supply-Sports-Running-Bag-Fitness-Wrist-Mobile-Arm-Bag-480x480.jpg 480w\" sizes=\"(min-width: 0px) and (max-width: 480px) 480px, (min-width: 481px) and (max-width: 980px) 980px, (min-width: 981px) 1000px, 100vw\" \/><\/a><\/p>","protected":false},"excerpt":{"rendered":"<ul>\n<li>Universelles Telefonarmband Mobile Armtasche.<\/li>\n<li>Aufbewahrungsm\u00f6glichkeit f\u00fcr Ihr Handy, Schl\u00fcssel (einschlie\u00dflich Haus-\/Autoschl\u00fcssel), Kreditkarten, Bargeld, Kopfh\u00f6rer, iPod, MP3-Player, Reisepass, Datenkabel, Taschent\u00fccher und anderes Zubeh\u00f6r.<\/li>\n<li>Sch\u00fctzt und stabilisiert Ihre Ger\u00e4te bei Aktivit\u00e4ten im Innen- und Au\u00dfenbereich und verhindert ein Verrutschen oder Festklemmen.<\/li>\n<li>Geeignet f\u00fcr Laufen, Sport und andere Gelegenheiten.<\/li>\n<li>Bieten Sie ma\u00dfgeschneiderte Gro\u00dfhandelsdienstleistungen an<\/li>\n<\/ul>","protected":false},"featured_media":349,"template":"","meta":{"_et_pb_use_builder":"","_et_pb_old_content":"","_et_gb_content_width":"","_monsterinsights_skip_tracking":false,"_monsterinsights_sitenote_active":false,"_monsterinsights_sitenote_note":"","_monsterinsights_sitenote_category":0},"product_brand":[],"product_cat":[31],"product_tag":[],"class_list":{"0":"post-348","1":"product","2":"type-product","3":"status-publish","4":"has-post-thumbnail","6":"product_cat-sport-bag","8":"first","9":"instock","10":"shipping-taxable","11":"product-type-simple"},"jetpack_sharing_enabled":true,"_links":{"self":[{"href":"https:\/\/rock-coon.com\/de\/wp-json\/wp\/v2\/product\/348","targetHints":{"allow":["GET"]}}],"collection":[{"href":"https:\/\/rock-coon.com\/de\/wp-json\/wp\/v2\/product"}],"about":[{"href":"https:\/\/rock-coon.com\/de\/wp-json\/wp\/v2\/types\/product"}],"wp:featuredmedia":[{"embeddable":true,"href":"https:\/\/rock-coon.com\/de\/wp-json\/wp\/v2\/media\/349"}],"wp:attachment":[{"href":"https:\/\/rock-coon.com\/de\/wp-json\/wp\/v2\/media?parent=348"}],"wp:term":[{"taxonomy":"product_brand","embeddable":true,"href":"https:\/\/rock-coon.com\/de\/wp-json\/wp\/v2\/product_brand?post=348"},{"taxonomy":"product_cat","embeddable":true,"href":"https:\/\/rock-coon.com\/de\/wp-json\/wp\/v2\/product_cat?post=348"},{"taxonomy":"product_tag","embeddable":true,"href":"https:\/\/rock-coon.com\/de\/wp-json\/wp\/v2\/product_tag?post=348"}],"curies":[{"name":"wp","href":"https:\/\/api.w.org\/{rel}","templated":true}]}}