{"id":350,"date":"2025-11-30T08:43:45","date_gmt":"2025-11-30T08:43:45","guid":{"rendered":"https:\/\/rock-coon.com\/?post_type=product&#038;p=350"},"modified":"2025-11-30T08:53:57","modified_gmt":"2025-11-30T08:53:57","slug":"wholesale-running-waist-pack-with-water-bottle-holder","status":"publish","type":"product","link":"https:\/\/rock-coon.com\/de\/produkt\/wholesale-running-waist-pack-with-water-bottle-holder\/","title":{"rendered":"Gro\u00dfhandel Laufg\u00fcrtel mit Wasserflaschenhalter"},"content":{"rendered":"<p>Diese Laufg\u00fcrteltasche ist verstellbar und verf\u00fcgt \u00fcber eine Wasserflaschenhalterung, sodass Sie die H\u00e4nde frei haben. Geeignet f\u00fcr L\u00e4ufer, Marathonl\u00e4ufer, Fitnessbegeisterte, Wanderer und Jogger. In einer Rei\u00dfverschlusstasche k\u00f6nnen Sie kleine Gegenst\u00e4nde verstauen, darunter problemlos Ihr gro\u00dfes Smartphone (mit H\u00fclle), Schl\u00fcssel, Karten und andere Dinge. Reflektierende Streifen verbessern die Sichtbarkeit bei Nacht und sorgen f\u00fcr zus\u00e4tzliche Sicherheit.<\/p>\n<p>Rockcoon bietet ma\u00dfgeschneiderte Gro\u00dfhandelsdienstleistungen, bei denen Sie Farben, Materialien und Mengen ganz nach Ihren Bed\u00fcrfnissen anpassen k\u00f6nnen.<\/p>\n<ul>\n<li>\n<div>Hochwertiges Material: Hergestellt aus hochwertigem Oxford-Stoff, ist es \u00e4u\u00dferst strapazierf\u00e4hig und wasserdicht und eignet sich f\u00fcr verschiedene Umgebungen.<\/div>\n<\/li>\n<li>\n<div>Verstellbare Gr\u00f6\u00dfe: Diese Laufg\u00fcrteltasche mit Wasserflaschenfach ist verstellbar und das Fach bietet Platz f\u00fcr die meisten Smartphones.<\/div>\n<\/li>\n<li>\n<div>F\u00fcr verschiedene Anl\u00e4sse geeignet: Perfekt f\u00fcr verschiedene Outdoor-Aktivit\u00e4ten wie Partys, Reisen, Laufen, Spazierengehen, Radfahren, Wandern usw. Diese G\u00fcrteltasche ist ein schlichtes und stilvolles Geschenk f\u00fcr M\u00e4nner, Frauen, Kinder, Familie und Freunde.<\/div>\n<\/li>\n<li>\n<div>Kompakt und tragbar mit gro\u00dfem Fassungsverm\u00f6gen: Unsere G\u00fcrteltasche bietet Platz f\u00fcr Smartphones mit gro\u00dfem Bildschirm, verf\u00fcgt \u00fcber ein integriertes Schl\u00fcsselfach zum Schutz des Bildschirms vor Kratzern, eine Kopfh\u00f6rerbuchse zum Musikh\u00f6ren beim Laufen und einen diebstahlsicheren Rei\u00dfverschluss.<\/div>\n<\/li>\n<li>\n<div>Reflektierendes Design: Die multifunktionalen Taschen und die Seiten der Schnallen wurden mit reflektierenden Streifen versehen, die f\u00fcr hervorragende Sichtbarkeit bei Sonnenlicht sorgen und die Sicherheit bei Nachtl\u00e4ufen erh\u00f6hen.<\/div>\n<\/li>\n<li>\n<div>Bequem zu tragen: Diese Laufg\u00fcrteltasche verf\u00fcgt \u00fcber ein innovatives Flaschenhalterdesign mit einem verstellbaren elastischen Band, das Ihre Wasserflasche sicher h\u00e4lt und ein Verrutschen verhindert.<\/div>\n<\/li>\n<\/ul>\n<p>&nbsp;<\/p>\n<h2>Laufg\u00fcrteltasche \u2013 Spezifikationen<\/h2>\n<table style=\"height: 185px;\" width=\"663\">\n<tbody>\n<tr>\n<td style=\"width: 237.566px;\">PRODUKT<\/td>\n<td style=\"width: 412.358px;\">Wasserdichte Wasserflasche Lauf-G\u00fcrteltasche<\/td>\n<\/tr>\n<tr>\n<td style=\"width: 237.566px;\">MODELL<\/td>\n<td style=\"width: 412.358px;\">AP-TB-RC-012<\/td>\n<\/tr>\n<tr>\n<td style=\"width: 237.566px;\">MATERIAL<\/td>\n<td style=\"width: 412.358px;\">Oxford\/Leder\/Baumwolle, Sonderanfertigung<\/td>\n<\/tr>\n<tr>\n<td style=\"width: 237.566px;\">GR\u00d6SSE<\/td>\n<td style=\"width: 412.358px;\">Personalisierung<\/td>\n<\/tr>\n<tr>\n<td style=\"width: 237.566px;\">FARBE<\/td>\n<td style=\"width: 412.358px;\">Personalisierung<\/td>\n<\/tr>\n<\/tbody>\n<\/table>\n<p><a href=\"https:\/\/rock-coon.com\/de\/\"><img loading=\"lazy\" decoding=\"async\" class=\"alignnone wp-image-351 size-full\" src=\"https:\/\/rock-coon.com\/wp-content\/uploads\/2025\/11\/Wholesale-Running-Waist-Pack-with-Water-Bottle-Holder.jpg\" alt=\"Wholesale Running Waist Pack with Water Bottle Holder\" width=\"1000\" height=\"1000\" srcset=\"https:\/\/rock-coon.com\/wp-content\/uploads\/2025\/11\/Wholesale-Running-Waist-Pack-with-Water-Bottle-Holder.jpg 1000w, https:\/\/rock-coon.com\/wp-content\/uploads\/2025\/11\/Wholesale-Running-Waist-Pack-with-Water-Bottle-Holder-980x980.jpg 980w, https:\/\/rock-coon.com\/wp-content\/uploads\/2025\/11\/Wholesale-Running-Waist-Pack-with-Water-Bottle-Holder-480x480.jpg 480w\" sizes=\"(min-width: 0px) and (max-width: 480px) 480px, (min-width: 481px) and (max-width: 980px) 980px, (min-width: 981px) 1000px, 100vw\" \/><\/a><\/p>\n<p>&nbsp;<\/p>","protected":false},"excerpt":{"rendered":"<ul>\n<li>Wasserdichte Lauf-G\u00fcrteltasche.<\/li>\n<li>\n<div>Mit Wasserflaschenhalter<\/div>\n<\/li>\n<li>\n<div>Verstellbarer H\u00fcftgurt<\/div>\n<\/li>\n<li>\n<div>Bietet Platz f\u00fcr Ihr gro\u00dfes Smartphone (mit H\u00fclle), Schl\u00fcssel, Karten und andere Gegenst\u00e4nde.<\/div>\n<\/li>\n<li>\n<div>Geeignet f\u00fcr Sport, Laufen, Wandern, Joggen.<\/div>\n<\/li>\n<li>\n<div>Unisex<\/div>\n<\/li>\n<li>Bieten Sie ma\u00dfgeschneiderte Gro\u00dfhandelsdienstleistungen an<\/li>\n<\/ul>","protected":false},"featured_media":351,"template":"","meta":{"_et_pb_use_builder":"","_et_pb_old_content":"","_et_gb_content_width":"","_monsterinsights_skip_tracking":false,"_monsterinsights_sitenote_active":false,"_monsterinsights_sitenote_note":"","_monsterinsights_sitenote_category":0},"product_brand":[],"product_cat":[31],"product_tag":[],"class_list":{"0":"post-350","1":"product","2":"type-product","3":"status-publish","4":"has-post-thumbnail","6":"product_cat-sport-bag","8":"first","9":"instock","10":"shipping-taxable","11":"product-type-simple"},"jetpack_sharing_enabled":true,"_links":{"self":[{"href":"https:\/\/rock-coon.com\/de\/wp-json\/wp\/v2\/product\/350","targetHints":{"allow":["GET"]}}],"collection":[{"href":"https:\/\/rock-coon.com\/de\/wp-json\/wp\/v2\/product"}],"about":[{"href":"https:\/\/rock-coon.com\/de\/wp-json\/wp\/v2\/types\/product"}],"wp:featuredmedia":[{"embeddable":true,"href":"https:\/\/rock-coon.com\/de\/wp-json\/wp\/v2\/media\/351"}],"wp:attachment":[{"href":"https:\/\/rock-coon.com\/de\/wp-json\/wp\/v2\/media?parent=350"}],"wp:term":[{"taxonomy":"product_brand","embeddable":true,"href":"https:\/\/rock-coon.com\/de\/wp-json\/wp\/v2\/product_brand?post=350"},{"taxonomy":"product_cat","embeddable":true,"href":"https:\/\/rock-coon.com\/de\/wp-json\/wp\/v2\/product_cat?post=350"},{"taxonomy":"product_tag","embeddable":true,"href":"https:\/\/rock-coon.com\/de\/wp-json\/wp\/v2\/product_tag?post=350"}],"curies":[{"name":"wp","href":"https:\/\/api.w.org\/{rel}","templated":true}]}}