{"id":358,"date":"2025-11-30T09:11:09","date_gmt":"2025-11-30T09:11:09","guid":{"rendered":"https:\/\/rock-coon.com\/?post_type=product&#038;p=358"},"modified":"2025-11-30T09:25:51","modified_gmt":"2025-11-30T09:25:51","slug":"wholesale-portable-felt-baby-diaper-caddy-organizer-for-toy-and-wipes","status":"publish","type":"product","link":"https:\/\/rock-coon.com\/de\/produkt\/wholesale-portable-felt-baby-diaper-caddy-organizer-for-toy-and-wipes\/","title":{"rendered":"Gro\u00dfhandel Tragbarer Filz-Organizer f\u00fcr Babywindeln, Spielzeug und Feuchtt\u00fccher"},"content":{"rendered":"<p>Der Babywindel-Caddy besteht aus hochwertigem, dickem Chemiefasermaterial, das nicht nur robust, sondern auch leicht und einfach zu transportieren ist. Dank zwei gro\u00dfen Schlaufenhandgriffen k\u00f6nnen Sie Ihr Kind problemlos \u00fcberallhin mitnehmen. Von Windeln, Feuchtt\u00fcchern, Cremes, Lotionen, Spielzeug, Ersatzkleidung und vielem mehr \u2013 dieser vielseitige Organizer bietet Platz f\u00fcr alles. Unabh\u00e4ngige Seitentaschen an der Au\u00dfenseite bieten praktischen Stauraum f\u00fcr kleine Gegenst\u00e4nde wie Schl\u00fcssel, Handy, Augenbrauenstift usw.<\/p>\n<p>Rockcoon bietet ma\u00dfgeschneiderte Gro\u00dfhandelsdienstleistungen, bei denen Sie Farben, Materialien und Mengen ganz nach Ihren Bed\u00fcrfnissen anpassen k\u00f6nnen.<\/p>\n<ul>\n<li>\n<div>Vielseitig: Unser Windelbeutel ist nicht nur praktisch, sondern verleiht Ihrem Kinderzimmer oder Auto auch einen Hauch von Stil. Sein modisches Design macht ihn zu einer perfekten Erg\u00e4nzung f\u00fcr jeden Raum, w\u00e4hrend seine Praktikabilit\u00e4t ihn zu einem ausgezeichneten Babygeschenk macht. Dieser Windelkorb hat ein nat\u00fcrliches graues Design, das sehr schmutzabweisend ist und \u00fcberall in Ihrem Zuhause Eleganz ausstrahlt. Auch wenn Ihr Baby keine Windeln mehr braucht, kann dieser Windelkorb wiederverwendet werden. Wenn Ihr Baby w\u00e4chst, kann dieser Windelkorb auch als W\u00e4schekorb, Picknickkorb, Einkaufskorb, Spielzeugkorb f\u00fcr Schulkinder, Videospielkorb und vieles mehr verwendet werden. Unabh\u00e4ngige Seitentaschen umgeben den Korb und bieten praktischen Stauraum f\u00fcr kleine Gegenst\u00e4nde wie Schl\u00fcssel, Telefone und Augenbrauenstifte.<\/div>\n<\/li>\n<li>\n<div>Hochwertige Materialien: Diese Wickeltasche besteht aus hochwertigem Polyestergewebe, ist umweltfreundlich und sicher, sanft zur empfindlichen Haut Ihres Babys und l\u00e4sst sich ohne Verformung zusammenfalten. Die exquisite Falt- und N\u00e4hkunst macht diese Babytasche robuster und langlebiger, sch\u00f6n und stilvoll und eignet sich sowohl f\u00fcr Jungen als auch f\u00fcr M\u00e4dchen.<\/div>\n<\/li>\n<li>\n<div>Tragbare Wickeltasche: Perfekt f\u00fcr die Aufbewahrung aller wichtigen Babyartikel. Von Windeln, Feuchtt\u00fcchern, Lotionen, Cremes, Spielzeug, Ersatzkleidung und vielem mehr \u2013 diese multifunktionale Tasche bietet Platz f\u00fcr alles. Dank des ger\u00e4umigen Designs und der Trennw\u00e4nde lassen sich Babyartikel leicht organisieren, sodass alles ordentlich und griffbereit ist, insbesondere w\u00e4hrend der n\u00e4chtlichen F\u00fctterungen. Mehrere Au\u00dfentaschen bieten Stauraum f\u00fcr alles, was Sie unterwegs ben\u00f6tigen.<\/div>\n<\/li>\n<li>\n<div>Robust und leicht: Unsere Wickeltasche besteht aus hochwertigem, verst\u00e4rktem Kunstfasermaterial, wodurch sie nicht nur robust und strapazierf\u00e4hig, sondern auch leicht und tragbar ist. Dank der zwei gro\u00dfen Griffe k\u00f6nnen Sie Ihr Baby beim Ausgehen bequem transportieren.<\/div>\n<\/li>\n<li>\n<div>Leicht zu reinigen: Die Reinigung dieser Tasche ist ein Kinderspiel \u2013 wischen Sie sie einfach mit einem feuchten Tuch ab. Keine Sorgen mehr wegen m\u00fchsamer Reinigungsschritte oder hartn\u00e4ckiger Flecken.<\/div>\n<\/li>\n<\/ul>\n<p>&nbsp;<\/p>\n<h2>Spezifikation f\u00fcr Babywindelbeh\u00e4lter<\/h2>\n<table style=\"height: 185px;\" width=\"663\">\n<tbody>\n<tr>\n<td style=\"width: 237.566px;\">PRODUKT<\/td>\n<td style=\"width: 412.358px;\">Gro\u00dfhandel Tragbarer Filz-Organizer f\u00fcr Babywindeln, Spielzeug und Feuchtt\u00fccher<\/td>\n<\/tr>\n<tr>\n<td style=\"width: 237.566px;\">MODELL<\/td>\n<td style=\"width: 412.358px;\">AP-TB-RC-013<\/td>\n<\/tr>\n<tr>\n<td style=\"width: 237.566px;\">MATERIAL<\/td>\n<td style=\"width: 412.358px;\">Oxford\/Leder\/Baumwolle, Sonderanfertigung<\/td>\n<\/tr>\n<tr>\n<td style=\"width: 237.566px;\">GR\u00d6SSE<\/td>\n<td style=\"width: 412.358px;\">Personalisierung<\/td>\n<\/tr>\n<tr>\n<td style=\"width: 237.566px;\">FARBE<\/td>\n<td style=\"width: 412.358px;\">Personalisierung<\/td>\n<\/tr>\n<\/tbody>\n<\/table>\n<p><a href=\"https:\/\/rock-coon.com\/de\/\"><img loading=\"lazy\" decoding=\"async\" class=\"alignnone wp-image-359 size-full\" src=\"https:\/\/rock-coon.com\/wp-content\/uploads\/2025\/11\/Wholesale-Portable-Felt-Baby-Diaper-Caddy-Organizer-for-Toy-and-Wipes.jpg\" alt=\"Wholesale Portable Felt Baby Diaper Caddy Organizer for Toy and Wipes\" width=\"1000\" height=\"1000\" srcset=\"https:\/\/rock-coon.com\/wp-content\/uploads\/2025\/11\/Wholesale-Portable-Felt-Baby-Diaper-Caddy-Organizer-for-Toy-and-Wipes.jpg 1000w, https:\/\/rock-coon.com\/wp-content\/uploads\/2025\/11\/Wholesale-Portable-Felt-Baby-Diaper-Caddy-Organizer-for-Toy-and-Wipes-980x980.jpg 980w, https:\/\/rock-coon.com\/wp-content\/uploads\/2025\/11\/Wholesale-Portable-Felt-Baby-Diaper-Caddy-Organizer-for-Toy-and-Wipes-480x480.jpg 480w\" sizes=\"(min-width: 0px) and (max-width: 480px) 480px, (min-width: 481px) and (max-width: 980px) 980px, (min-width: 981px) 1000px, 100vw\" \/><\/a><\/p>\n<p>&nbsp;<\/p>\n<p>&nbsp;<\/p>","protected":false},"excerpt":{"rendered":"<ul>\n<li>Tragbarer Organizer f\u00fcr Babywindeln;<\/li>\n<li>Die perfekte L\u00f6sung f\u00fcr alle wichtigen Dinge Ihres Babys<\/li>\n<li>Kompaktes und elegantes Design f\u00fcr einfache Aufbewahrung und Zugriff;<\/li>\n<li>Reise-Tragetasche f\u00fcr Windeln, Feuchtt\u00fccher, Spielzeug und Babyausstattung;<\/li>\n<li>Hergestellt aus hochwertigem Polyester, das absolut umweltfreundlich und sicher f\u00fcr Ihr Baby ist und ohne Verformung gefaltet werden kann.<\/li>\n<li>Bieten Sie ma\u00dfgeschneiderte Gro\u00dfhandelsdienstleistungen an<\/li>\n<\/ul>","protected":false},"featured_media":359,"template":"","meta":{"_et_pb_use_builder":"","_et_pb_old_content":"","_et_gb_content_width":"","_monsterinsights_skip_tracking":false,"_monsterinsights_sitenote_active":false,"_monsterinsights_sitenote_note":"","_monsterinsights_sitenote_category":0},"product_brand":[],"product_cat":[19],"product_tag":[],"class_list":{"0":"post-358","1":"product","2":"type-product","3":"status-publish","4":"has-post-thumbnail","6":"product_cat-home-storage","8":"first","9":"instock","10":"shipping-taxable","11":"product-type-simple"},"jetpack_sharing_enabled":true,"_links":{"self":[{"href":"https:\/\/rock-coon.com\/de\/wp-json\/wp\/v2\/product\/358","targetHints":{"allow":["GET"]}}],"collection":[{"href":"https:\/\/rock-coon.com\/de\/wp-json\/wp\/v2\/product"}],"about":[{"href":"https:\/\/rock-coon.com\/de\/wp-json\/wp\/v2\/types\/product"}],"wp:featuredmedia":[{"embeddable":true,"href":"https:\/\/rock-coon.com\/de\/wp-json\/wp\/v2\/media\/359"}],"wp:attachment":[{"href":"https:\/\/rock-coon.com\/de\/wp-json\/wp\/v2\/media?parent=358"}],"wp:term":[{"taxonomy":"product_brand","embeddable":true,"href":"https:\/\/rock-coon.com\/de\/wp-json\/wp\/v2\/product_brand?post=358"},{"taxonomy":"product_cat","embeddable":true,"href":"https:\/\/rock-coon.com\/de\/wp-json\/wp\/v2\/product_cat?post=358"},{"taxonomy":"product_tag","embeddable":true,"href":"https:\/\/rock-coon.com\/de\/wp-json\/wp\/v2\/product_tag?post=358"}],"curies":[{"name":"wp","href":"https:\/\/api.w.org\/{rel}","templated":true}]}}