{"id":360,"date":"2025-11-30T10:28:27","date_gmt":"2025-11-30T10:28:27","guid":{"rendered":"https:\/\/rock-coon.com\/?post_type=product&#038;p=360"},"modified":"2025-11-30T10:37:39","modified_gmt":"2025-11-30T10:37:39","slug":"wholesale-foldable-camping-carry-bag-picnic-storage-bag","status":"publish","type":"product","link":"https:\/\/rock-coon.com\/de\/produkt\/wholesale-foldable-camping-carry-bag-picnic-storage-bag\/","title":{"rendered":"Gro\u00dfhandel Faltbare Camping-Tragetasche Picknick-Aufbewahrungstasche"},"content":{"rendered":"<p>Diese faltbare Camping-Tragetasche ist aus Oxford-Stoff gefertigt und somit rei\u00dffest und abriebfest. Sie ist unglaublich praktisch und m\u00fchelos zu handhaben, was sie zur idealen Wahl f\u00fcr Reisen macht. Diese Picknicktasche ist strapazierf\u00e4hig. Die verdickten und verbreiterten gewebten Griffe erh\u00f6hen die Reibung und verhindern Verletzungen an den H\u00e4nden. Das faltbare Design erm\u00f6glicht eine einfache Aufbewahrung durch einfaches Ziehen. Der Innenrahmen ist faltbar und die elastischen Gurte auf beiden Seiten sind mit Druckkn\u00f6pfen gesichert, wodurch der Stauraum weiter vergr\u00f6\u00dfert wird.<\/p>\n<p>Rockcoon bietet ma\u00dfgeschneiderte Gro\u00dfhandelsdienstleistungen, bei denen Sie Farben, Materialien und Mengen ganz nach Ihren Bed\u00fcrfnissen anpassen k\u00f6nnen.<\/p>\n<ul>\n<li>\n<div>Hochwertige Materialien: Die Camping-Tasche besteht aus Oxford-Stoff, wodurch sie rei\u00dffest und abriebfest ist. Das verst\u00e4rkte und verbreiterte Design der gewebten Griffe erh\u00f6ht die Reibung und verhindert Verletzungen an den H\u00e4nden. Bequem und m\u00fchelos zu tragen, ist sie die ideale Wahl f\u00fcr Outdoor-Aktivit\u00e4ten. Diese Picknicktasche ist strapazierf\u00e4hig und langlebig.<\/div>\n<\/li>\n<li>\n<div>Hohe Tragf\u00e4higkeit: Die Taschen\u00f6ffnung ist mit einem Metallrahmen verst\u00e4rkt, um einen sicheren Halt zu gew\u00e4hrleisten und Verformungen zu verhindern. Der gesamte Rahmen besteht aus verdicktem Nylongewebe, wodurch er robust, langlebig und widerstandsf\u00e4hig gegen Besch\u00e4digungen ist. Der Boden ist feuchtigkeitsbest\u00e4ndig und eignet sich f\u00fcr verschiedene Umgebungen.<\/div>\n<\/li>\n<li>\n<div>Leicht und tragbar: Dieser Picknickkorb l\u00e4sst sich zu einer kompakten Aufbewahrungstasche zusammenfalten und mit einem einfachen Handgriff verstauen. Der Innenrahmen l\u00e4sst sich zusammenklappen, um den Stauraum weiter zu vergr\u00f6\u00dfern. Er bietet Platz f\u00fcr Ihre Lunchbox, Snacks, Sandwiches, S\u00e4fte und Obst. Nehmen Sie ihn mit Ihren Lieben mit zum Picknick! Oder nehmen Sie ihn mit in den Park f\u00fcr ein Familienessen, zum Wochenendgrillen oder zum Campingausflug.<\/div>\n<\/li>\n<li>\n<div>Gro\u00dfes Fassungsverm\u00f6gen: Diese Picknicktasche bietet viel Platz f\u00fcr Ihre Campingausr\u00fcstung. Drei Seitentaschen eignen sich ideal zum Verstauen von Wasserflaschen, Outdoor-Kochutensilien oder Picknickzubeh\u00f6r. An den Seiten befinden sich mehrere Haken zum Aufh\u00e4ngen von Kochutensilien, wodurch das Fassungsverm\u00f6gen erh\u00f6ht und Platz gespart wird.<\/div>\n<\/li>\n<li>\n<div>Vielseitig: Dieser Picknickkorb hat ein gro\u00dfes Fassungsverm\u00f6gen und bietet Platz f\u00fcr reichlich Essen und Getr\u00e4nke f\u00fcr das gesamte Team! Ideal f\u00fcr Camping, Wandern, Reisen, Angeln, Bergsteigen und andere Aktivit\u00e4ten im Freien.<\/div>\n<\/li>\n<li>\n<div>Multifunktionales Design: Es kann auch als gro\u00dfvolumige Aufbewahrungstasche in der K\u00fcche, als Kleiderorganizer zu Hause oder sogar als provisorischer Werkzeugkasten verwendet werden.<\/div>\n<\/li>\n<\/ul>\n<p>&nbsp;<\/p>\n<h2>Faltbare Camping-Tragetasche Spezifikation<\/h2>\n<table style=\"height: 185px;\" width=\"663\">\n<tbody>\n<tr>\n<td style=\"width: 237.566px;\">PRODUKT<\/td>\n<td style=\"width: 412.358px;\">Individuell faltbare Camping-Tragetasche Picknick-Aufbewahrungstasche<\/td>\n<\/tr>\n<tr>\n<td style=\"width: 237.566px;\">MODELL<\/td>\n<td style=\"width: 412.358px;\">AP-TB-RC-015<\/td>\n<\/tr>\n<tr>\n<td style=\"width: 237.566px;\">MATERIAL<\/td>\n<td style=\"width: 412.358px;\">Oxford\/Leder\/Baumwolle, Sonderanfertigung<\/td>\n<\/tr>\n<tr>\n<td style=\"width: 237.566px;\">GR\u00d6SSE<\/td>\n<td style=\"width: 412.358px;\">Personalisierung<\/td>\n<\/tr>\n<tr>\n<td style=\"width: 237.566px;\">FARBE<\/td>\n<td style=\"width: 412.358px;\">Personalisierung<\/td>\n<\/tr>\n<\/tbody>\n<\/table>\n<p><a href=\"https:\/\/rock-coon.com\/de\/\"><img loading=\"lazy\" decoding=\"async\" class=\"alignnone wp-image-361 size-full\" src=\"https:\/\/rock-coon.com\/wp-content\/uploads\/2025\/11\/Wholesale-Foldable-Camping-Carry-Bag-Picnic-Storage-Bag.jpg\" alt=\"Wholesale Foldable Camping Carry Bag Picnic Storage Bag\" width=\"1000\" height=\"1000\" srcset=\"https:\/\/rock-coon.com\/wp-content\/uploads\/2025\/11\/Wholesale-Foldable-Camping-Carry-Bag-Picnic-Storage-Bag.jpg 1000w, https:\/\/rock-coon.com\/wp-content\/uploads\/2025\/11\/Wholesale-Foldable-Camping-Carry-Bag-Picnic-Storage-Bag-980x980.jpg 980w, https:\/\/rock-coon.com\/wp-content\/uploads\/2025\/11\/Wholesale-Foldable-Camping-Carry-Bag-Picnic-Storage-Bag-480x480.jpg 480w\" sizes=\"(min-width: 0px) and (max-width: 480px) 480px, (min-width: 481px) and (max-width: 980px) 980px, (min-width: 981px) 1000px, 100vw\" \/><\/a><\/p>\n<p>&nbsp;<\/p>\n<p>&nbsp;<\/p>\n<p>&nbsp;<\/p>","protected":false},"excerpt":{"rendered":"<ul>\n<li>\n<div>Faltbare Camping-Tragetasche Praktisch<\/div>\n<\/li>\n<li>\n<div>Multifunktionaler Oxford Outdoor-Taschenorganizer<\/div>\n<\/li>\n<li>\n<div>Handtaschen-Aufbewahrungstasche mit gro\u00dfem Fassungsverm\u00f6gen<\/div>\n<\/li>\n<li>Aus Oxford-Stoff gefertigt, rei\u00df- und abriebfest.<\/li>\n<li>Es ist mit verdickten und verbreiterten geflochtenen Griffen ausgestattet, um die Reibung zu erh\u00f6hen, sodass Ihre H\u00e4nde nicht verletzt werden.<\/li>\n<li>Bieten Sie ma\u00dfgeschneiderte Gro\u00dfhandelsdienstleistungen an<\/li>\n<\/ul>","protected":false},"featured_media":361,"template":"","meta":{"_et_pb_use_builder":"","_et_pb_old_content":"","_et_gb_content_width":"","_monsterinsights_skip_tracking":false,"_monsterinsights_sitenote_active":false,"_monsterinsights_sitenote_note":"","_monsterinsights_sitenote_category":0},"product_brand":[],"product_cat":[19],"product_tag":[],"class_list":{"0":"post-360","1":"product","2":"type-product","3":"status-publish","4":"has-post-thumbnail","6":"product_cat-home-storage","8":"first","9":"instock","10":"shipping-taxable","11":"product-type-simple"},"jetpack_sharing_enabled":true,"_links":{"self":[{"href":"https:\/\/rock-coon.com\/de\/wp-json\/wp\/v2\/product\/360","targetHints":{"allow":["GET"]}}],"collection":[{"href":"https:\/\/rock-coon.com\/de\/wp-json\/wp\/v2\/product"}],"about":[{"href":"https:\/\/rock-coon.com\/de\/wp-json\/wp\/v2\/types\/product"}],"wp:featuredmedia":[{"embeddable":true,"href":"https:\/\/rock-coon.com\/de\/wp-json\/wp\/v2\/media\/361"}],"wp:attachment":[{"href":"https:\/\/rock-coon.com\/de\/wp-json\/wp\/v2\/media?parent=360"}],"wp:term":[{"taxonomy":"product_brand","embeddable":true,"href":"https:\/\/rock-coon.com\/de\/wp-json\/wp\/v2\/product_brand?post=360"},{"taxonomy":"product_cat","embeddable":true,"href":"https:\/\/rock-coon.com\/de\/wp-json\/wp\/v2\/product_cat?post=360"},{"taxonomy":"product_tag","embeddable":true,"href":"https:\/\/rock-coon.com\/de\/wp-json\/wp\/v2\/product_tag?post=360"}],"curies":[{"name":"wp","href":"https:\/\/api.w.org\/{rel}","templated":true}]}}