{"id":410,"date":"2025-12-21T09:13:03","date_gmt":"2025-12-21T09:13:03","guid":{"rendered":"https:\/\/rock-coon.com\/?post_type=product&#038;p=410"},"modified":"2025-12-21T09:31:20","modified_gmt":"2025-12-21T09:31:20","slug":"custom-car-repair-tool-storage-bag","status":"publish","type":"product","link":"https:\/\/rock-coon.com\/de\/produkt\/custom-car-repair-tool-storage-bag\/","title":{"rendered":"Ma\u00dfgeschneiderte Aufbewahrungstasche f\u00fcr Autoreparaturwerkzeuge"},"content":{"rendered":"<div>Langlebig und robust: Diese strapazierf\u00e4hige Werkzeugtasche ist aus 600D Oxford-Gewebe gefertigt, was sie sehr stark, haltbar und wasserdicht macht. Sie ist stark genug, um Ihre schweren Werkzeuge zu tragen. Sie kann sowohl als Werkzeugtasche als auch als Werkzeugaufbewahrungsbox verwendet werden. Die obere Abdeckung ist vollst\u00e4ndig abnehmbar, so dass Sie sie als offene Werkzeugtasche verwenden k\u00f6nnen, um einfachen Zugriff auf Ihre Werkzeuge zu haben.<\/div>\n<div><\/div>\n<div>Taschen in verschiedenen Gr\u00f6\u00dfen: Diese Werkzeugtasche verf\u00fcgt \u00fcber Seitentaschen unterschiedlicher Gr\u00f6\u00dfe, in denen Sie verschiedene Werkzeuge aufbewahren k\u00f6nnen, um Ordnung zu schaffen. Das Hauptfach ist ger\u00e4umig genug, um Ihre anderen Werkzeuge, Elektrowerkzeuge, Handwerkzeuge usw. aufzunehmen und Ihre Arbeitseffizienz zu verbessern.<\/div>\n<div><\/div>\n<div>Die gro\u00dfe \u00d6ffnung erm\u00f6glicht einen einfachen Zugriff auf alle Werkzeuge, wodurch Sie Zeit sparen und unn\u00f6tigen \u00c4rger vermeiden k\u00f6nnen. Erledigen Sie Ihre Arbeit schneller!<\/div>\n<div><\/div>\n<div>Verst\u00e4rkte N\u00e4hte und stabile Griffe sorgen f\u00fcr ein komfortables und sicheres Tragegef\u00fchl, auch wenn die Tasche voll mit Werkzeugen ist. Transportieren Sie Ihre Werkzeuge mit Leichtigkeit und Komfort!<\/div>\n<div><\/div>\n<p>Rockcoon bietet ma\u00dfgeschneiderte Gro\u00dfhandelsdienstleistungen, bei denen Sie Farben, Materialien und Mengen ganz nach Ihren Bed\u00fcrfnissen anpassen k\u00f6nnen.<\/p>\n<h2>Auto-Reparaturwerkzeug-Aufbewahrungstasche Spezifikation<\/h2>\n<table style=\"height: 185px;\" width=\"663\">\n<tbody>\n<tr>\n<td style=\"width: 237.566px;\">PRODUKT<\/td>\n<td style=\"width: 412.358px;\">Ma\u00dfgeschneiderte Aufbewahrungstasche f\u00fcr Autoreparaturwerkzeuge<\/td>\n<\/tr>\n<tr>\n<td style=\"width: 237.566px;\">MODELL<\/td>\n<td style=\"width: 412.358px;\">AP-TB-RC-017<\/td>\n<\/tr>\n<tr>\n<td style=\"width: 237.566px;\">MATERIAL<\/td>\n<td style=\"width: 412.358px;\">Oxford\/Leder\/Baumwolle, Sonderanfertigung<\/td>\n<\/tr>\n<tr>\n<td style=\"width: 237.566px;\">GR\u00d6SSE<\/td>\n<td style=\"width: 412.358px;\">Personalisierung<\/td>\n<\/tr>\n<tr>\n<td style=\"width: 237.566px;\">FARBE<\/td>\n<td style=\"width: 412.358px;\">Personalisierung<\/td>\n<\/tr>\n<\/tbody>\n<\/table>\n<p><a href=\"https:\/\/rock-coon.com\/de\/\"><img loading=\"lazy\" decoding=\"async\" class=\"alignnone wp-image-412 size-full\" src=\"https:\/\/rock-coon.com\/wp-content\/uploads\/2025\/12\/Custom-Car-Repair-Tool-Storage-Bag-1.jpg\" alt=\"Custom Car Repair Tool Storage Bag\" width=\"800\" height=\"500\" srcset=\"https:\/\/rock-coon.com\/wp-content\/uploads\/2025\/12\/Custom-Car-Repair-Tool-Storage-Bag-1.jpg 800w, https:\/\/rock-coon.com\/wp-content\/uploads\/2025\/12\/Custom-Car-Repair-Tool-Storage-Bag-1-480x300.jpg 480w\" sizes=\"(min-width: 0px) and (max-width: 480px) 480px, (min-width: 481px) 800px, 100vw\" \/><\/a><\/p>","protected":false},"excerpt":{"rendered":"<p>Werkzeugaufbewahrungstasche Merkmal<\/p>\n<ul>\n<li>- Reichlich Platz f\u00fcr Werkzeug und Ausr\u00fcstung.<\/li>\n<li>- Bequem zu tragen und zu verwenden, und kann langfristig verwendet werden.<\/li>\n<li>- Hergestellt aus Stoff au\u00dfen mit robuster Konstruktion, wasserdicht, leicht, langlebig und leicht zu reinigen.<\/li>\n<li>- Mit dieser Werkzeugtasche k\u00f6nnen Sie alle wichtigen Dinge mitnehmen, wenn Ihr Auto mitten im Nirgendwo liegen bleibt.<\/li>\n<li>Bieten Sie ma\u00dfgeschneiderte Gro\u00dfhandelsdienstleistungen an<\/li>\n<\/ul>","protected":false},"featured_media":411,"template":"","meta":{"_et_pb_use_builder":"","_et_pb_old_content":"","_et_gb_content_width":"","_monsterinsights_skip_tracking":false,"_monsterinsights_sitenote_active":false,"_monsterinsights_sitenote_note":"","_monsterinsights_sitenote_category":0},"product_brand":[],"product_cat":[20],"product_tag":[],"class_list":{"0":"post-410","1":"product","2":"type-product","3":"status-publish","4":"has-post-thumbnail","6":"product_cat-tool-bag","8":"first","9":"instock","10":"shipping-taxable","11":"product-type-simple"},"jetpack_sharing_enabled":true,"_links":{"self":[{"href":"https:\/\/rock-coon.com\/de\/wp-json\/wp\/v2\/product\/410","targetHints":{"allow":["GET"]}}],"collection":[{"href":"https:\/\/rock-coon.com\/de\/wp-json\/wp\/v2\/product"}],"about":[{"href":"https:\/\/rock-coon.com\/de\/wp-json\/wp\/v2\/types\/product"}],"wp:featuredmedia":[{"embeddable":true,"href":"https:\/\/rock-coon.com\/de\/wp-json\/wp\/v2\/media\/411"}],"wp:attachment":[{"href":"https:\/\/rock-coon.com\/de\/wp-json\/wp\/v2\/media?parent=410"}],"wp:term":[{"taxonomy":"product_brand","embeddable":true,"href":"https:\/\/rock-coon.com\/de\/wp-json\/wp\/v2\/product_brand?post=410"},{"taxonomy":"product_cat","embeddable":true,"href":"https:\/\/rock-coon.com\/de\/wp-json\/wp\/v2\/product_cat?post=410"},{"taxonomy":"product_tag","embeddable":true,"href":"https:\/\/rock-coon.com\/de\/wp-json\/wp\/v2\/product_tag?post=410"}],"curies":[{"name":"wp","href":"https:\/\/api.w.org\/{rel}","templated":true}]}}