{"id":413,"date":"2025-12-21T09:34:42","date_gmt":"2025-12-21T09:34:42","guid":{"rendered":"https:\/\/rock-coon.com\/?post_type=product&#038;p=413"},"modified":"2025-12-21T09:53:26","modified_gmt":"2025-12-21T09:53:26","slug":"17-inch-travel-laptop-backpack-business-slim-durable-computer-bag","status":"publish","type":"product","link":"https:\/\/rock-coon.com\/de\/produkt\/17-inch-travel-laptop-backpack-business-slim-durable-computer-bag\/","title":{"rendered":"17-Zoll-Laptop-Rucksack f\u00fcr unterwegs, Business, schlank, strapazierf\u00e4hige Computertasche"},"content":{"rendered":"<div>Dieser Laptop-Rucksack f\u00fcr Gesch\u00e4ftsreisen kombiniert die Funktionen der Aufbewahrung eines Laptops und der wichtigsten Reiseutensilien und vereint so Funktionalit\u00e4t, Komfort und Sicherheit. Das Laptopfach ist f\u00fcr 17-, 15-, 14- und 13-Zoll-Laptops geeignet. Das ger\u00e4umige Hauptfach bietet Platz f\u00fcr Dinge des t\u00e4glichen Bedarfs und elektronisches Zubeh\u00f6r. Das vordere Fach ist mit mehreren Taschen, Stifthalterungen und einem Schl\u00fcsselclip ausgestattet, um die Organisation und den Zugriff auf Ihre Habseligkeiten zu erleichtern.<\/div>\n<div><\/div>\n<ul>\n<li><strong>Leistungsstarke Speicherfunktion:\u00a0<\/strong> Mit seinem gro\u00dfen Fassungsverm\u00f6gen kann er den Bedarf an Kleidungsst\u00fccken f\u00fcr eine 3-5-t\u00e4gige Reise decken.<\/li>\n<li><strong>Design mit mehreren F\u00e4chern:<\/strong> Sie verf\u00fcgt \u00fcber ein spezielles Laptopfach mit dicker Polsterung oder Luftkissen, um Ihren Computer effektiv vor St\u00f6\u00dfen zu sch\u00fctzen, und bietet Platz f\u00fcr gro\u00dfe 17,3-Zoll-Notebooks. Dar\u00fcber hinaus gibt es mehrere kleinere F\u00e4cher und Taschen f\u00fcr die Organisation von Netzteilen, M\u00e4usen, Dokumenten, Toilettenartikeln und anderen Gegenst\u00e4nden f\u00fcr einfachen Zugriff und Organisation.<\/li>\n<li><strong>Benutzerfreundliches Design:<\/strong> Das Laptop-Fach l\u00e4sst sich leicht um 90\u00b0-180\u00b0 \u00f6ffnen, so dass die Sicherheitskontrolle am Flughafen schnell passiert werden kann, ohne den Laptop herauszunehmen.  Seine Gr\u00f6\u00dfe entspricht den IATA-Flugstandards und kann als Handgep\u00e4ck mitgef\u00fchrt werden.<\/li>\n<li><strong>Langlebiges und wasserdichtes Material:<\/strong> Sie werden in der Regel aus wasserdichtem Polyester, Nylon oder Oxford-Gewebe hergestellt und mit hochwertigen Rei\u00dfverschl\u00fcssen versehen. So sind sie nicht nur langlebig, sondern verhindern auch wirksam das Eindringen von Regenwasser und sch\u00fctzen den Inhalt.<\/li>\n<li><strong>Bequem und atmungsaktiv:<\/strong> Die R\u00fccken- und Schultergurte des Rucksacks sind mit atmungsaktivem Netzfutter und dicker, weicher, atmungsaktiver Mehrschichtpolsterung ausgestattet. Die breiten Schultergurte sind aus hochelastischem Schwamm gefertigt und st\u00fctzen den R\u00fccken optimal. Dadurch wird der Druck auf Schultern und R\u00fccken effektiv reduziert, sodass der Rucksack auch \u00fcber l\u00e4ngere Zeitr\u00e4ume hinweg bequem zu tragen ist.<\/li>\n<li><strong>Einfaches und praktisches Erscheinungsbild:<\/strong> Reise-Laptop-Rucks\u00e4cke haben in der Regel ein einfaches und elegantes Design, das sich sowohl f\u00fcr Reisen als auch f\u00fcr das t\u00e4gliche Pendeln und gesch\u00e4ftliche Anl\u00e4sse eignet. Die Farben sind meist klassisch schwarz und grau, leicht mit der Kleidung zu kombinieren.<\/li>\n<\/ul>\n<div><\/div>\n<div><\/div>\n<p>Rockcoon bietet ma\u00dfgeschneiderte Gro\u00dfhandelsdienstleistungen, bei denen Sie Farben, Materialien und Mengen ganz nach Ihren Bed\u00fcrfnissen anpassen k\u00f6nnen.<\/p>\n<h2>Travel Business Laptop-Rucksack Spezifikation<\/h2>\n<table style=\"height: 185px;\" width=\"663\">\n<tbody>\n<tr>\n<td style=\"width: 237.566px;\">PRODUKT<\/td>\n<td style=\"width: 412.358px;\">Benutzerdefinierte Business Slim Travel Laptop-Rucksack<\/td>\n<\/tr>\n<tr>\n<td style=\"width: 237.566px;\">MODELL<\/td>\n<td style=\"width: 412.358px;\">AP-TB-RC-018<\/td>\n<\/tr>\n<tr>\n<td style=\"width: 237.566px;\">MATERIAL<\/td>\n<td style=\"width: 412.358px;\">Oxford\/Leder\/Baumwolle, Sonderanfertigung<\/td>\n<\/tr>\n<tr>\n<td style=\"width: 237.566px;\">GR\u00d6SSE<\/td>\n<td style=\"width: 412.358px;\">Personalisierung<\/td>\n<\/tr>\n<tr>\n<td style=\"width: 237.566px;\">FARBE<\/td>\n<td style=\"width: 412.358px;\">Personalisierung<\/td>\n<\/tr>\n<\/tbody>\n<\/table>\n<p><a href=\"https:\/\/rock-coon.com\/de\/\"><img loading=\"lazy\" decoding=\"async\" class=\"alignnone wp-image-415 size-full\" src=\"https:\/\/rock-coon.com\/wp-content\/uploads\/2025\/12\/17-inch-Travel-Laptop-Backpack-Business-Slim-Durable-Computer-Bag-1.jpg\" alt=\"17 inch Travel Laptop Backpack Business Slim Durable Computer Bag\" width=\"800\" height=\"500\" srcset=\"https:\/\/rock-coon.com\/wp-content\/uploads\/2025\/12\/17-inch-Travel-Laptop-Backpack-Business-Slim-Durable-Computer-Bag-1.jpg 800w, https:\/\/rock-coon.com\/wp-content\/uploads\/2025\/12\/17-inch-Travel-Laptop-Backpack-Business-Slim-Durable-Computer-Bag-1-480x300.jpg 480w\" sizes=\"(min-width: 0px) and (max-width: 480px) 480px, (min-width: 481px) 800px, 100vw\" \/><\/a><\/p>\n<p>&nbsp;<\/p>","protected":false},"excerpt":{"rendered":"<p>Reise-Laptop-Rucksack Merkmal<\/p>\n<ul>\n<li>\n<div>Leistungsstarke Aufbewahrungsfunktion, extragro\u00dfer Stauraum und mehrere Taschen<\/div>\n<\/li>\n<li>\n<div>Benutzerfreundliches Design:<\/div>\n<\/li>\n<li>\n<div>Langlebiges Material, robust und zuverl\u00e4ssig;<\/div>\n<\/li>\n<li>\n<div>Vollst\u00e4ndig funktionsf\u00e4hig und sicher:<\/div>\n<\/li>\n<li>\n<div>Einfaches und praktisches Aussehen:<\/div>\n<\/li>\n<li>Bieten Sie ma\u00dfgeschneiderte Gro\u00dfhandelsdienstleistungen an<\/li>\n<\/ul>","protected":false},"featured_media":414,"template":"","meta":{"_et_pb_use_builder":"","_et_pb_old_content":"","_et_gb_content_width":"","_monsterinsights_skip_tracking":false,"_monsterinsights_sitenote_active":false,"_monsterinsights_sitenote_note":"","_monsterinsights_sitenote_category":0},"product_brand":[],"product_cat":[30],"product_tag":[],"class_list":{"0":"post-413","1":"product","2":"type-product","3":"status-publish","4":"has-post-thumbnail","6":"product_cat-digital-storage","8":"first","9":"instock","10":"shipping-taxable","11":"product-type-simple"},"jetpack_sharing_enabled":true,"_links":{"self":[{"href":"https:\/\/rock-coon.com\/de\/wp-json\/wp\/v2\/product\/413","targetHints":{"allow":["GET"]}}],"collection":[{"href":"https:\/\/rock-coon.com\/de\/wp-json\/wp\/v2\/product"}],"about":[{"href":"https:\/\/rock-coon.com\/de\/wp-json\/wp\/v2\/types\/product"}],"wp:featuredmedia":[{"embeddable":true,"href":"https:\/\/rock-coon.com\/de\/wp-json\/wp\/v2\/media\/414"}],"wp:attachment":[{"href":"https:\/\/rock-coon.com\/de\/wp-json\/wp\/v2\/media?parent=413"}],"wp:term":[{"taxonomy":"product_brand","embeddable":true,"href":"https:\/\/rock-coon.com\/de\/wp-json\/wp\/v2\/product_brand?post=413"},{"taxonomy":"product_cat","embeddable":true,"href":"https:\/\/rock-coon.com\/de\/wp-json\/wp\/v2\/product_cat?post=413"},{"taxonomy":"product_tag","embeddable":true,"href":"https:\/\/rock-coon.com\/de\/wp-json\/wp\/v2\/product_tag?post=413"}],"curies":[{"name":"wp","href":"https:\/\/api.w.org\/{rel}","templated":true}]}}