{"id":416,"date":"2025-12-21T09:56:56","date_gmt":"2025-12-21T09:56:56","guid":{"rendered":"https:\/\/rock-coon.com\/?post_type=product&#038;p=416"},"modified":"2025-12-21T10:18:34","modified_gmt":"2025-12-21T10:18:34","slug":"custom-garden-tote-canvas-tool-bag","status":"publish","type":"product","link":"https:\/\/rock-coon.com\/de\/produkt\/custom-garden-tote-canvas-tool-bag\/","title":{"rendered":"Individuell gestaltete Gartentasche aus Canvas als Werkzeugtasche"},"content":{"rendered":"<div>\n<div>Die Gartentasche ist eine kompakte, handliche Aufbewahrungstasche f\u00fcr Werkzeuge. Sie wurde speziell f\u00fcr Gartenliebhaber entwickelt und zeichnet sich durch folgende Eigenschaften aus:<\/div>\n<div><\/div>\n<ul>\n<li>Langlebiges und robustes Material: Hergestellt aus verschlei\u00dffesten Stoffen wie 600D Oxford-Gewebe und Polyester.<\/li>\n<li>Leistungsstarke Aufbewahrungsfunktion: In der Regel mit mehreren Taschen und F\u00e4chern ausgestattet, um verschiedene Gartenger\u00e4te wie Gartenscheren, Handschaufeln, Gartenhandschuhe, Samen und Spr\u00fchflaschen zu verstauen, was eine einfache Organisation und einen schnellen Zugriff erm\u00f6glicht. Einige Werkzeugtaschen verf\u00fcgen au\u00dferdem \u00fcber elastische Schn\u00fcre in den Taschen, um Werkzeuge sicher zu halten und zu verhindern, dass sie herausfallen.<\/li>\n<li>Bequemes und praktisches Design: Ausgestattet mit einem komfortablen Griff f\u00fcr einfaches Tragen und weniger Erm\u00fcdung, sodass es bequem in verschiedene Bereiche des Gartens mitgenommen werden kann.<\/li>\n<li>Attraktives und funktionales Aussehen: Einige Gartentaschen f\u00fcr Werkzeuge haben ein schlichtes und elegantes Design, das sich gut in die Gartenumgebung einf\u00fcgt und sie sowohl praktisch als auch \u00e4sthetisch ansprechend macht. Einige Werkzeugtaschen sind au\u00dferdem atmungsaktiv, um zu verhindern, dass Gartenger\u00e4te oxidieren und rosten.<\/li>\n<\/ul>\n<\/div>\n<div><\/div>\n<div><\/div>\n<p>Rockcoon bietet ma\u00dfgeschneiderte Gro\u00dfhandelsdienstleistungen, bei denen Sie Farben, Materialien und Mengen ganz nach Ihren Bed\u00fcrfnissen anpassen k\u00f6nnen.<\/p>\n<p>&nbsp;<\/p>\n<h2>Gartentasche \u2013 Spezifikationen<\/h2>\n<table style=\"height: 185px; width: 715px;\" width=\"663\">\n<tbody>\n<tr>\n<td style=\"width: 143.068px;\">PRODUKT<\/td>\n<td style=\"width: 558.864px;\">Individuell gestaltbare Gartentasche zur Aufbewahrung von Werkzeugen<\/td>\n<\/tr>\n<tr>\n<td style=\"width: 143.068px;\">MODELL<\/td>\n<td style=\"width: 558.864px;\">AP-TB-RC-019<\/td>\n<\/tr>\n<tr>\n<td style=\"width: 143.068px;\">MATERIAL<\/td>\n<td style=\"width: 558.864px;\">Oxford\/Leder\/Baumwolle, Sonderanfertigung<\/td>\n<\/tr>\n<tr>\n<td style=\"width: 143.068px;\">GR\u00d6SSE<\/td>\n<td style=\"width: 558.864px;\">Personalisierung<\/td>\n<\/tr>\n<tr>\n<td style=\"width: 143.068px;\">FARBE<\/td>\n<td style=\"width: 558.864px;\">Personalisierung<\/td>\n<\/tr>\n<\/tbody>\n<\/table>\n<p><a href=\"https:\/\/rock-coon.com\/de\/\"><img loading=\"lazy\" decoding=\"async\" class=\"alignnone wp-image-418 size-full\" src=\"https:\/\/rock-coon.com\/wp-content\/uploads\/2025\/12\/Custom-Garden-Tote-Canvas-Tool-bag-2.jpg\" alt=\"Custom Garden Tote Canvas Tool bag\" width=\"800\" height=\"500\" srcset=\"https:\/\/rock-coon.com\/wp-content\/uploads\/2025\/12\/Custom-Garden-Tote-Canvas-Tool-bag-2.jpg 800w, https:\/\/rock-coon.com\/wp-content\/uploads\/2025\/12\/Custom-Garden-Tote-Canvas-Tool-bag-2-480x300.jpg 480w\" sizes=\"(min-width: 0px) and (max-width: 480px) 480px, (min-width: 481px) 800px, 100vw\" \/><\/a><\/p>\n<p>&nbsp;<\/p>\n<p>&nbsp;<\/p>","protected":false},"excerpt":{"rendered":"<p>Gartentasche Feature<\/p>\n<ul>\n<li>Praktische Tragetasche: Diese strapazierf\u00e4hige Tragetasche besteht aus robustem 600D-Oxford-Gewebe und eignet sich perfekt zur Aufbewahrung verschiedener Gartenger\u00e4te.<\/li>\n<li>Viel Platz: Bietet reichlich Platz f\u00fcr die Aufbewahrung von Handwerkzeugen und anderen kleinen bis mittelgro\u00dfen Gegenst\u00e4nden; zwei leichtg\u00e4ngige Rei\u00dfverschl\u00fcsse zum einfachen \u00d6ffnen und Schlie\u00dfen.<\/li>\n<li>Einfach zu verwenden und zu reinigen: Langlebig und leicht, einfach zu reinigen (Werkzeuge nicht im Lieferumfang enthalten).<\/li>\n<li>Der ideale Helfer f\u00fcr G\u00e4rtner: Eine hochwertige Aufbewahrungstasche f\u00fcr Gartenger\u00e4te, geeignet f\u00fcr Rasenfl\u00e4chen, G\u00e4rten und Terrassen.<\/li>\n<li>Bieten Sie ma\u00dfgeschneiderte Gro\u00dfhandelsdienstleistungen an<\/li>\n<\/ul>","protected":false},"featured_media":417,"template":"","meta":{"_et_pb_use_builder":"","_et_pb_old_content":"","_et_gb_content_width":"","_monsterinsights_skip_tracking":false,"_monsterinsights_sitenote_active":false,"_monsterinsights_sitenote_note":"","_monsterinsights_sitenote_category":0},"product_brand":[],"product_cat":[20],"product_tag":[],"class_list":{"0":"post-416","1":"product","2":"type-product","3":"status-publish","4":"has-post-thumbnail","6":"product_cat-tool-bag","8":"first","9":"instock","10":"shipping-taxable","11":"product-type-simple"},"jetpack_sharing_enabled":true,"_links":{"self":[{"href":"https:\/\/rock-coon.com\/de\/wp-json\/wp\/v2\/product\/416","targetHints":{"allow":["GET"]}}],"collection":[{"href":"https:\/\/rock-coon.com\/de\/wp-json\/wp\/v2\/product"}],"about":[{"href":"https:\/\/rock-coon.com\/de\/wp-json\/wp\/v2\/types\/product"}],"wp:featuredmedia":[{"embeddable":true,"href":"https:\/\/rock-coon.com\/de\/wp-json\/wp\/v2\/media\/417"}],"wp:attachment":[{"href":"https:\/\/rock-coon.com\/de\/wp-json\/wp\/v2\/media?parent=416"}],"wp:term":[{"taxonomy":"product_brand","embeddable":true,"href":"https:\/\/rock-coon.com\/de\/wp-json\/wp\/v2\/product_brand?post=416"},{"taxonomy":"product_cat","embeddable":true,"href":"https:\/\/rock-coon.com\/de\/wp-json\/wp\/v2\/product_cat?post=416"},{"taxonomy":"product_tag","embeddable":true,"href":"https:\/\/rock-coon.com\/de\/wp-json\/wp\/v2\/product_tag?post=416"}],"curies":[{"name":"wp","href":"https:\/\/api.w.org\/{rel}","templated":true}]}}