{"id":16,"date":"2025-09-20T06:51:21","date_gmt":"2025-09-20T06:51:21","guid":{"rendered":"https:\/\/rock-coon.com\/?page_id=16"},"modified":"2025-09-20T06:51:21","modified_gmt":"2025-09-20T06:51:21","slug":"refund_returns","status":"publish","type":"page","link":"https:\/\/rock-coon.com\/es\/refund_returns\/","title":{"rendered":"Pol\u00edtica de reembolsos y devoluciones"},"content":{"rendered":"<p><b>Esta es una p\u00e1gina de muestra.<\/b><\/p>\r\n\r\n\r\n\r\n<h2 class=\"wp-block-heading\">Resumen general<\/h2>\r\n\r\n\r\n\r\n<p>Nuestra pol\u00edtica de reembolsos y devoluciones tiene una vigencia de 30 d\u00edas. Si han pasado 30 d\u00edas desde tu compra, no podemos ofrecerte un reembolso completo ni un cambio.<\/p>\r\n\r\n\r\n\r\n<p>Para que la devoluci\u00f3n sea v\u00e1lida, el art\u00edculo debe estar sin usar y en las mismas condiciones en que lo recibi\u00f3. Tambi\u00e9n debe estar en su empaque original.<\/p>\r\n\r\n\r\n\r\n<p>Hay varios tipos de productos que no se pueden devolver. Los productos perecederos, como alimentos, flores, peri\u00f3dicos o revistas, no se pueden devolver. Tampoco aceptamos productos \u00edntimos o sanitarios, materiales peligrosos o l\u00edquidos o gases inflamables.<\/p>\r\n\r\n\r\n\r\n<p>Art\u00edculos adicionales no retornables:<\/p>\r\n\r\n\r\n\r\n<ul class=\"wp-block-list\">\r\n<li>Tarjetas de regalo<\/li>\r\n<li>Productos de software descargables<\/li>\r\n<li>Algunos art\u00edculos de salud y cuidado personal.<\/li>\r\n<\/ul>\r\n\r\n\r\n\r\n<p>Para completar su devoluci\u00f3n, necesitamos el recibo o la prueba de compra.<\/p>\r\n\r\n\r\n\r\n<p>Por favor, no env\u00ede su compra al fabricante.<\/p>\r\n\r\n\r\n\r\n<p>Hay ciertas situaciones en las que solo se conceden reembolsos parciales:<\/p>\r\n\r\n\r\n\r\n<ul class=\"wp-block-list\">\r\n<li>Libro con signos evidentes de uso.<\/li>\r\n<li>CD, DVD, cinta VHS, software, videojuego, cinta de casete o disco de vinilo que haya sido abierto.<\/li>\r\n<li>Cualquier art\u00edculo que no se encuentre en su estado original, est\u00e9 da\u00f1ado o le falten piezas por motivos que no sean atribuibles a un error nuestro.<\/li>\r\n<li>Cualquier art\u00edculo que se devuelva m\u00e1s de 30 d\u00edas despu\u00e9s de la entrega.<\/li>\r\n<\/ul>\r\n\r\n\r\n\r\n<h2 class=\"wp-block-heading\">Reembolsos<\/h2>\r\n\r\n\r\n\r\n<p>Una vez que hayamos recibido y revisado tu devoluci\u00f3n, te enviaremos un correo electr\u00f3nico para notificarte que hemos recibido el art\u00edculo devuelto. Tambi\u00e9n te notificaremos la aprobaci\u00f3n o el rechazo de tu reembolso.<\/p>\r\n\r\n\r\n\r\n<p>Si se aprueba, se procesar\u00e1 su reembolso y se aplicar\u00e1 autom\u00e1ticamente un cr\u00e9dito a su tarjeta de cr\u00e9dito o m\u00e9todo de pago original, en un plazo determinado.<\/p>\r\n\r\n\r\n\r\n<h3 class=\"wp-block-heading\">Reembolsos tard\u00edos o faltantes<\/h3>\r\n\r\n\r\n\r\n<p>Si a\u00fan no ha recibido el reembolso, compruebe primero su cuenta bancaria de nuevo.<\/p>\r\n\r\n\r\n\r\n<p>A continuaci\u00f3n, comun\u00edquese con la empresa emisora de su tarjeta de cr\u00e9dito, ya que puede pasar alg\u00fan tiempo antes de que su reembolso se haga efectivo oficialmente.<\/p>\r\n\r\n\r\n\r\n<p>A continuaci\u00f3n, comun\u00edquese con su banco. A menudo, el reembolso tarda un tiempo en procesarse antes de que se haga efectivo.<\/p>\r\n\r\n\r\n\r\n<p>Si ha hecho todo esto y a\u00fan no ha recibido su reembolso, p\u00f3ngase en contacto con nosotros en <a href=\"mailto:#\">info@altolative.com<\/a>.<\/p>\r\n\r\n\r\n\r\n<h3 class=\"wp-block-heading\">Art\u00edculos en oferta<\/h3>\r\n\r\n\r\n\r\n<p>Solo se reembolsar\u00e1n los art\u00edculos con precio normal. Los art\u00edculos en oferta no se pueden reembolsar.<\/p>\r\n\r\n\r\n\r\n<h2 class=\"wp-block-heading\">Intercambios<\/h2>\r\n\r\n\r\n\r\n<p>Solo reemplazamos art\u00edculos si est\u00e1n defectuosos o da\u00f1ados. Si necesitas cambiarlo por el mismo art\u00edculo, env\u00edanos un correo electr\u00f3nico a <a href=\"mailto:#\">info@altolative.com<\/a> .<\/p>\r\n\r\n\r\n\r\n<h2 class=\"wp-block-heading\">Regalos<\/h2>\r\n\r\n\r\n\r\n<p>Si el art\u00edculo se marc\u00f3 como regalo al comprarlo y se le envi\u00f3 directamente a usted, recibir\u00e1 un cr\u00e9dito por el valor de su devoluci\u00f3n. Una vez que se reciba el art\u00edculo devuelto, se le enviar\u00e1 por correo un certificado de regalo.<\/p>\r\n\r\n\r\n\r\n<p>Si el art\u00edculo no se marc\u00f3 como regalo al comprarlo, o si la persona que lo regal\u00f3 solicit\u00f3 que se lo enviaran a ella para d\u00e1rtelo m\u00e1s tarde, le enviaremos el reembolso a dicha persona y esta se enterar\u00e1 de tu devoluci\u00f3n.<\/p>\r\n\r\n\r\n\r\n<h2 class=\"wp-block-heading\">Devoluciones de env\u00edos<\/h2>\r\n\r\n\r\n\r\n<p>Para devolver su producto, debe enviarnos un correo electr\u00f3nico a <a href=\"mailto:#\">info@altolative.com<\/a>.<\/p>\r\n\r\n\r\n\r\n<p>Usted ser\u00e1 responsable de pagar los gastos de env\u00edo para devolver su art\u00edculo. Los gastos de env\u00edo no son reembolsables. Si recibe un reembolso, el costo del env\u00edo de devoluci\u00f3n se deducir\u00e1 de su reembolso.<\/p>\r\n\r\n\r\n\r\n<p>Dependiendo de d\u00f3nde vivas, el tiempo que tarde en llegar tu producto cambiado puede variar.<\/p>\r\n\r\n\r\n\r\n<p>Si devuelve art\u00edculos m\u00e1s caros, puede considerar la posibilidad de utilizar un servicio de env\u00edo con seguimiento o contratar un seguro de env\u00edo. No garantizamos que vayamos a recibir su art\u00edculo devuelto.<\/p>\r\n\r\n\r\n\r\n<h2 class=\"wp-block-heading\">\u00bfNecesitas ayuda?<\/h2>\r\n\r\n\r\n\r\n<p>Cont\u00e1ctenos en <a href=\"mailto:#\">info@altolative.com<\/a> para preguntas relacionadas con reembolsos y devoluciones.<\/p>","protected":false},"excerpt":{"rendered":"<p>This is a sample page. Overview Our refund and returns policy lasts 30 days. If 30 days have passed since your purchase, we can\u2019t offer you a full refund or exchange. To be eligible for a return, your item must be unused and in the same condition that you received it. It must also be [&hellip;]<\/p>\n","protected":false},"author":1,"featured_media":0,"parent":0,"menu_order":0,"comment_status":"closed","ping_status":"closed","template":"","meta":{"_et_pb_use_builder":"","_et_pb_old_content":"","_et_gb_content_width":"","_monsterinsights_skip_tracking":false,"_monsterinsights_sitenote_active":false,"_monsterinsights_sitenote_note":"","_monsterinsights_sitenote_category":0,"footnotes":""},"class_list":["post-16","page","type-page","status-publish","hentry"],"jetpack_sharing_enabled":true,"_links":{"self":[{"href":"https:\/\/rock-coon.com\/es\/wp-json\/wp\/v2\/pages\/16","targetHints":{"allow":["GET"]}}],"collection":[{"href":"https:\/\/rock-coon.com\/es\/wp-json\/wp\/v2\/pages"}],"about":[{"href":"https:\/\/rock-coon.com\/es\/wp-json\/wp\/v2\/types\/page"}],"author":[{"embeddable":true,"href":"https:\/\/rock-coon.com\/es\/wp-json\/wp\/v2\/users\/1"}],"replies":[{"embeddable":true,"href":"https:\/\/rock-coon.com\/es\/wp-json\/wp\/v2\/comments?post=16"}],"version-history":[{"count":1,"href":"https:\/\/rock-coon.com\/es\/wp-json\/wp\/v2\/pages\/16\/revisions"}],"predecessor-version":[{"id":85,"href":"https:\/\/rock-coon.com\/es\/wp-json\/wp\/v2\/pages\/16\/revisions\/85"}],"wp:attachment":[{"href":"https:\/\/rock-coon.com\/es\/wp-json\/wp\/v2\/media?parent=16"}],"curies":[{"name":"wp","href":"https:\/\/api.w.org\/{rel}","templated":true}]}}