{"id":115,"date":"2025-09-20T08:36:51","date_gmt":"2025-09-20T08:36:51","guid":{"rendered":"https:\/\/rock-coon.com\/?post_type=product&#038;p=115"},"modified":"2025-09-20T08:36:51","modified_gmt":"2025-09-20T08:36:51","slug":"mobile-commuter-mini-speaker-storage-bag-blue","status":"publish","type":"product","link":"https:\/\/rock-coon.com\/es\/producto\/mobile-commuter-mini-speaker-storage-bag-blue\/","title":{"rendered":"Mini bolsa de almacenamiento para altavoces Mobile Commuter, azul"},"content":{"rendered":"<ul>\n<li>Esta bolsa de almacenamiento port\u00e1til puede guardar simult\u00e1neamente aud\u00edfonos Bluetooth, mini altavoces, adaptadores de corriente, ratones, unidades de estado s\u00f3lido, cables de carga, cables de datos, tarjetas de memoria y mucho m\u00e1s, manteniendo tus accesorios electr\u00f3nicos perfectamente organizados.<\/li>\n<li>Dise\u00f1o con cremallera: permite un acceso r\u00e1pido y un almacenamiento seguro, mientras que el cierre con cremallera protege tus accesorios electr\u00f3nicos para que no se pierdan.<\/li>\n<li>Resistentes a los rayones y a los golpes: las cajas de almacenamiento suelen tener una carcasa r\u00edgida o un forro suave para proteger eficazmente los aud\u00edfonos de rayones y da\u00f1os durante el transporte, salvaguardando el cuerpo y los cables de los aud\u00edfonos.<\/li>\n<li>A prueba de polvo y agua: su dise\u00f1o herm\u00e9ticamente sellado evita que el polvo, la humedad y otras part\u00edculas extra\u00f1as entren en la caja y puedan contaminar o da\u00f1ar los aud\u00edfonos, lo que prolonga su vida \u00fatil.<\/li>\n<li>Cada bolsa de almacenamiento est\u00e1 equipada con un mosquet\u00f3n para facilitar su transporte y almacenamiento. Puede colgar la bolsa de almacenamiento en un bolso, malet\u00edn o mochila para transportarla f\u00e1cilmente.<\/li>\n<\/ul>\n<p>&nbsp;<\/p>\n<h2>Especificaciones de la bolsa de almacenamiento para altavoces<\/h2>\n<table style=\"height: 110px;\" width=\"710\">\n<tbody>\n<tr>\n<td width=\"75\">Producto:<\/td>\n<td width=\"64\">Bolsa de almacenamiento para mini altavoces<\/td>\n<\/tr>\n<tr>\n<td>MATERIAL:<\/td>\n<td>oxford\/cuero\/algod\u00f3n<\/td>\n<\/tr>\n<tr>\n<td>TAMA\u00d1O:<\/td>\n<td>6-41 pulgadas\/Personalizaci\u00f3n<\/td>\n<\/tr>\n<tr>\n<td>COLOR:<\/td>\n<td>Personalizaci\u00f3n<\/td>\n<\/tr>\n<\/tbody>\n<\/table>\n<p><a href=\"https:\/\/rock-coon.com\/wp-content\/uploads\/2025\/09\/Mobile-Commuter-Mini-Speaker-Storage-Bag-Blue-11.jpg\"><img loading=\"lazy\" decoding=\"async\" class=\"alignnone wp-image-117 size-full\" src=\"https:\/\/rock-coon.com\/wp-content\/uploads\/2025\/09\/Mobile-Commuter-Mini-Speaker-Storage-Bag-Blue-11.jpg\" alt=\"Mobile Commuter Mini Speaker Storage Bag, Blue\" width=\"800\" height=\"500\" srcset=\"https:\/\/rock-coon.com\/wp-content\/uploads\/2025\/09\/Mobile-Commuter-Mini-Speaker-Storage-Bag-Blue-11.jpg 800w, https:\/\/rock-coon.com\/wp-content\/uploads\/2025\/09\/Mobile-Commuter-Mini-Speaker-Storage-Bag-Blue-11-480x300.jpg 480w\" sizes=\"(min-width: 0px) and (max-width: 480px) 480px, (min-width: 481px) 800px, 100vw\" \/><\/a><\/p>","protected":false},"excerpt":{"rendered":"<p>Nuestras bolsas para guardar aud\u00edfonos y altavoces cuentan con caracter\u00edsticas tales como resistencia a los rayones, resistencia a los golpes, impermeabilidad, resistencia al polvo, portabilidad, ligereza, dise\u00f1o compacto, gancho\/cremallera, dise\u00f1o f\u00e1cil de usar, amplio espacio interior, material suave y ranuras de almacenamiento\/correas el\u00e1sticas. Estas caracter\u00edsticas est\u00e1n dise\u00f1adas para proteger sus accesorios electr\u00f3nicos contra da\u00f1os, facilitar su portabilidad y uso, y prolongar la vida \u00fatil de sus aud\u00edfonos.<\/p>","protected":false},"featured_media":116,"template":"","meta":{"_et_pb_use_builder":"","_et_pb_old_content":"","_et_gb_content_width":"","_monsterinsights_skip_tracking":false,"_monsterinsights_sitenote_active":false,"_monsterinsights_sitenote_note":"","_monsterinsights_sitenote_category":0},"product_brand":[],"product_cat":[19],"product_tag":[],"class_list":{"0":"post-115","1":"product","2":"type-product","3":"status-publish","4":"has-post-thumbnail","6":"product_cat-home-storage","8":"first","9":"instock","10":"shipping-taxable","11":"product-type-simple"},"jetpack_sharing_enabled":true,"_links":{"self":[{"href":"https:\/\/rock-coon.com\/es\/wp-json\/wp\/v2\/product\/115","targetHints":{"allow":["GET"]}}],"collection":[{"href":"https:\/\/rock-coon.com\/es\/wp-json\/wp\/v2\/product"}],"about":[{"href":"https:\/\/rock-coon.com\/es\/wp-json\/wp\/v2\/types\/product"}],"wp:featuredmedia":[{"embeddable":true,"href":"https:\/\/rock-coon.com\/es\/wp-json\/wp\/v2\/media\/116"}],"wp:attachment":[{"href":"https:\/\/rock-coon.com\/es\/wp-json\/wp\/v2\/media?parent=115"}],"wp:term":[{"taxonomy":"product_brand","embeddable":true,"href":"https:\/\/rock-coon.com\/es\/wp-json\/wp\/v2\/product_brand?post=115"},{"taxonomy":"product_cat","embeddable":true,"href":"https:\/\/rock-coon.com\/es\/wp-json\/wp\/v2\/product_cat?post=115"},{"taxonomy":"product_tag","embeddable":true,"href":"https:\/\/rock-coon.com\/es\/wp-json\/wp\/v2\/product_tag?post=115"}],"curies":[{"name":"wp","href":"https:\/\/api.w.org\/{rel}","templated":true}]}}