{"id":118,"date":"2025-09-20T08:38:51","date_gmt":"2025-09-20T08:38:51","guid":{"rendered":"https:\/\/rock-coon.com\/?post_type=product&#038;p=118"},"modified":"2025-09-20T08:38:51","modified_gmt":"2025-09-20T08:38:51","slug":"hard-eva-storage-case-for-game-cards-with-secure-zipper","status":"publish","type":"product","link":"https:\/\/rock-coon.com\/es\/producto\/hard-eva-storage-case-for-game-cards-with-secure-zipper\/","title":{"rendered":"Estuche r\u00edgido de EVA para tarjetas de juego con cremallera de seguridad"},"content":{"rendered":"<ul>\n<li><strong>Amplia capacidad de almacenamiento:<\/strong>\u00a0Nuestras cajas para juegos cuentan con un interior espacioso con capacidad para una gran cantidad de juegos de mesa, cartas y otros accesorios de juego, lo que proporciona un amplio espacio para todos tus art\u00edculos esenciales de juego.<\/li>\n<li><strong>Material EVA extra duradero:<\/strong>\u00a0Nuestras maletas r\u00edgidas est\u00e1n fabricadas con EVA de alta calidad, conocido por su excepcional durabilidad y resistencia al desgaste, lo que proporciona una protecci\u00f3n duradera para tu preciada colecci\u00f3n de videojuegos.<\/li>\n<li><strong>Dise\u00f1o elegante y estilizado:<\/strong>\u00a0Nuestras cajas para videojuegos presentan un elegante exterior negro con detalles en colores vivos, lo que les confiere un aspecto sofisticado y moderno, convirti\u00e9ndolas en un elemento destacado a la vista para cualquier configuraci\u00f3n de videojuegos o compa\u00f1ero de viaje.<\/li>\n<li><strong>Cierre de cremallera seguro:<\/strong>\u00a0Las cajas de los juegos cuentan con un cierre de cremallera resistente y confiable, lo que garantiza que los componentes del juego permanezcan bien sellados durante el transporte, evitando derrames accidentales o p\u00e9rdidas.<\/li>\n<li><strong>Compa\u00f1ero de viaje vers\u00e1til:<\/strong>\u00a0Con su dise\u00f1o ligero y su c\u00f3moda asa de transporte, nuestras maletas para juegos son el complemento ideal para los entusiastas de los videojuegos que se desplazan con frecuencia, ya que permiten llevar f\u00e1cilmente los juegos a torneos, fiestas o vacaciones.<\/li>\n<\/ul>\n<p>&nbsp;<\/p>\n<h2>Especificaciones del estuche r\u00edgido de almacenamiento<\/h2>\n<table width=\"710\">\n<tbody>\n<tr>\n<td width=\"75\">Producto:<\/td>\n<td width=\"64\">Estuche r\u00edgido de EVA<\/td>\n<\/tr>\n<tr>\n<td>MATERIAL:<\/td>\n<td>EVA\/oxford\/cuero\/algod\u00f3n<\/td>\n<\/tr>\n<tr>\n<td>TAMA\u00d1O:<\/td>\n<td>6-42 pulgadas\/Personalizaci\u00f3n<\/td>\n<\/tr>\n<tr>\n<td>COLOR:<\/td>\n<td>Personalizaci\u00f3n<\/td>\n<\/tr>\n<\/tbody>\n<\/table>\n<p><a href=\"https:\/\/rock-coon.com\/wp-content\/uploads\/2025\/09\/Hard-EVA-Storage-Case-for-Game-Cards-with-Secure-Zipper-11.jpg\"><img loading=\"lazy\" decoding=\"async\" class=\"alignnone wp-image-120 size-full\" src=\"https:\/\/rock-coon.com\/wp-content\/uploads\/2025\/09\/Hard-EVA-Storage-Case-for-Game-Cards-with-Secure-Zipper-11.jpg\" alt=\"Hard EVA Storage Case for Game Cards with Secure Zipper\" width=\"800\" height=\"500\" srcset=\"https:\/\/rock-coon.com\/wp-content\/uploads\/2025\/09\/Hard-EVA-Storage-Case-for-Game-Cards-with-Secure-Zipper-11.jpg 800w, https:\/\/rock-coon.com\/wp-content\/uploads\/2025\/09\/Hard-EVA-Storage-Case-for-Game-Cards-with-Secure-Zipper-11-480x300.jpg 480w\" sizes=\"(min-width: 0px) and (max-width: 480px) 480px, (min-width: 481px) 800px, 100vw\" \/><\/a><\/p>","protected":false},"excerpt":{"rendered":"<p>El estuche r\u00edgido de EVA es ideal para los amantes de los videojuegos.<\/p>","protected":false},"featured_media":119,"template":"","meta":{"_et_pb_use_builder":"","_et_pb_old_content":"","_et_gb_content_width":"","_monsterinsights_skip_tracking":false,"_monsterinsights_sitenote_active":false,"_monsterinsights_sitenote_note":"","_monsterinsights_sitenote_category":0},"product_brand":[],"product_cat":[19],"product_tag":[],"class_list":{"0":"post-118","1":"product","2":"type-product","3":"status-publish","4":"has-post-thumbnail","6":"product_cat-home-storage","8":"first","9":"instock","10":"shipping-taxable","11":"product-type-simple"},"jetpack_sharing_enabled":true,"_links":{"self":[{"href":"https:\/\/rock-coon.com\/es\/wp-json\/wp\/v2\/product\/118","targetHints":{"allow":["GET"]}}],"collection":[{"href":"https:\/\/rock-coon.com\/es\/wp-json\/wp\/v2\/product"}],"about":[{"href":"https:\/\/rock-coon.com\/es\/wp-json\/wp\/v2\/types\/product"}],"wp:featuredmedia":[{"embeddable":true,"href":"https:\/\/rock-coon.com\/es\/wp-json\/wp\/v2\/media\/119"}],"wp:attachment":[{"href":"https:\/\/rock-coon.com\/es\/wp-json\/wp\/v2\/media?parent=118"}],"wp:term":[{"taxonomy":"product_brand","embeddable":true,"href":"https:\/\/rock-coon.com\/es\/wp-json\/wp\/v2\/product_brand?post=118"},{"taxonomy":"product_cat","embeddable":true,"href":"https:\/\/rock-coon.com\/es\/wp-json\/wp\/v2\/product_cat?post=118"},{"taxonomy":"product_tag","embeddable":true,"href":"https:\/\/rock-coon.com\/es\/wp-json\/wp\/v2\/product_tag?post=118"}],"curies":[{"name":"wp","href":"https:\/\/api.w.org\/{rel}","templated":true}]}}