{"id":121,"date":"2025-09-20T08:41:26","date_gmt":"2025-09-20T08:41:26","guid":{"rendered":"https:\/\/rock-coon.com\/?post_type=product&#038;p=121"},"modified":"2025-09-20T08:41:26","modified_gmt":"2025-09-20T08:41:26","slug":"multifunctional-insulated-lunch-bags-waterproof-lunch-tote","status":"publish","type":"product","link":"https:\/\/rock-coon.com\/es\/producto\/multifunctional-insulated-lunch-bags-waterproof-lunch-tote\/","title":{"rendered":"Bolsas de almuerzo aislantes multifuncionales Bolsa de almuerzo impermeable"},"content":{"rendered":"<p>Asa doble: la bolsa t\u00e9rmica para el almuerzo est\u00e1 equipada con un asa desmontable con hebilla que se puede enganchar f\u00e1cilmente a la mochila o al malet\u00edn, para que puedas tener las manos libres. Podr\u00e1s disfrutar de s\u00e1ndwiches, galletas, fruta, chocolate, bebidas y mucho m\u00e1s sin que te suponga una carga. El asa delantera est\u00e1 dise\u00f1ada para transportar la fiambrera y evitar que se derramen los alimentos h\u00famedos.<\/p>\n<p>La bolsa est\u00e1 hecha de materiales reciclados.<\/p>\n<p>Bolsa t\u00e9rmica para el almuerzo (con revestimiento de aluminio): con aislamiento de aluminio para mantener los alimentos frescos, est\u00e1 fabricada con pl\u00e1stico reciclado y se pliega para facilitar su almacenamiento.<\/p>\n<p>Protecci\u00f3n de 3 capas: nuestra bolsa para el almuerzo est\u00e1 fabricada con tejido Oxford 600D resistente a las roturas + forro de PEVA + espuma EPE gruesa. El forro aislante de PEVA gris, apto para uso alimentario y no t\u00f3xico, es resistente a la suciedad y f\u00e1cil de limpiar con un pa\u00f1o h\u00famedo, lo que permite mantener las bebidas fr\u00edas y los alimentos calientes durante unas 5 horas.<\/p>\n<p>&nbsp;<\/p>\n<h2>Especificaciones<\/h2>\n<table style=\"height: 170px;\" width=\"422\">\n<tbody>\n<tr>\n<td width=\"107\">PRODUCTO<\/td>\n<td width=\"187\">Bolsa t\u00e9rmica personalizada para el almuerzo<\/td>\n<\/tr>\n<tr>\n<td>MODELO<\/td>\n<td>AP-TB-RC-008<\/td>\n<\/tr>\n<tr>\n<td>MATERIAL<\/td>\n<td>oxford\/cuero\/algod\u00f3n<\/td>\n<\/tr>\n<tr>\n<td>TAMA\u00d1O<\/td>\n<td>6-47 pulgadas\/Personalizaci\u00f3n<\/td>\n<\/tr>\n<tr>\n<td>COLOR<\/td>\n<td>Personalizaci\u00f3n<\/td>\n<\/tr>\n<\/tbody>\n<\/table>\n<p><a href=\"https:\/\/rock-coon.com\/wp-content\/uploads\/2025\/09\/Multifunctional-Insulated-lunch-bags-11.jpg\"><img loading=\"lazy\" decoding=\"async\" class=\"alignnone wp-image-123 size-full\" src=\"https:\/\/rock-coon.com\/wp-content\/uploads\/2025\/09\/Multifunctional-Insulated-lunch-bags-11.jpg\" alt=\"Multifunctional Insulated Lunch Bags Waterproof Lunch Tote\" width=\"800\" height=\"500\" srcset=\"https:\/\/rock-coon.com\/wp-content\/uploads\/2025\/09\/Multifunctional-Insulated-lunch-bags-11.jpg 800w, https:\/\/rock-coon.com\/wp-content\/uploads\/2025\/09\/Multifunctional-Insulated-lunch-bags-11-480x300.jpg 480w\" sizes=\"(min-width: 0px) and (max-width: 480px) 480px, (min-width: 481px) 800px, 100vw\" \/><\/a><\/p>","protected":false},"excerpt":{"rendered":"<h2><span style=\"color: #000000;\">Caracter\u00edsticas de las bolsas t\u00e9rmicas para el almuerzo<\/span><\/h2>\n<ul>\n<li><span style=\"color: #000000;\">Adecuado para cochecitos de beb\u00e9, trabajo, viajes y actividades al aire libre.<\/span><\/li>\n<li><span style=\"color: #000000;\">Bolsa para el almuerzo con estampados variados s\u00faper bonitos; una forma f\u00e1cil de a\u00f1adir diversi\u00f3n y color a la hora de comer.<\/span><\/li>\n<li><span style=\"color: #000000;\">Aislado con papel de aluminio para mantener los alimentos frescos.<\/span><\/li>\n<li><span style=\"color: #000000;\">Se pliega para facilitar su almacenamiento.<\/span><\/li>\n<\/ul>","protected":false},"featured_media":122,"template":"","meta":{"_et_pb_use_builder":"","_et_pb_old_content":"","_et_gb_content_width":"","_monsterinsights_skip_tracking":false,"_monsterinsights_sitenote_active":false,"_monsterinsights_sitenote_note":"","_monsterinsights_sitenote_category":0},"product_brand":[],"product_cat":[19],"product_tag":[],"class_list":{"0":"post-121","1":"product","2":"type-product","3":"status-publish","4":"has-post-thumbnail","6":"product_cat-home-storage","8":"first","9":"instock","10":"shipping-taxable","11":"product-type-simple"},"jetpack_sharing_enabled":true,"_links":{"self":[{"href":"https:\/\/rock-coon.com\/es\/wp-json\/wp\/v2\/product\/121","targetHints":{"allow":["GET"]}}],"collection":[{"href":"https:\/\/rock-coon.com\/es\/wp-json\/wp\/v2\/product"}],"about":[{"href":"https:\/\/rock-coon.com\/es\/wp-json\/wp\/v2\/types\/product"}],"wp:featuredmedia":[{"embeddable":true,"href":"https:\/\/rock-coon.com\/es\/wp-json\/wp\/v2\/media\/122"}],"wp:attachment":[{"href":"https:\/\/rock-coon.com\/es\/wp-json\/wp\/v2\/media?parent=121"}],"wp:term":[{"taxonomy":"product_brand","embeddable":true,"href":"https:\/\/rock-coon.com\/es\/wp-json\/wp\/v2\/product_brand?post=121"},{"taxonomy":"product_cat","embeddable":true,"href":"https:\/\/rock-coon.com\/es\/wp-json\/wp\/v2\/product_cat?post=121"},{"taxonomy":"product_tag","embeddable":true,"href":"https:\/\/rock-coon.com\/es\/wp-json\/wp\/v2\/product_tag?post=121"}],"curies":[{"name":"wp","href":"https:\/\/api.w.org\/{rel}","templated":true}]}}