{"id":124,"date":"2025-09-20T08:43:25","date_gmt":"2025-09-20T08:43:25","guid":{"rendered":"https:\/\/rock-coon.com\/?post_type=product&#038;p=124"},"modified":"2025-09-20T08:43:25","modified_gmt":"2025-09-20T08:43:25","slug":"customizable-medical-travel-organizer-and-portable-first-aid-kit","status":"publish","type":"product","link":"https:\/\/rock-coon.com\/es\/producto\/customizable-medical-travel-organizer-and-portable-first-aid-kit\/","title":{"rendered":"Organizador m\u00e9dico de viaje y botiqu\u00edn port\u00e1til personalizables"},"content":{"rendered":"<p>Contar con un botiqu\u00edn m\u00e9dico de viaje resulta incre\u00edblemente \u00fatil en caso de emergencia. Nuestro botiqu\u00edn de primeros auxilios port\u00e1til es tu compa\u00f1ero indispensable para manejar emergencias y proporcionar tratamiento m\u00e9dico inmediato a ti mismo, a tu familia y a tus compa\u00f1eros de viaje.<\/p>\n<p>&nbsp;<\/p>\n<h2>Ventajas principales de un botiqu\u00edn de primeros auxilios:<\/h2>\n<p>Tranquilidad: este botiqu\u00edn de viaje te proporciona tranquilidad all\u00e1 donde vayas. Este kit de viaje es tu mejor aliado para responder de forma eficaz ante lesiones y emergencias, garantizando que siempre est\u00e9s preparado.<\/p>\n<p>Fabricaci\u00f3n de alta calidad: este botiqu\u00edn de primeros auxilios est\u00e1 fabricado con tejido Oxford 600D resistente e impermeable, lo que garantiza que tus suministros m\u00e9dicos est\u00e9n protegidos y f\u00e1cilmente accesibles.<\/p>\n<p>Port\u00e1til y ligera: esta pr\u00e1ctica bolsa de almacenamiento para emergencias m\u00e9dicas, ligera y port\u00e1til, es f\u00e1cil de llevar durante actividades al aire libre, viajes o salidas cotidianas.<\/p>\n<p>Almacenamiento organizado: este botiqu\u00edn de primeros auxilios cuenta con m\u00faltiples bolsillos, incluyendo un compartimento principal, bolsillos interiores de malla, ranuras con banda el\u00e1stica y una bolsa transparente, lo que le permite organizar y clasificar de forma ordenada los suministros m\u00e9dicos y de emergencia para acceder a ellos r\u00e1pidamente.<\/p>\n<p>Uso vers\u00e1til: este organizador de primeros auxilios se puede utilizar como kit de costura, bolsa de viaje para medicamentos o para almacenamiento general, seg\u00fan sus necesidades.<\/p>\n<p>Una excelente idea para regalar: la bolsa de viaje para medicamentos es un excelente regalo para familiares, amigos y viajeros, ya que demuestra que te preocupas por su seguridad y bienestar.<\/p>\n<p>Tenga en cuenta que este paquete incluye un botiqu\u00edn de primeros auxilios port\u00e1til (vac\u00edo, sin ning\u00fan art\u00edculo). Puede personalizar el botiqu\u00edn seg\u00fan sus necesidades para mayor tranquilidad.<br \/>\nPrep\u00e1rate para los imprevistos de la vida con nuestro botiqu\u00edn de primeros auxilios port\u00e1til.<\/p>\n<p>&nbsp;<\/p>\n<h2>Especificaciones<\/h2>\n<table style=\"height: 170px;\" width=\"422\">\n<tbody>\n<tr>\n<td width=\"107\">PRODUCTO<\/td>\n<td width=\"187\">Bolsa de almacenamiento m\u00e9dico para el hogar vac\u00eda<\/td>\n<\/tr>\n<tr>\n<td>MODELO<\/td>\n<td>AP-TB-RC-001<\/td>\n<\/tr>\n<tr>\n<td>MATERIAL<\/td>\n<td>oxford\/cuero\/algod\u00f3n<\/td>\n<\/tr>\n<tr>\n<td>TAMA\u00d1O<\/td>\n<td>6-40 pulgadas\/Personalizaci\u00f3n<\/td>\n<\/tr>\n<tr>\n<td>COLOR<\/td>\n<td>Personalizaci\u00f3n<\/td>\n<\/tr>\n<\/tbody>\n<\/table>\n<p><a href=\"https:\/\/rock-coon.com\/wp-content\/uploads\/2025\/09\/Customizable-Medical-Travel-Organizer-and-Portable-First-Aid-Kit-11.jpg\"><img loading=\"lazy\" decoding=\"async\" class=\"alignnone wp-image-126 size-full\" src=\"https:\/\/rock-coon.com\/wp-content\/uploads\/2025\/09\/Customizable-Medical-Travel-Organizer-and-Portable-First-Aid-Kit-11.jpg\" alt=\"Customizable Medical Travel Organizer and Portable First Aid Kit\" width=\"800\" height=\"500\" srcset=\"https:\/\/rock-coon.com\/wp-content\/uploads\/2025\/09\/Customizable-Medical-Travel-Organizer-and-Portable-First-Aid-Kit-11.jpg 800w, https:\/\/rock-coon.com\/wp-content\/uploads\/2025\/09\/Customizable-Medical-Travel-Organizer-and-Portable-First-Aid-Kit-11-480x300.jpg 480w\" sizes=\"(min-width: 0px) and (max-width: 480px) 480px, (min-width: 481px) 800px, 100vw\" \/><\/a><\/p>","protected":false},"excerpt":{"rendered":"<p>Este pr\u00e1ctico botiqu\u00edn de primeros auxilios, ligero y port\u00e1til, es perfecto para actividades al aire libre, viajes o salidas diarias. Fabricado con tejido Oxford 600D resistente e impermeable, garantiza que tus suministros m\u00e9dicos est\u00e9n protegidos y f\u00e1cilmente accesibles.<\/p>","protected":false},"featured_media":125,"template":"","meta":{"_et_pb_use_builder":"","_et_pb_old_content":"","_et_gb_content_width":"","_monsterinsights_skip_tracking":false,"_monsterinsights_sitenote_active":false,"_monsterinsights_sitenote_note":"","_monsterinsights_sitenote_category":0},"product_brand":[],"product_cat":[19],"product_tag":[],"class_list":{"0":"post-124","1":"product","2":"type-product","3":"status-publish","4":"has-post-thumbnail","6":"product_cat-home-storage","8":"first","9":"instock","10":"shipping-taxable","11":"product-type-simple"},"jetpack_sharing_enabled":true,"_links":{"self":[{"href":"https:\/\/rock-coon.com\/es\/wp-json\/wp\/v2\/product\/124","targetHints":{"allow":["GET"]}}],"collection":[{"href":"https:\/\/rock-coon.com\/es\/wp-json\/wp\/v2\/product"}],"about":[{"href":"https:\/\/rock-coon.com\/es\/wp-json\/wp\/v2\/types\/product"}],"wp:featuredmedia":[{"embeddable":true,"href":"https:\/\/rock-coon.com\/es\/wp-json\/wp\/v2\/media\/125"}],"wp:attachment":[{"href":"https:\/\/rock-coon.com\/es\/wp-json\/wp\/v2\/media?parent=124"}],"wp:term":[{"taxonomy":"product_brand","embeddable":true,"href":"https:\/\/rock-coon.com\/es\/wp-json\/wp\/v2\/product_brand?post=124"},{"taxonomy":"product_cat","embeddable":true,"href":"https:\/\/rock-coon.com\/es\/wp-json\/wp\/v2\/product_cat?post=124"},{"taxonomy":"product_tag","embeddable":true,"href":"https:\/\/rock-coon.com\/es\/wp-json\/wp\/v2\/product_tag?post=124"}],"curies":[{"name":"wp","href":"https:\/\/api.w.org\/{rel}","templated":true}]}}