{"id":133,"date":"2025-09-20T08:59:45","date_gmt":"2025-09-20T08:59:45","guid":{"rendered":"https:\/\/rock-coon.com\/?post_type=product&#038;p=133"},"modified":"2025-09-20T09:15:22","modified_gmt":"2025-09-20T09:15:22","slug":"dark-camouflage-16-pockets-wrench-roll-organizer","status":"publish","type":"product","link":"https:\/\/rock-coon.com\/es\/producto\/dark-camouflage-16-pockets-wrench-roll-organizer\/","title":{"rendered":"Camuflaje Oscuro 16 Bolsillos Organizador de Llaves de Rollo"},"content":{"rendered":"<ul class=\"a-unordered-list a-vertical a-spacing-mini\">\n<li><span class=\"a-list-item\">Bolsa de herramientas port\u00e1til y ligera: Dise\u00f1ada para mayor comodidad y movilidad, esta bolsa de herramientas es port\u00e1til y ligera, por lo que se puede llevar y transportar sin esfuerzo. Su tama\u00f1o compacto y su dise\u00f1o enrollable permiten guardarla y transportarla f\u00e1cilmente a obras, talleres o dondequiera que le lleve su trabajo. Adem\u00e1s, la bolsa es f\u00e1cil de limpiar, lo que le ahorrar\u00e1 tiempo y esfuerzo a la hora de mantenerla limpia y conservar sus herramientas en perfecto estado.<\/span><\/li>\n<li class=\"a-spacing-mini\"><span class=\"a-list-item\">Organizador de rollos de llaves con 16 bolsillos: Los 16 bolsillos especialmente dise\u00f1ados se adaptan para sostener con seguridad varios tama\u00f1os de llaves, asegurando que permanezcan ordenadas y f\u00e1cilmente accesibles. Con este organizador, usted puede localizar f\u00e1cilmente la llave adecuada para la tarea a mano, ahorr\u00e1ndole tiempo y esfuerzo durante sus proyectos.<\/span><\/li>\n<li class=\"a-spacing-mini\"><span class=\"a-list-item\">Tejido Oxford 600D impermeable y duradero: La bolsa de herramientas incluye una bolsa impermeable fabricada con tejido Oxford 600D duradero. Este tejido es conocido por su excepcional solidez y resistencia al desgaste. La caracter\u00edstica impermeable garantiza que sus herramientas est\u00e9n protegidas de los da\u00f1os causados por el agua, por lo que es adecuada tanto para uso en interiores como en exteriores.<\/span><\/li>\n<li class=\"a-spacing-mini\"><span class=\"a-list-item\">Dise\u00f1o que ahorra espacio con 3 ganchos para colgar: dise\u00f1ada para optimizar el uso del espacio, esta bolsa para herramientas est\u00e1 equipada con tres ganchos resistentes. Al colgar la bolsa, puede ahorrar un valioso espacio de trabajo y mantener sus herramientas organizadas y f\u00e1cilmente accesibles. Ya sea que la cuelgue en un tablero perforado, un gancho o una pared, los tres ganchos proporcionan estabilidad y garantizan un almacenamiento seguro.<\/span><\/li>\n<li class=\"a-spacing-mini\"><span class=\"a-list-item\">Excelente mano de obra con puntadas ajustadas: La bolsa de herramientas presenta una excelente mano de obra, con una meticulosa atenci\u00f3n al detalle y puntadas ajustadas. Este nivel de calidad garantiza la durabilidad y la longevidad, lo que permite que la bolsa resista el uso frecuente. Las puntadas ajustadas contribuyen a la resistencia general de la bolsa, evitando que se deshilache y manteniendo su integridad a lo largo del tiempo.<\/span><\/li>\n<\/ul>\n<p><a href=\"https:\/\/rock-coon.com\/wp-content\/uploads\/2025\/09\/Dark-Camouflage-16-Pockets-Wrench-Roll-Organizer-11.jpg\"><img loading=\"lazy\" decoding=\"async\" class=\"alignnone wp-image-135 size-full\" src=\"https:\/\/rock-coon.com\/wp-content\/uploads\/2025\/09\/Dark-Camouflage-16-Pockets-Wrench-Roll-Organizer-11.jpg\" alt=\"Dark Camouflage 16 Pockets Wrench Roll Organizer\" width=\"800\" height=\"493\" srcset=\"https:\/\/rock-coon.com\/wp-content\/uploads\/2025\/09\/Dark-Camouflage-16-Pockets-Wrench-Roll-Organizer-11.jpg 800w, https:\/\/rock-coon.com\/wp-content\/uploads\/2025\/09\/Dark-Camouflage-16-Pockets-Wrench-Roll-Organizer-11-480x296.jpg 480w\" sizes=\"(min-width: 0px) and (max-width: 480px) 480px, (min-width: 481px) 800px, 100vw\" \/><\/a><\/p>","protected":false},"excerpt":{"rendered":"<p><span class=\"a-list-item\">Organizador de 16 bolsillos para llaves inglesas, bolsa enrollable para herramientas con tela Oxford impermeable<\/span><\/p>","protected":false},"featured_media":134,"template":"","meta":{"_et_pb_use_builder":"","_et_pb_old_content":"","_et_gb_content_width":"","_monsterinsights_skip_tracking":false,"_monsterinsights_sitenote_active":false,"_monsterinsights_sitenote_note":"","_monsterinsights_sitenote_category":0},"product_brand":[],"product_cat":[20],"product_tag":[],"class_list":{"0":"post-133","1":"product","2":"type-product","3":"status-publish","4":"has-post-thumbnail","6":"product_cat-tool-bag","8":"first","9":"instock","10":"shipping-taxable","11":"product-type-simple"},"jetpack_sharing_enabled":true,"_links":{"self":[{"href":"https:\/\/rock-coon.com\/es\/wp-json\/wp\/v2\/product\/133","targetHints":{"allow":["GET"]}}],"collection":[{"href":"https:\/\/rock-coon.com\/es\/wp-json\/wp\/v2\/product"}],"about":[{"href":"https:\/\/rock-coon.com\/es\/wp-json\/wp\/v2\/types\/product"}],"wp:featuredmedia":[{"embeddable":true,"href":"https:\/\/rock-coon.com\/es\/wp-json\/wp\/v2\/media\/134"}],"wp:attachment":[{"href":"https:\/\/rock-coon.com\/es\/wp-json\/wp\/v2\/media?parent=133"}],"wp:term":[{"taxonomy":"product_brand","embeddable":true,"href":"https:\/\/rock-coon.com\/es\/wp-json\/wp\/v2\/product_brand?post=133"},{"taxonomy":"product_cat","embeddable":true,"href":"https:\/\/rock-coon.com\/es\/wp-json\/wp\/v2\/product_cat?post=133"},{"taxonomy":"product_tag","embeddable":true,"href":"https:\/\/rock-coon.com\/es\/wp-json\/wp\/v2\/product_tag?post=133"}],"curies":[{"name":"wp","href":"https:\/\/api.w.org\/{rel}","templated":true}]}}