{"id":142,"date":"2025-09-20T09:13:37","date_gmt":"2025-09-20T09:13:37","guid":{"rendered":"https:\/\/rock-coon.com\/?post_type=product&#038;p=142"},"modified":"2025-09-20T09:13:37","modified_gmt":"2025-09-20T09:13:37","slug":"blue-heavy-duty-tool-organizer-roll-up-hanging-on-the-wall-and-car","status":"publish","type":"product","link":"https:\/\/rock-coon.com\/es\/producto\/blue-heavy-duty-tool-organizer-roll-up-hanging-on-the-wall-and-car\/","title":{"rendered":"Organizador de herramientas enrollable azul de alta resistencia, para colgar en la pared y en el coche"},"content":{"rendered":"<ul class=\"a-unordered-list a-vertical a-spacing-mini\">\n<li class=\"a-spacing-mini\"><span class=\"a-list-item\">Bolsa enrollable para herramientas mejorada: Con unas medidas de 19,3\u2033 x 13\u2033, esta bolsa enrollable para herramientas est\u00e1 fabricada por expertos con tejido Oxford 600D de alta calidad y resistente al agua, complementado con un revestimiento interior de PVC. Esta combinaci\u00f3n garantiza una durabilidad excepcional y una protecci\u00f3n fiable para tus herramientas, protegi\u00e9ndolas de la humedad y el desgaste.<\/span><\/li>\n<li class=\"a-spacing-mini\"><span class=\"a-list-item\">Amplios compartimentos para diversas herramientas: Con 4 espaciosos compartimentos fijos y 2 bolsas desmontables, este rollo de herramientas tiene capacidad para una amplia gama de herramientas. Desde llaves hasta destornilladores, podr\u00e1s tenerlo todo organizado y al alcance de la mano, agilizando tu flujo de trabajo.<\/span><\/li>\n<li class=\"a-spacing-mini\"><span class=\"a-list-item\">F\u00e1cilmente transportable y con un dise\u00f1o que ahorra espacio pensado para su comodidad: este rollo de herramientas es compacto y f\u00e1cilmente transportable. Cuando est\u00e1 enrollado, ocupa un espacio m\u00ednimo, encajando perfectamente en su veh\u00edculo o taller sin problemas, lo que le permite llevar las herramientas esenciales a cualquier parte, desde viajes a lugares de trabajo.<\/span><\/li>\n<li class=\"a-spacing-mini\"><span class=\"a-list-item\">Perfecto para los pap\u00e1s amantes de las herramientas: \u00bfBusca un regalo bien pensado? Este rollo de herramientas es ideal para las personas a las que les gustan los proyectos de bricolaje o trabajar con herramientas. Su pr\u00e1ctico dise\u00f1o les impresionar\u00e1 y facilitar\u00e1 sus tareas. Con el tama\u00f1o perfecto para caber en su cami\u00f3n, coche, barco, motocicleta o bicicleta, les permite llevar las herramientas esenciales dondequiera que vayan.<\/span><\/li>\n<li class=\"a-spacing-mini\"><span class=\"a-list-item\">100% Garant\u00eda de satisfacci\u00f3n: Puede confiar en la calidad de su bolsa de herramientas enrollable de lona; est\u00e1 hecha para durar. Disfrute de la seguridad de que respaldamos totalmente nuestros productos. No dude en ponerse en contacto con nosotros si tiene alguna pregunta.<\/span><\/li>\n<\/ul>\n<p><a href=\"https:\/\/rock-coon.com\/wp-content\/uploads\/2025\/09\/Blue-Heavy-Duty-Tool-Organizer-Roll-Up-Hanging-on-the-Wall-and-Car-11.jpg\"><img loading=\"lazy\" decoding=\"async\" class=\"alignnone wp-image-144 size-full\" src=\"https:\/\/rock-coon.com\/wp-content\/uploads\/2025\/09\/Blue-Heavy-Duty-Tool-Organizer-Roll-Up-Hanging-on-the-Wall-and-Car-11.jpg\" alt=\"Blue Heavy Duty Tool Organizer Roll Up, Hanging on the Wall and Car\" width=\"800\" height=\"493\" srcset=\"https:\/\/rock-coon.com\/wp-content\/uploads\/2025\/09\/Blue-Heavy-Duty-Tool-Organizer-Roll-Up-Hanging-on-the-Wall-and-Car-11.jpg 800w, https:\/\/rock-coon.com\/wp-content\/uploads\/2025\/09\/Blue-Heavy-Duty-Tool-Organizer-Roll-Up-Hanging-on-the-Wall-and-Car-11-480x296.jpg 480w\" sizes=\"(min-width: 0px) and (max-width: 480px) 480px, (min-width: 481px) 800px, 100vw\" \/><\/a><\/p>","protected":false},"excerpt":{"rendered":"<p><span class=\"a-list-item\">Tool Roll Bag, Heavy Duty Tool Organizer Roll Up, Portable Tool Storage Bag Easily Hanging on the Wall and Car for Professional Mechanics, Electricians, Carpenters, and Hobbyists, Azul<\/span><\/p>","protected":false},"featured_media":143,"template":"","meta":{"_et_pb_use_builder":"","_et_pb_old_content":"","_et_gb_content_width":"","_monsterinsights_skip_tracking":false,"_monsterinsights_sitenote_active":false,"_monsterinsights_sitenote_note":"","_monsterinsights_sitenote_category":0},"product_brand":[],"product_cat":[20],"product_tag":[],"class_list":{"0":"post-142","1":"product","2":"type-product","3":"status-publish","4":"has-post-thumbnail","6":"product_cat-tool-bag","8":"first","9":"instock","10":"shipping-taxable","11":"product-type-simple"},"jetpack_sharing_enabled":true,"_links":{"self":[{"href":"https:\/\/rock-coon.com\/es\/wp-json\/wp\/v2\/product\/142","targetHints":{"allow":["GET"]}}],"collection":[{"href":"https:\/\/rock-coon.com\/es\/wp-json\/wp\/v2\/product"}],"about":[{"href":"https:\/\/rock-coon.com\/es\/wp-json\/wp\/v2\/types\/product"}],"wp:featuredmedia":[{"embeddable":true,"href":"https:\/\/rock-coon.com\/es\/wp-json\/wp\/v2\/media\/143"}],"wp:attachment":[{"href":"https:\/\/rock-coon.com\/es\/wp-json\/wp\/v2\/media?parent=142"}],"wp:term":[{"taxonomy":"product_brand","embeddable":true,"href":"https:\/\/rock-coon.com\/es\/wp-json\/wp\/v2\/product_brand?post=142"},{"taxonomy":"product_cat","embeddable":true,"href":"https:\/\/rock-coon.com\/es\/wp-json\/wp\/v2\/product_cat?post=142"},{"taxonomy":"product_tag","embeddable":true,"href":"https:\/\/rock-coon.com\/es\/wp-json\/wp\/v2\/product_tag?post=142"}],"curies":[{"name":"wp","href":"https:\/\/api.w.org\/{rel}","templated":true}]}}