{"id":145,"date":"2025-09-20T09:24:42","date_gmt":"2025-09-20T09:24:42","guid":{"rendered":"https:\/\/rock-coon.com\/?post_type=product&#038;p=145"},"modified":"2025-09-20T09:24:42","modified_gmt":"2025-09-20T09:24:42","slug":"tool-bag-16-multi-pocket-tool-organizer","status":"publish","type":"product","link":"https:\/\/rock-coon.com\/es\/producto\/tool-bag-16-multi-pocket-tool-organizer\/","title":{"rendered":"Bolsa para herramientas 16\" Organizador multibolsillos para herramientas"},"content":{"rendered":"<ul class=\"a-unordered-list a-vertical a-spacing-mini\">\n<li class=\"a-spacing-mini\"><span class=\"a-list-item\">Dise\u00f1o pr\u00e1ctico y espacioso para un amplio almacenamiento: Dise\u00f1ada con un enfoque pr\u00e1ctico, esta bolsa para herramientas de 40,6 cm x 21,6 cm x 24,1 cm ofrece un interior espacioso, lo que permite organizar y almacenar de manera eficiente una amplia gama de herramientas y accesorios.<\/span><\/li>\n<li class=\"a-spacing-mini\"><span class=\"a-list-item\">Resistente y duradera gracias a su tejido Oxford grueso: fabricada con tejido Oxford grueso, esta bolsa para herramientas est\u00e1 dise\u00f1ada para soportar un uso intensivo y ofrece una durabilidad excepcional, lo que garantiza que pueda soportar entornos de trabajo exigentes.<\/span><\/li>\n<li class=\"a-spacing-mini\"><span class=\"a-list-item\">Cuatro clavos de pl\u00e1stico duro en la parte inferior de PE y EPE para mayor estabilidad: equipada con cuatro clavos de pl\u00e1stico duro en la parte inferior de PE y EPE, esta bolsa de herramientas ofrece mayor estabilidad y protecci\u00f3n, evitando da\u00f1os por superficies irregulares y proporcionando un soporte confiable.<\/span><\/li>\n<li class=\"a-spacing-mini\"><span class=\"a-list-item\">Correas para los hombros ajustables y asa acolchada suave para un transporte c\u00f3modo: para mayor comodidad durante el transporte, esta bolsa de herramientas cuenta con correas para los hombros ajustables que se pueden personalizar f\u00e1cilmente a la longitud que prefieras. El asa acolchada suave proporciona un agarre c\u00f3modo, minimizando la tensi\u00f3n en las manos durante el transporte.<\/span><\/li>\n<li class=\"a-spacing-mini\"><span class=\"a-list-item\">Bolsa de herramientas vers\u00e1til adecuada para diversas necesidades: esta bolsa de herramientas est\u00e1 dise\u00f1ada para satisfacer una amplia gama de necesidades, lo que la hace ideal para profesionales, aficionados al bricolaje y diversas industrias. Ya sea para tareas de construcci\u00f3n, automoci\u00f3n o reparaciones dom\u00e9sticas en general, se adapta sin esfuerzo a diferentes requisitos.<\/span><\/li>\n<\/ul>\n<p><a href=\"https:\/\/rock-coon.com\/wp-content\/uploads\/2025\/09\/Multi-pocket-Tool-Organizer-11.jpg\"><img loading=\"lazy\" decoding=\"async\" class=\"alignnone wp-image-147 size-full\" src=\"https:\/\/rock-coon.com\/wp-content\/uploads\/2025\/09\/Multi-pocket-Tool-Organizer-11.jpg\" alt=\"Tool Bag 16'' Multi-pocket Tool Organizer\" width=\"800\" height=\"493\" srcset=\"https:\/\/rock-coon.com\/wp-content\/uploads\/2025\/09\/Multi-pocket-Tool-Organizer-11.jpg 800w, https:\/\/rock-coon.com\/wp-content\/uploads\/2025\/09\/Multi-pocket-Tool-Organizer-11-480x296.jpg 480w\" sizes=\"(min-width: 0px) and (max-width: 480px) 480px, (min-width: 481px) 800px, 100vw\" \/><\/a><\/p>","protected":false},"excerpt":{"rendered":"<p><span class=\"a-list-item\">Bolsa para herramientas de 40 cm, organizador de herramientas con m\u00faltiples bolsillos y correa para el hombro, bolso resistente para guardar herramientas, negro y rojo.<\/span><\/p>","protected":false},"featured_media":146,"template":"","meta":{"_et_pb_use_builder":"","_et_pb_old_content":"","_et_gb_content_width":"","_monsterinsights_skip_tracking":false,"_monsterinsights_sitenote_active":false,"_monsterinsights_sitenote_note":"","_monsterinsights_sitenote_category":0},"product_brand":[],"product_cat":[20],"product_tag":[],"class_list":{"0":"post-145","1":"product","2":"type-product","3":"status-publish","4":"has-post-thumbnail","6":"product_cat-tool-bag","8":"first","9":"instock","10":"shipping-taxable","11":"product-type-simple"},"jetpack_sharing_enabled":true,"_links":{"self":[{"href":"https:\/\/rock-coon.com\/es\/wp-json\/wp\/v2\/product\/145","targetHints":{"allow":["GET"]}}],"collection":[{"href":"https:\/\/rock-coon.com\/es\/wp-json\/wp\/v2\/product"}],"about":[{"href":"https:\/\/rock-coon.com\/es\/wp-json\/wp\/v2\/types\/product"}],"wp:featuredmedia":[{"embeddable":true,"href":"https:\/\/rock-coon.com\/es\/wp-json\/wp\/v2\/media\/146"}],"wp:attachment":[{"href":"https:\/\/rock-coon.com\/es\/wp-json\/wp\/v2\/media?parent=145"}],"wp:term":[{"taxonomy":"product_brand","embeddable":true,"href":"https:\/\/rock-coon.com\/es\/wp-json\/wp\/v2\/product_brand?post=145"},{"taxonomy":"product_cat","embeddable":true,"href":"https:\/\/rock-coon.com\/es\/wp-json\/wp\/v2\/product_cat?post=145"},{"taxonomy":"product_tag","embeddable":true,"href":"https:\/\/rock-coon.com\/es\/wp-json\/wp\/v2\/product_tag?post=145"}],"curies":[{"name":"wp","href":"https:\/\/api.w.org\/{rel}","templated":true}]}}