{"id":148,"date":"2025-09-20T09:39:05","date_gmt":"2025-09-20T09:39:05","guid":{"rendered":"https:\/\/rock-coon.com\/?post_type=product&#038;p=148"},"modified":"2025-09-20T09:39:05","modified_gmt":"2025-09-20T09:39:05","slug":"tool-bag-14thick-outer-pocket-tool-organizer-orange","status":"publish","type":"product","link":"https:\/\/rock-coon.com\/es\/producto\/tool-bag-14thick-outer-pocket-tool-organizer-orange\/","title":{"rendered":"Bolsa de herramientas 14 \"Organizador de herramientas con bolsillo exterior grueso (naranja)"},"content":{"rendered":"<ul class=\"a-unordered-list a-vertical a-spacing-mini\">\n<li class=\"a-spacing-mini\"><span class=\"a-list-item\">Dise\u00f1ada para facilitar su transporte con una correa ajustable para el hombro: esta bolsa port\u00e1til de 34,5 cm x 21,6 cm x 24,9 cm ofrece un amplio espacio de almacenamiento, lo que la hace ideal para llevar sus herramientas a dondequiera que vaya. La correa ajustable garantiza un ajuste c\u00f3modo, lo que le permite moverse libremente tanto si est\u00e1 en el lugar de trabajo como en casa.<\/span><\/li>\n<li class=\"a-spacing-mini\"><span class=\"a-list-item\">Fabricada con tejido Oxford impermeable 600D y bolsillos exteriores acolchados: esta bolsa para herramientas cuenta con bolsillos exteriores gruesos rellenos de algod\u00f3n para mayor amortiguaci\u00f3n y protecci\u00f3n. Adem\u00e1s, el resistente material 600D mantiene tus herramientas a salvo de la humedad y ofrece un amplio espacio de almacenamiento para todos tus art\u00edculos esenciales.<\/span><\/li>\n<li class=\"a-spacing-mini\"><span class=\"a-list-item\">Artesan\u00eda superior con costuras resistentes para una mayor durabilidad: cada costura est\u00e1 meticulosamente elaborada con materiales de alta calidad, lo que garantiza que tu bolsa resista el desgaste diario. Esta atenci\u00f3n al detalle no solo garantiza la longevidad, sino que tambi\u00e9n refleja un compromiso con la calidad. Experimenta la diferencia que supone una artesan\u00eda superior a la hora de mantener tus herramientas organizadas y protegidas.<\/span><\/li>\n<li class=\"a-spacing-mini\"><span class=\"a-list-item\">Dise\u00f1ado para proteger sus herramientas de la humedad y los riesgos ambientales: fabricado con materiales duraderos y de alta calidad, cuenta con una base ancha de PE y costuras reforzadas para una mayor resistencia. Con un amplio espacio de almacenamiento y bolsillos organizados, sus herramientas permanecer\u00e1n seguras y f\u00e1cilmente accesibles.<\/span><\/li>\n<li class=\"a-spacing-mini\"><span class=\"a-list-item\">Bolsa multiusos para herramientas perfecta para todo tipo de aplicaciones: esta bolsa para herramientas est\u00e1 dise\u00f1ada para satisfacer una amplia gama de necesidades, lo que la hace ideal para profesionales, aficionados al bricolaje y diversos campos. Ya sea que se trate de proyectos de construcci\u00f3n, trabajos automotrices o reparaciones dom\u00e9sticas en general, se adapta sin esfuerzo a cualquier tarea que se le presente.<\/span><\/li>\n<\/ul>\n<p><a href=\"https:\/\/rock-coon.com\/wp-content\/uploads\/2025\/09\/Thick-Outer-Pocket-Tool-Organizer-11.jpg\"><img loading=\"lazy\" decoding=\"async\" class=\"alignnone wp-image-150 size-full\" src=\"https:\/\/rock-coon.com\/wp-content\/uploads\/2025\/09\/Thick-Outer-Pocket-Tool-Organizer-11.jpg\" alt=\"Tool Bag 14''Thick Outer Pocket Tool Organizer (Orange)\" width=\"800\" height=\"493\" srcset=\"https:\/\/rock-coon.com\/wp-content\/uploads\/2025\/09\/Thick-Outer-Pocket-Tool-Organizer-11.jpg 800w, https:\/\/rock-coon.com\/wp-content\/uploads\/2025\/09\/Thick-Outer-Pocket-Tool-Organizer-11-480x296.jpg 480w\" sizes=\"(min-width: 0px) and (max-width: 480px) 480px, (min-width: 481px) 800px, 100vw\" \/><\/a><\/p>","protected":false},"excerpt":{"rendered":"<p><span class=\"a-list-item\">Bolsa de herramientas de 16\", organizador de herramientas multibolsillo con base de pl\u00e1stico impermeable, bolsa resistente con correa para el hombro para guardar herramientas, negro y azul<\/span><\/p>","protected":false},"featured_media":149,"template":"","meta":{"_et_pb_use_builder":"","_et_pb_old_content":"","_et_gb_content_width":"","_monsterinsights_skip_tracking":false,"_monsterinsights_sitenote_active":false,"_monsterinsights_sitenote_note":"","_monsterinsights_sitenote_category":0},"product_brand":[],"product_cat":[20],"product_tag":[],"class_list":{"0":"post-148","1":"product","2":"type-product","3":"status-publish","4":"has-post-thumbnail","6":"product_cat-tool-bag","8":"first","9":"instock","10":"shipping-taxable","11":"product-type-simple"},"jetpack_sharing_enabled":true,"_links":{"self":[{"href":"https:\/\/rock-coon.com\/es\/wp-json\/wp\/v2\/product\/148","targetHints":{"allow":["GET"]}}],"collection":[{"href":"https:\/\/rock-coon.com\/es\/wp-json\/wp\/v2\/product"}],"about":[{"href":"https:\/\/rock-coon.com\/es\/wp-json\/wp\/v2\/types\/product"}],"wp:featuredmedia":[{"embeddable":true,"href":"https:\/\/rock-coon.com\/es\/wp-json\/wp\/v2\/media\/149"}],"wp:attachment":[{"href":"https:\/\/rock-coon.com\/es\/wp-json\/wp\/v2\/media?parent=148"}],"wp:term":[{"taxonomy":"product_brand","embeddable":true,"href":"https:\/\/rock-coon.com\/es\/wp-json\/wp\/v2\/product_brand?post=148"},{"taxonomy":"product_cat","embeddable":true,"href":"https:\/\/rock-coon.com\/es\/wp-json\/wp\/v2\/product_cat?post=148"},{"taxonomy":"product_tag","embeddable":true,"href":"https:\/\/rock-coon.com\/es\/wp-json\/wp\/v2\/product_tag?post=148"}],"curies":[{"name":"wp","href":"https:\/\/api.w.org\/{rel}","templated":true}]}}