{"id":154,"date":"2025-09-20T09:45:32","date_gmt":"2025-09-20T09:45:32","guid":{"rendered":"https:\/\/rock-coon.com\/?post_type=product&#038;p=154"},"modified":"2025-09-20T09:45:32","modified_gmt":"2025-09-20T09:45:32","slug":"blue-tool-bag-13-wide-mouth-tool-organizer","status":"publish","type":"product","link":"https:\/\/rock-coon.com\/es\/producto\/blue-tool-bag-13-wide-mouth-tool-organizer\/","title":{"rendered":"Bolsa de herramientas azul Organizador de herramientas de boca ancha de 13"},"content":{"rendered":"<ul class=\"a-unordered-list a-vertical a-spacing-mini\">\n<li class=\"a-spacing-mini\"><span class=\"a-list-item\">Dise\u00f1o pr\u00e1ctico y port\u00e1til para facilitar su transporte: <\/span><span class=\"a-list-item\">Esta bolsa para herramientas de 33 x 23 x 24 cm est\u00e1 dise\u00f1ada pensando en la practicidad y ofrece caracter\u00edsticas convenientes que facilitan su transporte. Su dise\u00f1o ergon\u00f3mico y su construcci\u00f3n liviana garantizan un transporte c\u00f3modo durante las tareas.<\/span><\/li>\n<li class=\"a-spacing-mini\"><span class=\"a-list-item\">Fabricada con tejido Oxford impermeable 600D: confeccionada con tejido Oxford impermeable 600D de alta calidad, esta bolsa para herramientas ofrece una durabilidad excepcional y un rendimiento resistente. Soporta condiciones dif\u00edciles y protege sus herramientas del da\u00f1o causado por el agua y el desgaste.<\/span><\/li>\n<li class=\"a-spacing-mini\"><span class=\"a-list-item\">Artesan\u00eda ejemplar con puntadas ajustadas para una mayor calidad: meticulosamente elaborada con atenci\u00f3n al detalle, esta bolsa de herramientas muestra una excelente artesan\u00eda. Las puntadas ajustadas proporcionan mayor resistencia y durabilidad, lo que garantiza que la bolsa aguante bien un uso exigente.<\/span><\/li>\n<li class=\"a-spacing-mini\"><span class=\"a-list-item\">Bolsa para herramientas impermeable con base de pl\u00e1stico PE para mayor protecci\u00f3n: con un dise\u00f1o impermeable, esta bolsa para herramientas protege sus herramientas de la humedad y la infiltraci\u00f3n de agua. La inclusi\u00f3n de una resistente base de pl\u00e1stico PE en la parte inferior mejora a\u00fan m\u00e1s la protecci\u00f3n contra los da\u00f1os causados por el agua.<\/span><\/li>\n<li class=\"a-spacing-mini\"><span class=\"a-list-item\">Una opci\u00f3n ideal para diversas aplicaciones: esta bolsa de herramientas es muy vers\u00e1til, lo que la convierte en una opci\u00f3n ideal para una amplia gama de situaciones y aplicaciones. Tanto si eres un trabajador profesional, un aficionado al bricolaje o trabajas en diferentes entornos, esta bolsa se adapta f\u00e1cilmente a tus necesidades.<\/span><\/li>\n<\/ul>\n<p><a href=\"https:\/\/rock-coon.com\/wp-content\/uploads\/2025\/09\/Tool-Bag-14.jpg\"><img loading=\"lazy\" decoding=\"async\" class=\"alignnone wp-image-161 size-full\" src=\"https:\/\/rock-coon.com\/wp-content\/uploads\/2025\/09\/Tool-Bag-14.jpg\" alt=\"Blue Tool Bag 13'' Wide Mouth Tool Organizer\" width=\"800\" height=\"495\" srcset=\"https:\/\/rock-coon.com\/wp-content\/uploads\/2025\/09\/Tool-Bag-14.jpg 800w, https:\/\/rock-coon.com\/wp-content\/uploads\/2025\/09\/Tool-Bag-14-480x297.jpg 480w\" sizes=\"(min-width: 0px) and (max-width: 480px) 480px, (min-width: 481px) 800px, 100vw\" \/><\/a> <a href=\"https:\/\/rock-coon.com\/wp-content\/uploads\/2025\/09\/Tool-Bag-13.jpg\"><img loading=\"lazy\" decoding=\"async\" class=\"alignnone wp-image-160 size-full\" src=\"https:\/\/rock-coon.com\/wp-content\/uploads\/2025\/09\/Tool-Bag-13.jpg\" alt=\"Blue Tool Bag 13'' Wide Mouth Tool Organizer\" width=\"800\" height=\"495\" srcset=\"https:\/\/rock-coon.com\/wp-content\/uploads\/2025\/09\/Tool-Bag-13.jpg 800w, https:\/\/rock-coon.com\/wp-content\/uploads\/2025\/09\/Tool-Bag-13-480x297.jpg 480w\" sizes=\"(min-width: 0px) and (max-width: 480px) 480px, (min-width: 481px) 800px, 100vw\" \/><\/a> <a href=\"https:\/\/rock-coon.com\/wp-content\/uploads\/2025\/09\/Tool-Bag-12.jpg\"><img loading=\"lazy\" decoding=\"async\" class=\"alignnone wp-image-159 size-full\" src=\"https:\/\/rock-coon.com\/wp-content\/uploads\/2025\/09\/Tool-Bag-12.jpg\" alt=\"Blue Tool Bag 13'' Wide Mouth Tool Organizer\" width=\"800\" height=\"495\" srcset=\"https:\/\/rock-coon.com\/wp-content\/uploads\/2025\/09\/Tool-Bag-12.jpg 800w, https:\/\/rock-coon.com\/wp-content\/uploads\/2025\/09\/Tool-Bag-12-480x297.jpg 480w\" sizes=\"(min-width: 0px) and (max-width: 480px) 480px, (min-width: 481px) 800px, 100vw\" \/><\/a> <a href=\"https:\/\/rock-coon.com\/wp-content\/uploads\/2025\/09\/Tool-Bag-11.jpg\"><img loading=\"lazy\" decoding=\"async\" class=\"alignnone wp-image-158 size-full\" src=\"https:\/\/rock-coon.com\/wp-content\/uploads\/2025\/09\/Tool-Bag-11.jpg\" alt=\"Blue Tool Bag 13'' Wide Mouth Tool Organizer\" width=\"800\" height=\"495\" srcset=\"https:\/\/rock-coon.com\/wp-content\/uploads\/2025\/09\/Tool-Bag-11.jpg 800w, https:\/\/rock-coon.com\/wp-content\/uploads\/2025\/09\/Tool-Bag-11-480x297.jpg 480w\" sizes=\"(min-width: 0px) and (max-width: 480px) 480px, (min-width: 481px) 800px, 100vw\" \/><\/a><\/p>\n<p><a href=\"https:\/\/rock-coon.com\/wp-content\/uploads\/2025\/09\/Tool-Bag-15.jpg\"><img loading=\"lazy\" decoding=\"async\" class=\"alignnone wp-image-162 size-full\" src=\"https:\/\/rock-coon.com\/wp-content\/uploads\/2025\/09\/Tool-Bag-15.jpg\" alt=\"Blue Tool Bag 13'' Wide Mouth Tool Organizer\" width=\"800\" height=\"495\" srcset=\"https:\/\/rock-coon.com\/wp-content\/uploads\/2025\/09\/Tool-Bag-15.jpg 800w, https:\/\/rock-coon.com\/wp-content\/uploads\/2025\/09\/Tool-Bag-15-480x297.jpg 480w\" sizes=\"(min-width: 0px) and (max-width: 480px) 480px, (min-width: 481px) 800px, 100vw\" \/><\/a><\/p>","protected":false},"excerpt":{"rendered":"<p><span class=\"a-list-item\">Dise\u00f1o pr\u00e1ctico y port\u00e1til para facilitar su transporte: esta bolsa para herramientas de 33 x 23 x 24 cm est\u00e1 dise\u00f1ada pensando en la practicidad y ofrece caracter\u00edsticas convenientes que facilitan su transporte. Su dise\u00f1o ergon\u00f3mico y su construcci\u00f3n liviana garantizan un transporte c\u00f3modo durante las tareas.<\/span><\/p>","protected":false},"featured_media":163,"template":"","meta":{"_et_pb_use_builder":"","_et_pb_old_content":"","_et_gb_content_width":"","_monsterinsights_skip_tracking":false,"_monsterinsights_sitenote_active":false,"_monsterinsights_sitenote_note":"","_monsterinsights_sitenote_category":0},"product_brand":[],"product_cat":[20],"product_tag":[],"class_list":{"0":"post-154","1":"product","2":"type-product","3":"status-publish","4":"has-post-thumbnail","6":"product_cat-tool-bag","8":"first","9":"instock","10":"shipping-taxable","11":"product-type-simple"},"jetpack_sharing_enabled":true,"_links":{"self":[{"href":"https:\/\/rock-coon.com\/es\/wp-json\/wp\/v2\/product\/154","targetHints":{"allow":["GET"]}}],"collection":[{"href":"https:\/\/rock-coon.com\/es\/wp-json\/wp\/v2\/product"}],"about":[{"href":"https:\/\/rock-coon.com\/es\/wp-json\/wp\/v2\/types\/product"}],"wp:featuredmedia":[{"embeddable":true,"href":"https:\/\/rock-coon.com\/es\/wp-json\/wp\/v2\/media\/163"}],"wp:attachment":[{"href":"https:\/\/rock-coon.com\/es\/wp-json\/wp\/v2\/media?parent=154"}],"wp:term":[{"taxonomy":"product_brand","embeddable":true,"href":"https:\/\/rock-coon.com\/es\/wp-json\/wp\/v2\/product_brand?post=154"},{"taxonomy":"product_cat","embeddable":true,"href":"https:\/\/rock-coon.com\/es\/wp-json\/wp\/v2\/product_cat?post=154"},{"taxonomy":"product_tag","embeddable":true,"href":"https:\/\/rock-coon.com\/es\/wp-json\/wp\/v2\/product_tag?post=154"}],"curies":[{"name":"wp","href":"https:\/\/api.w.org\/{rel}","templated":true}]}}