{"id":223,"date":"2025-09-22T14:34:47","date_gmt":"2025-09-22T14:34:47","guid":{"rendered":"https:\/\/rock-coon.com\/?post_type=product&#038;p=223"},"modified":"2025-09-22T14:34:47","modified_gmt":"2025-09-22T14:34:47","slug":"heavy-duty-crane-sandbags-saddle-bag-design","status":"publish","type":"product","link":"https:\/\/rock-coon.com\/es\/producto\/heavy-duty-crane-sandbags-saddle-bag-design\/","title":{"rendered":"Sacos de arena para gr\u00faas de gran resistencia-Dise\u00f1o de bolsa a horcajadas"},"content":{"rendered":"<div><\/div>\n<div><\/div>\n<ul>\n<li>Esta bolsa de arena resistente est\u00e1 fabricada en poli\u00e9ster y cuenta con dos compartimentos interiores, cada uno con doble cremallera. Estas bolsas de arena est\u00e1n dise\u00f1adas para su uso en interiores y exteriores.<\/li>\n<li>El dise\u00f1o de la bolsa de sill\u00edn permite un uso y transporte f\u00e1ciles. Puede contener hasta 25 libras de arena. Se utiliza habitualmente en sets de fotograf\u00eda, para lastrar y estabilizar soportes de iluminaci\u00f3n y otros equipos multimedia profesionales.<\/li>\n<li>La bolsa de arena viene vac\u00eda. Se puede llenar con grava, arena, piedras o cualquier otro material para estabilizar el equipo fotogr\u00e1fico.<\/li>\n<li>Es adecuado para estudios de fotograf\u00eda y v\u00eddeo, luces de pie, tr\u00edpodes para deportes al aire libre y tr\u00edpodes con gr\u00faa.<\/li>\n<\/ul>\n<p>&nbsp;<\/p>\n<h2>Especificaciones de las bolsas de arena para gr\u00faas de alta resistencia<\/h2>\n<table style=\"height: 170px;\" width=\"422\">\n<tbody>\n<tr>\n<td width=\"107\">PRODUCTO<\/td>\n<td width=\"187\">Bolsa de arena para gr\u00faa de silla vac\u00eda<\/td>\n<\/tr>\n<tr>\n<td>MODELO<\/td>\n<td>AP-TB-RC-0016<\/td>\n<\/tr>\n<tr>\n<td>MATERIAL<\/td>\n<td>oxford\/cuero\/algod\u00f3n<\/td>\n<\/tr>\n<tr>\n<td>TAMA\u00d1O<\/td>\n<td>6-40 pulgadas\/Personalizaci\u00f3n<\/td>\n<\/tr>\n<tr>\n<td>COLOR<\/td>\n<td>Personalizaci\u00f3n<\/td>\n<\/tr>\n<\/tbody>\n<\/table>\n<p>&nbsp;<\/p>\n<div><a href=\"https:\/\/rock-coon.com\/wp-content\/uploads\/2025\/09\/Heavy-Duty-Crane-Sandbags-Saddle-Bag-Design-2.jpg\"><img loading=\"lazy\" decoding=\"async\" class=\"alignnone wp-image-225 size-full\" src=\"https:\/\/rock-coon.com\/wp-content\/uploads\/2025\/09\/Heavy-Duty-Crane-Sandbags-Saddle-Bag-Design-2.jpg\" alt=\"Heavy-Duty Crane Sandbags-Saddle Bag Design\" width=\"800\" height=\"500\" srcset=\"https:\/\/rock-coon.com\/wp-content\/uploads\/2025\/09\/Heavy-Duty-Crane-Sandbags-Saddle-Bag-Design-2.jpg 800w, https:\/\/rock-coon.com\/wp-content\/uploads\/2025\/09\/Heavy-Duty-Crane-Sandbags-Saddle-Bag-Design-2-480x300.jpg 480w\" sizes=\"(min-width: 0px) and (max-width: 480px) 480px, (min-width: 481px) 800px, 100vw\" \/><\/a><\/div>","protected":false},"excerpt":{"rendered":"<p>La bolsa de arena para gr\u00faas de alta resistencia es adecuada para su uso en soportes de fotograf\u00eda y v\u00eddeo, soportes de iluminaci\u00f3n y tr\u00edpodes para deportes al aire libre.<\/p>","protected":false},"featured_media":224,"template":"","meta":{"_et_pb_use_builder":"","_et_pb_old_content":"","_et_gb_content_width":"","_monsterinsights_skip_tracking":false,"_monsterinsights_sitenote_active":false,"_monsterinsights_sitenote_note":"","_monsterinsights_sitenote_category":0},"product_brand":[],"product_cat":[25],"product_tag":[],"class_list":{"0":"post-223","1":"product","2":"type-product","3":"status-publish","4":"has-post-thumbnail","6":"product_cat-sand-bag","8":"first","9":"instock","10":"shipping-taxable","11":"product-type-simple"},"jetpack_sharing_enabled":true,"_links":{"self":[{"href":"https:\/\/rock-coon.com\/es\/wp-json\/wp\/v2\/product\/223","targetHints":{"allow":["GET"]}}],"collection":[{"href":"https:\/\/rock-coon.com\/es\/wp-json\/wp\/v2\/product"}],"about":[{"href":"https:\/\/rock-coon.com\/es\/wp-json\/wp\/v2\/types\/product"}],"wp:featuredmedia":[{"embeddable":true,"href":"https:\/\/rock-coon.com\/es\/wp-json\/wp\/v2\/media\/224"}],"wp:attachment":[{"href":"https:\/\/rock-coon.com\/es\/wp-json\/wp\/v2\/media?parent=223"}],"wp:term":[{"taxonomy":"product_brand","embeddable":true,"href":"https:\/\/rock-coon.com\/es\/wp-json\/wp\/v2\/product_brand?post=223"},{"taxonomy":"product_cat","embeddable":true,"href":"https:\/\/rock-coon.com\/es\/wp-json\/wp\/v2\/product_cat?post=223"},{"taxonomy":"product_tag","embeddable":true,"href":"https:\/\/rock-coon.com\/es\/wp-json\/wp\/v2\/product_tag?post=223"}],"curies":[{"name":"wp","href":"https:\/\/api.w.org\/{rel}","templated":true}]}}