{"id":281,"date":"2025-11-17T14:47:39","date_gmt":"2025-11-17T14:47:39","guid":{"rendered":"https:\/\/rock-coon.com\/?post_type=product&#038;p=281"},"modified":"2025-11-17T15:04:33","modified_gmt":"2025-11-17T15:04:33","slug":"wholesale-blue-hard-travel-case-for-portable-photo-printer","status":"publish","type":"product","link":"https:\/\/rock-coon.com\/es\/producto\/wholesale-blue-hard-travel-case-for-portable-photo-printer\/","title":{"rendered":"Mayorista Estuche de viaje r\u00edgido azul para impresora fotogr\u00e1fica port\u00e1til"},"content":{"rendered":"<div>\n<ul>\n<li>\u3010Materiales de primera calidad\u3011 Esta bolsa de viaje est\u00e1 fabricada con material PU y una carcasa resistente de EVA de alta calidad y durabilidad, que protege eficazmente su impresora port\u00e1til Kodak. La espuma amortiguadora de doble capa evita que se rayen la mini impresora Bluetooth y los peque\u00f1os accesorios.<\/li>\n<li>\u3010Almacenamiento perfecto\u3011 \u00a1Incluye solo la bolsa organizadora! (Impresora fotogr\u00e1fica y accesorios no incluidos). Adecuada para mini impresoras fotogr\u00e1ficas inal\u00e1mbricas en color, cuenta con un bolsillo de malla con cremallera incorporado para guardar papel fotogr\u00e1fico Kodak Zink y un cable de carga USB.<\/li>\n<li>\u3010Dise\u00f1o sencillo y pr\u00e1ctico\u3011 La bolsa organizadora para impresoras no solo cuenta con un divisor central integrado para evitar que los accesorios rayen tu impresora Kodak Instax, sino tambi\u00e9n con bandas el\u00e1sticas para evitar peque\u00f1os golpes. El interior est\u00e1 forrado con espuma amortiguadora de doble capa. El dise\u00f1o de doble cremallera permite guardar y sacar de forma r\u00e1pida y sencilla tu impresora fotogr\u00e1fica instant\u00e1nea en color Kodak Step.<\/li>\n<li>Regalo perfecto\u3011 Esta bolsa organizadora para impresora fotogr\u00e1fica es f\u00e1cil de transportar y perfecta para usar en casa, viajes, acampadas al aire libre, viajes de negocios y en la escuela. Tambi\u00e9n es un regalo ideal para Acci\u00f3n de Gracias, Navidad, A\u00f1o Nuevo, D\u00eda de los Ca\u00eddos, cumplea\u00f1os, D\u00eda del Padre y D\u00eda de la Madre.<\/li>\n<\/ul>\n<\/div>\n<h2><\/h2>\n<h2>Especificaciones del estuche r\u00edgido de transporte<\/h2>\n<table style=\"height: 170px;\" width=\"422\">\n<tbody>\n<tr>\n<td width=\"107\">PRODUCTO<\/td>\n<td width=\"187\">Maleta r\u00edgida vac\u00eda<\/td>\n<\/tr>\n<tr>\n<td>MODELO<\/td>\n<td>AP-TB-RC-005<\/td>\n<\/tr>\n<tr>\n<td>MATERIAL<\/td>\n<td>oxford\/cuero\/algod\u00f3n<\/td>\n<\/tr>\n<tr>\n<td>TAMA\u00d1O<\/td>\n<td>6-40 pulgadas\/Personalizaci\u00f3n<\/td>\n<\/tr>\n<tr>\n<td>COLOR<\/td>\n<td>Personalizaci\u00f3n<\/td>\n<\/tr>\n<\/tbody>\n<\/table>\n<p>&nbsp;<\/p>\n<p><a href=\"https:\/\/rock-coon.com\/es\/\"><img loading=\"lazy\" decoding=\"async\" class=\"alignnone wp-image-283 size-full\" src=\"https:\/\/rock-coon.com\/wp-content\/uploads\/2025\/11\/Wholesale-Blue-Hard-Travel-Case-for-Portable-Photo-Printer-2.jpg\" alt=\"Wholesale Blue Hard Travel Case for Portable Photo Printer\" width=\"800\" height=\"500\" srcset=\"https:\/\/rock-coon.com\/wp-content\/uploads\/2025\/11\/Wholesale-Blue-Hard-Travel-Case-for-Portable-Photo-Printer-2.jpg 800w, https:\/\/rock-coon.com\/wp-content\/uploads\/2025\/11\/Wholesale-Blue-Hard-Travel-Case-for-Portable-Photo-Printer-2-480x300.jpg 480w\" sizes=\"(min-width: 0px) and (max-width: 480px) 480px, (min-width: 481px) 800px, 100vw\" \/><\/a><\/p>","protected":false},"excerpt":{"rendered":"<p>Esta resistente funda de viaje protege tus queridos dispositivos contra golpes, abolladuras y rayones. Fabricada en material EVA, protege eficazmente tu impresora port\u00e1til Kodak. La espuma amortiguadora de doble capa evita que se rayen las mini impresoras Bluetooth y los accesorios peque\u00f1os.<\/p>","protected":false},"featured_media":282,"template":"","meta":{"_et_pb_use_builder":"","_et_pb_old_content":"","_et_gb_content_width":"","_monsterinsights_skip_tracking":false,"_monsterinsights_sitenote_active":false,"_monsterinsights_sitenote_note":"","_monsterinsights_sitenote_category":0},"product_brand":[],"product_cat":[30],"product_tag":[],"class_list":{"0":"post-281","1":"product","2":"type-product","3":"status-publish","4":"has-post-thumbnail","6":"product_cat-digital-storage","8":"first","9":"instock","10":"shipping-taxable","11":"product-type-simple"},"jetpack_sharing_enabled":true,"_links":{"self":[{"href":"https:\/\/rock-coon.com\/es\/wp-json\/wp\/v2\/product\/281","targetHints":{"allow":["GET"]}}],"collection":[{"href":"https:\/\/rock-coon.com\/es\/wp-json\/wp\/v2\/product"}],"about":[{"href":"https:\/\/rock-coon.com\/es\/wp-json\/wp\/v2\/types\/product"}],"wp:featuredmedia":[{"embeddable":true,"href":"https:\/\/rock-coon.com\/es\/wp-json\/wp\/v2\/media\/282"}],"wp:attachment":[{"href":"https:\/\/rock-coon.com\/es\/wp-json\/wp\/v2\/media?parent=281"}],"wp:term":[{"taxonomy":"product_brand","embeddable":true,"href":"https:\/\/rock-coon.com\/es\/wp-json\/wp\/v2\/product_brand?post=281"},{"taxonomy":"product_cat","embeddable":true,"href":"https:\/\/rock-coon.com\/es\/wp-json\/wp\/v2\/product_cat?post=281"},{"taxonomy":"product_tag","embeddable":true,"href":"https:\/\/rock-coon.com\/es\/wp-json\/wp\/v2\/product_tag?post=281"}],"curies":[{"name":"wp","href":"https:\/\/api.w.org\/{rel}","templated":true}]}}