{"id":284,"date":"2025-11-17T15:10:00","date_gmt":"2025-11-17T15:10:00","guid":{"rendered":"https:\/\/rock-coon.com\/?post_type=product&#038;p=284"},"modified":"2025-11-17T15:13:28","modified_gmt":"2025-11-17T15:13:28","slug":"custom-portable-electrician-tool-storage-bag-tool-roll-bag","status":"publish","type":"product","link":"https:\/\/rock-coon.com\/es\/producto\/custom-portable-electrician-tool-storage-bag-tool-roll-bag\/","title":{"rendered":"Bolsa port\u00e1til a medida para herramientas de electricista\/Bolsa con ruedas para herramientas"},"content":{"rendered":"<div>\n<ul>\n<li>\n<div>Detalles bien pensados: los herrajes son de buena calidad, las cremalleras son suaves y duraderas, y algunas tiradoras de cremallera son m\u00e1s grandes para facilitar su uso incluso con guantes. Algunas tambi\u00e9n cuentan con marcas reflectantes para facilitar su identificaci\u00f3n durante el trabajo nocturno. Algunas bolsas enrollables tienen un dise\u00f1o plegable, lo que las hace compactas cuando est\u00e1n plegadas y f\u00e1ciles de ver cuando est\u00e1n desplegadas.<\/div>\n<div><\/div>\n<\/li>\n<li>\n<div>Versatilidad: Adecuada para transportar diversos destornilladores, llaves inglesas, herramientas para bicicletas o motocicletas, bolsas de herramientas de reparaci\u00f3n, herramientas el\u00e9ctricas, bolsas de herramientas para autom\u00f3viles o remolques, as\u00ed como herramientas de jardiner\u00eda, equipo para barbacoas, herramientas de pintura, etc. Sirve como bolsa de herramientas de emergencia esencial para el hogar, acampadas o viajes en yate.<\/div>\n<\/li>\n<li>\n<div>Tejido Oxford: esta bolsa para herramientas est\u00e1 fabricada con tejido Oxford de doble capa, lo que garantiza una excelente durabilidad, una alta resistencia al desgarro y un tacto suave. Est\u00e1 dise\u00f1ada para soportar entornos de trabajo dif\u00edciles, protegiendo y organizando eficazmente sus herramientas.<\/div>\n<\/li>\n<li>\n<div>Elecci\u00f3n imprescindible: esta bolsa para herramientas es una elecci\u00f3n imprescindible para mec\u00e1nicos, dise\u00f1adores, plomeros, electricistas, carpinteros y aficionados al bricolaje. Ofrece una soluci\u00f3n pr\u00e1ctica y eficaz para organizar y guardar herramientas, satisfaciendo las diversas necesidades de profesionales y aficionados.<\/div>\n<\/li>\n<li>\n<div>M\u00faltiples opciones de transporte: con dos ganchos en forma de D en la parte superior, la bolsa de herramientas se puede colgar en la pared o detr\u00e1s del asiento del coche. Tambi\u00e9n se puede enrollar para convertirla en una bolsa de herramientas port\u00e1til o colgarla al hombro como una bolsa cruzada para facilitar su transporte.<\/div>\n<\/li>\n<li>\n<div>Caja de herramientas port\u00e1til: gran capacidad. Esta bolsa de herramientas enrollable cuenta con tres bolsillos desmontables y tres compartimentos. Los compartimentos m\u00e1s profundos y anchos permiten guardar y organizar eficazmente sus herramientas. Tambi\u00e9n incluye dos bolsillos desmontables para guardar y organizar herramientas peque\u00f1as, como tornillos, clavos y brocas.<\/div>\n<\/li>\n<\/ul>\n<\/div>\n<h2><\/h2>\n<h2>Especificaciones de la bolsa enrollable para herramientas<\/h2>\n<table style=\"height: 170px;\" width=\"422\">\n<tbody>\n<tr>\n<td width=\"107\">PRODUCTO<\/td>\n<td width=\"187\">Bolsa enrollable para herramientas al por mayor<\/td>\n<\/tr>\n<tr>\n<td>MODELO<\/td>\n<td>AP-TB-RC-006<\/td>\n<\/tr>\n<tr>\n<td>MATERIAL<\/td>\n<td>oxford\/cuero\/algod\u00f3n<\/td>\n<\/tr>\n<tr>\n<td>TAMA\u00d1O<\/td>\n<td>6-40 pulgadas\/Personalizaci\u00f3n<\/td>\n<\/tr>\n<tr>\n<td>COLOR<\/td>\n<td>Personalizaci\u00f3n<\/td>\n<\/tr>\n<\/tbody>\n<\/table>\n<p><a href=\"https:\/\/rock-coon.com\/es\/\"><img loading=\"lazy\" decoding=\"async\" class=\"alignnone wp-image-286 size-full\" src=\"https:\/\/rock-coon.com\/wp-content\/uploads\/2025\/11\/Custom-Portable-Electrician-Tool-Storage-BagTool-Roll-Bag-2.jpg\" alt=\"Custom Portable Electrician Tool Storage Bag Tool Roll Bag\" width=\"800\" height=\"500\" srcset=\"https:\/\/rock-coon.com\/wp-content\/uploads\/2025\/11\/Custom-Portable-Electrician-Tool-Storage-BagTool-Roll-Bag-2.jpg 800w, https:\/\/rock-coon.com\/wp-content\/uploads\/2025\/11\/Custom-Portable-Electrician-Tool-Storage-BagTool-Roll-Bag-2-480x300.jpg 480w\" sizes=\"(min-width: 0px) and (max-width: 480px) 480px, (min-width: 481px) 800px, 100vw\" \/><\/a><\/p>","protected":false},"excerpt":{"rendered":"<div>Estas bolsas port\u00e1tiles para guardar herramientas de electricista est\u00e1n fabricadas con materiales resistentes, como tela Oxford, lona o tejido de alta densidad. Son resistentes al desgaste y a los desgarros, y pueden soportar los ara\u00f1azos y golpes del trabajo diario. Algunos modelos tambi\u00e9n son impermeables, lo que protege las herramientas de la humedad en entornos h\u00famedos. Por ejemplo, los modelos fabricados con tela Oxford son duraderos y pueden mantenerse en buen estado en diversas condiciones de trabajo.<\/div>","protected":false},"featured_media":285,"template":"","meta":{"_et_pb_use_builder":"","_et_pb_old_content":"","_et_gb_content_width":"","_monsterinsights_skip_tracking":false,"_monsterinsights_sitenote_active":false,"_monsterinsights_sitenote_note":"","_monsterinsights_sitenote_category":0},"product_brand":[],"product_cat":[20],"product_tag":[],"class_list":{"0":"post-284","1":"product","2":"type-product","3":"status-publish","4":"has-post-thumbnail","6":"product_cat-tool-bag","8":"first","9":"instock","10":"shipping-taxable","11":"product-type-simple"},"jetpack_sharing_enabled":true,"_links":{"self":[{"href":"https:\/\/rock-coon.com\/es\/wp-json\/wp\/v2\/product\/284","targetHints":{"allow":["GET"]}}],"collection":[{"href":"https:\/\/rock-coon.com\/es\/wp-json\/wp\/v2\/product"}],"about":[{"href":"https:\/\/rock-coon.com\/es\/wp-json\/wp\/v2\/types\/product"}],"wp:featuredmedia":[{"embeddable":true,"href":"https:\/\/rock-coon.com\/es\/wp-json\/wp\/v2\/media\/285"}],"wp:attachment":[{"href":"https:\/\/rock-coon.com\/es\/wp-json\/wp\/v2\/media?parent=284"}],"wp:term":[{"taxonomy":"product_brand","embeddable":true,"href":"https:\/\/rock-coon.com\/es\/wp-json\/wp\/v2\/product_brand?post=284"},{"taxonomy":"product_cat","embeddable":true,"href":"https:\/\/rock-coon.com\/es\/wp-json\/wp\/v2\/product_cat?post=284"},{"taxonomy":"product_tag","embeddable":true,"href":"https:\/\/rock-coon.com\/es\/wp-json\/wp\/v2\/product_tag?post=284"}],"curies":[{"name":"wp","href":"https:\/\/api.w.org\/{rel}","templated":true}]}}