{"id":341,"date":"2025-11-30T06:26:38","date_gmt":"2025-11-30T06:26:38","guid":{"rendered":"https:\/\/rock-coon.com\/?post_type=product&#038;p=341"},"modified":"2025-11-30T06:35:17","modified_gmt":"2025-11-30T06:35:17","slug":"wholesale-bike-saddle-bag-riding-pouch-with-reflective-stripe","status":"publish","type":"product","link":"https:\/\/rock-coon.com\/es\/producto\/wholesale-bike-saddle-bag-riding-pouch-with-reflective-stripe\/","title":{"rendered":"Bolsa para bicicleta al por mayor con tira reflectante"},"content":{"rendered":"<div>\n<p>Bolsa impermeable para bicicleta Rockcoon con bolsillos en forma de cu\u00f1a, adecuada para ciclismo de monta\u00f1a, urbano y de carretera. Puede guardar herramientas de reparaci\u00f3n de bicicletas y cuenta con tiras reflectantes.<\/p>\n<ul>\n<li>\n<div>Bolsa para bicicleta con forma de cu\u00f1a dise\u00f1ada espec\u00edficamente para bicicletas de monta\u00f1a y de carretera.<\/div>\n<div><\/div>\n<\/li>\n<li>\n<div>Bolsa de gran capacidad, con espacio para guardar la cartera, el tel\u00e9fono, una toalla, peque\u00f1as herramientas, etc.<\/div>\n<div><\/div>\n<\/li>\n<li>\n<div>Equipado con correas de velcro y herramientas de instalaci\u00f3n para facilitar su colocaci\u00f3n y retirada.<\/div>\n<div><\/div>\n<\/li>\n<li>\n<div>Cierre con cremallera y pr\u00e1ctico dise\u00f1o de apertura para acceder f\u00e1cilmente a los art\u00edculos y evitar que se caiga el contenido.<\/div>\n<div><\/div>\n<\/li>\n<li>\n<div>Fabricado en poli\u00e9ster de alta calidad y piel sint\u00e9tica, f\u00e1cil de limpiar y duradero. Los bolsillos internos de malla ampl\u00edan el espacio de almacenamiento.<\/div>\n<div><\/div>\n<\/li>\n<li>Las tiras reflectantes mejoran la seguridad al circular de noche e incluyen un clip para la luz trasera (luz trasera no incluida).<\/li>\n<\/ul>\n<\/div>\n<h2><\/h2>\n<h2>Especificaciones de la bolsa para sill\u00edn de bicicleta<\/h2>\n<table style=\"height: 170px;\" width=\"422\">\n<tbody>\n<tr>\n<td width=\"107\">PRODUCTO<\/td>\n<td width=\"187\">Bolsa para sill\u00edn de bicicleta al por mayor<\/td>\n<\/tr>\n<tr>\n<td>MODELO<\/td>\n<td>AP-TB-RC-007<\/td>\n<\/tr>\n<tr>\n<td>MATERIAL<\/td>\n<td>oxford\/cuero\/algod\u00f3n<\/td>\n<\/tr>\n<tr>\n<td>TAMA\u00d1O<\/td>\n<td>6-46 pulgadas\/Personalizaci\u00f3n<\/td>\n<\/tr>\n<tr>\n<td>COLOR<\/td>\n<td>Personalizaci\u00f3n<\/td>\n<\/tr>\n<\/tbody>\n<\/table>\n<p><a href=\"https:\/\/rock-coon.com\/es\/\"><img loading=\"lazy\" decoding=\"async\" class=\"alignnone wp-image-342 size-full\" src=\"https:\/\/rock-coon.com\/wp-content\/uploads\/2025\/11\/Wholesale-Bike-Saddle-Bag-Riding-Pouch-with-Reflective-Stripe-1.jpg\" alt=\"Wholesale Bike Saddle Bag Riding Pouch with Reflective Stripe\" width=\"800\" height=\"500\" srcset=\"https:\/\/rock-coon.com\/wp-content\/uploads\/2025\/11\/Wholesale-Bike-Saddle-Bag-Riding-Pouch-with-Reflective-Stripe-1.jpg 800w, https:\/\/rock-coon.com\/wp-content\/uploads\/2025\/11\/Wholesale-Bike-Saddle-Bag-Riding-Pouch-with-Reflective-Stripe-1-480x300.jpg 480w\" sizes=\"(min-width: 0px) and (max-width: 480px) 480px, (min-width: 481px) 800px, 100vw\" \/><\/a><\/p>","protected":false},"excerpt":{"rendered":"<p>Esta bolsa para bicicleta es ideal para ciclismo de monta\u00f1a y desplazamientos diarios.<\/p>","protected":false},"featured_media":340,"template":"","meta":{"_et_pb_use_builder":"","_et_pb_old_content":"","_et_gb_content_width":"","_monsterinsights_skip_tracking":false,"_monsterinsights_sitenote_active":false,"_monsterinsights_sitenote_note":"","_monsterinsights_sitenote_category":0},"product_brand":[],"product_cat":[31],"product_tag":[],"class_list":{"0":"post-341","1":"product","2":"type-product","3":"status-publish","4":"has-post-thumbnail","6":"product_cat-sport-bag","8":"first","9":"instock","10":"shipping-taxable","11":"product-type-simple"},"jetpack_sharing_enabled":true,"_links":{"self":[{"href":"https:\/\/rock-coon.com\/es\/wp-json\/wp\/v2\/product\/341","targetHints":{"allow":["GET"]}}],"collection":[{"href":"https:\/\/rock-coon.com\/es\/wp-json\/wp\/v2\/product"}],"about":[{"href":"https:\/\/rock-coon.com\/es\/wp-json\/wp\/v2\/types\/product"}],"wp:featuredmedia":[{"embeddable":true,"href":"https:\/\/rock-coon.com\/es\/wp-json\/wp\/v2\/media\/340"}],"wp:attachment":[{"href":"https:\/\/rock-coon.com\/es\/wp-json\/wp\/v2\/media?parent=341"}],"wp:term":[{"taxonomy":"product_brand","embeddable":true,"href":"https:\/\/rock-coon.com\/es\/wp-json\/wp\/v2\/product_brand?post=341"},{"taxonomy":"product_cat","embeddable":true,"href":"https:\/\/rock-coon.com\/es\/wp-json\/wp\/v2\/product_cat?post=341"},{"taxonomy":"product_tag","embeddable":true,"href":"https:\/\/rock-coon.com\/es\/wp-json\/wp\/v2\/product_tag?post=341"}],"curies":[{"name":"wp","href":"https:\/\/api.w.org\/{rel}","templated":true}]}}