{"id":343,"date":"2025-11-30T06:53:54","date_gmt":"2025-11-30T06:53:54","guid":{"rendered":"https:\/\/rock-coon.com\/?post_type=product&#038;p=343"},"modified":"2025-11-30T07:14:46","modified_gmt":"2025-11-30T07:14:46","slug":"supply-oxford-waterproof-crossbody-shoulder-bag","status":"publish","type":"product","link":"https:\/\/rock-coon.com\/es\/producto\/supply-oxford-waterproof-crossbody-shoulder-bag\/","title":{"rendered":"Bolso bandolera impermeable Oxford"},"content":{"rendered":"<div>\n<p>Este bolso bandolera cruzado presenta un dise\u00f1o sencillo, port\u00e1til y elegante, adecuado tanto para hombres como para mujeres. Se puede utilizar como bolso de hombro, bolso de viaje, bolso informal para el d\u00eda a d\u00eda o bolso para actividades al aire libre. Rockcoon ofrece servicios de venta al por mayor personalizados, lo que le permite personalizar los colores, los materiales y las cantidades seg\u00fan sus necesidades.<\/p>\n<div>\n<ul>\n<li>\n<div>Material impermeable: esta bolsa de hombro est\u00e1 hecha de tela Oxford, que es impermeable y proteger\u00e1 tus pertenencias de las salpicaduras de lluvia.<\/div>\n<\/li>\n<li>\n<div>Ligera y port\u00e1til: compacta y ligera, esta bolsa es ideal si no quieres llevar una bolsa voluminosa, pero necesitas llevar contigo lo esencial.<\/div>\n<\/li>\n<li>\n<div>Vers\u00e1til: este bolso cruzado presenta un dise\u00f1o sencillo, port\u00e1til y elegante, adecuado tanto para hombres como para mujeres. Se puede utilizar como bolso de hombro, bolso de viaje, bolso informal para el d\u00eda a d\u00eda o bolso para actividades al aire libre. Perfecto para el trabajo, la vida diaria, la escuela, los viajes, el ciclismo, el senderismo, el campismo y otras actividades al aire libre. Tambi\u00e9n es un excelente regalo para amigos o familiares en cumplea\u00f1os, Navidad y Acci\u00f3n de Gracias.<\/div>\n<\/li>\n<li>\n<div>Gran capacidad: esta bolsa de hombro tiene cuatro compartimentos. El compartimento principal tiene un bolsillo interior con cremallera. El compartimento trasero puede guardar de forma segura pasaportes, boletos, etc. El compartimento principal puede contener carteras, llaves, tel\u00e9fonos celulares, aud\u00edfonos, cargadores port\u00e1tiles y gafas. El compartimento delantero puede contener llaves, chicles y monedas sueltas. Esta bolsa de hombro ofrece un amplio espacio para guardar todos tus art\u00edculos esenciales para la vida diaria o los viajes.<\/div>\n<\/li>\n<li>\n<div>Correa ajustable para el hombro: esta bolsa de hombro incluye una correa ajustable, lo que le permite ajustar la longitud de la correa para adaptarla a su estatura y h\u00e1bitos de uso. La correa resistente y ajustable se puede utilizar como bolsa de hombro o bandolera.<\/div>\n<\/li>\n<\/ul>\n<p>&nbsp;<\/p>\n<\/div>\n<\/div>\n<h2>Especificaciones del bolso de hombro<\/h2>\n<table style=\"height: 185px;\" width=\"663\">\n<tbody>\n<tr>\n<td style=\"width: 237.566px;\">PRODUCTO<\/td>\n<td style=\"width: 412.358px;\">Surtido al por mayor Bolso bandolera impermeable Oxford con m\u00faltiples bolsillos<\/td>\n<\/tr>\n<tr>\n<td style=\"width: 237.566px;\">MODELO<\/td>\n<td style=\"width: 412.358px;\">AP-TB-RC-009<\/td>\n<\/tr>\n<tr>\n<td style=\"width: 237.566px;\">MATERIAL<\/td>\n<td style=\"width: 412.358px;\">oxford\/cuero\/algod\u00f3n<\/td>\n<\/tr>\n<tr>\n<td style=\"width: 237.566px;\">TAMA\u00d1O<\/td>\n<td style=\"width: 412.358px;\">6-46 pulgadas\/Personalizaci\u00f3n<\/td>\n<\/tr>\n<tr>\n<td style=\"width: 237.566px;\">COLOR<\/td>\n<td style=\"width: 412.358px;\">Personalizaci\u00f3n<\/td>\n<\/tr>\n<\/tbody>\n<\/table>\n<p><a href=\"https:\/\/rock-coon.com\/es\/\"><img loading=\"lazy\" decoding=\"async\" class=\"alignnone wp-image-345 size-full\" src=\"https:\/\/rock-coon.com\/wp-content\/uploads\/2025\/11\/Supply-Multi-pocket-Storage-Oxford-Waterproof-Crossbody-Bag-1.jpg\" alt=\"Wholesale Supply Multi-pocket Storage Oxford Waterproof Crossbody Shoulder Bag\" width=\"800\" height=\"500\" srcset=\"https:\/\/rock-coon.com\/wp-content\/uploads\/2025\/11\/Supply-Multi-pocket-Storage-Oxford-Waterproof-Crossbody-Bag-1.jpg 800w, https:\/\/rock-coon.com\/wp-content\/uploads\/2025\/11\/Supply-Multi-pocket-Storage-Oxford-Waterproof-Crossbody-Bag-1-480x300.jpg 480w\" sizes=\"(min-width: 0px) and (max-width: 480px) 480px, (min-width: 481px) 800px, 100vw\" \/><\/a><\/p>","protected":false},"excerpt":{"rendered":"<p>Esta bolsa de hombro unisex impermeable cuenta con cremallera y correa ajustable para el hombro. Compacta y ligera, es ideal para actividades al aire libre, trabajo, compras, viajes de negocios y uso diario.<\/p>","protected":false},"featured_media":344,"template":"","meta":{"_et_pb_use_builder":"","_et_pb_old_content":"","_et_gb_content_width":"","_monsterinsights_skip_tracking":false,"_monsterinsights_sitenote_active":false,"_monsterinsights_sitenote_note":"","_monsterinsights_sitenote_category":0},"product_brand":[],"product_cat":[32],"product_tag":[],"class_list":{"0":"post-343","1":"product","2":"type-product","3":"status-publish","4":"has-post-thumbnail","6":"product_cat-shoulder-bag","8":"first","9":"instock","10":"shipping-taxable","11":"product-type-simple"},"jetpack_sharing_enabled":true,"_links":{"self":[{"href":"https:\/\/rock-coon.com\/es\/wp-json\/wp\/v2\/product\/343","targetHints":{"allow":["GET"]}}],"collection":[{"href":"https:\/\/rock-coon.com\/es\/wp-json\/wp\/v2\/product"}],"about":[{"href":"https:\/\/rock-coon.com\/es\/wp-json\/wp\/v2\/types\/product"}],"wp:featuredmedia":[{"embeddable":true,"href":"https:\/\/rock-coon.com\/es\/wp-json\/wp\/v2\/media\/344"}],"wp:attachment":[{"href":"https:\/\/rock-coon.com\/es\/wp-json\/wp\/v2\/media?parent=343"}],"wp:term":[{"taxonomy":"product_brand","embeddable":true,"href":"https:\/\/rock-coon.com\/es\/wp-json\/wp\/v2\/product_brand?post=343"},{"taxonomy":"product_cat","embeddable":true,"href":"https:\/\/rock-coon.com\/es\/wp-json\/wp\/v2\/product_cat?post=343"},{"taxonomy":"product_tag","embeddable":true,"href":"https:\/\/rock-coon.com\/es\/wp-json\/wp\/v2\/product_tag?post=343"}],"curies":[{"name":"wp","href":"https:\/\/api.w.org\/{rel}","templated":true}]}}