{"id":346,"date":"2025-11-30T07:52:23","date_gmt":"2025-11-30T07:52:23","guid":{"rendered":"https:\/\/rock-coon.com\/?post_type=product&#038;p=346"},"modified":"2025-11-30T08:07:24","modified_gmt":"2025-11-30T08:07:24","slug":"supply-portable-lunch-bag-thermal-cooler-tote-bag","status":"publish","type":"product","link":"https:\/\/rock-coon.com\/es\/producto\/supply-portable-lunch-bag-thermal-cooler-tote-bag\/","title":{"rendered":"Bolsa t\u00e9rmica port\u00e1til para el almuerzo"},"content":{"rendered":"<div><\/div>\n<div>Las bolsas port\u00e1tiles para el almuerzo combinan comodidad y estilo. Perfectas para el trabajo, el estudio o las aventuras al aire libre, estas bolsas cuentan con compartimentos aislados para mantener tus comidas frescas y a la temperatura ideal. Disponibles en una variedad de tama\u00f1os y estilos, puedes encontrar f\u00e1cilmente la bolsa perfecta para tus necesidades. Las bolsas port\u00e1tiles para almuerzo de Rockcoon son ligeras y f\u00e1ciles de transportar, lo que facilita la preparaci\u00f3n de las comidas, mantiene todo organizado y te permite disfrutar de tus comidas en cualquier momento y en cualquier lugar. Rockcoon ofrece servicios de venta al por mayor personalizados, lo que te permite personalizar los colores, los materiales y las cantidades seg\u00fan tus necesidades.<\/div>\n<div><\/div>\n<div><\/div>\n<ul>\n<li>Aisladas: las bolsas de hielo incorporadas mantienen tus alimentos frescos y fr\u00edos, para que puedas disfrutar de tus comidas en cualquier momento y en cualquier lugar. La capa exterior est\u00e1 hecha de tela Oxford y la capa interior es de papel de aluminio ecol\u00f3gico. Nuestras loncheras reutilizables pueden mantener los alimentos refrigerados hasta 5 horas, lo que las hace ideales para picnics al aire libre, compras de comestibles, comidas familiares y viajes por carretera.<\/li>\n<li>Gran capacidad: con unas dimensiones de 25 x 15 x 18 cm, esta lonchera tiene capacidad para aproximadamente 9 latas de bebidas. El compartimento principal ofrece un amplio espacio de almacenamiento para el almuerzo, bebidas, bocadillos, s\u00e1ndwiches, frutas, verduras, servilletas y cubiertos. Su dise\u00f1o de amplia abertura facilita el acceso a los alimentos y otros art\u00edculos.<\/li>\n<li>A prueba de fugas e impermeable: el forro grueso y suave evita eficazmente las fugas y es f\u00e1cil de limpiar. Si se derrama salsa en el interior, simplemente l\u00edmpiela con un pa\u00f1o h\u00famedo o una toalla de papel. El tejido impermeable compuesto de alta calidad es resistente a las manchas y duradero, y protege su comida y su contenido de salpicaduras ocasionales o lluvia ligera.<\/li>\n<li>Multifuncional: con su dise\u00f1o elegante y su ligereza, esta bolsa para el almuerzo es perfecta para llevar comida al trabajo o a la escuela, y tambi\u00e9n se puede utilizar como bolsa isot\u00e9rmica para picnics, la playa, acampadas y viajes.<\/li>\n<\/ul>\n<p>&nbsp;<\/p>\n<h2>Especificaciones de la bolsa port\u00e1til para el almuerzo<\/h2>\n<table style=\"height: 185px;\" width=\"663\">\n<tbody>\n<tr>\n<td style=\"width: 237.566px;\">PRODUCTO<\/td>\n<td style=\"width: 412.358px;\">Bolsa t\u00e9rmica port\u00e1til para almuerzo al por mayor<\/td>\n<\/tr>\n<tr>\n<td style=\"width: 237.566px;\">MODELO<\/td>\n<td style=\"width: 412.358px;\">AP-TB-RC-010<\/td>\n<\/tr>\n<tr>\n<td style=\"width: 237.566px;\">MATERIAL<\/td>\n<td style=\"width: 412.358px;\">oxford\/cuero\/algod\u00f3n, personalizado<\/td>\n<\/tr>\n<tr>\n<td style=\"width: 237.566px;\">TAMA\u00d1O<\/td>\n<td style=\"width: 412.358px;\">Personalizaci\u00f3n<\/td>\n<\/tr>\n<tr>\n<td style=\"width: 237.566px;\">COLOR<\/td>\n<td style=\"width: 412.358px;\">Personalizaci\u00f3n<\/td>\n<\/tr>\n<\/tbody>\n<\/table>\n<p><a href=\"https:\/\/rock-coon.com\/es\/\"><img loading=\"lazy\" decoding=\"async\" class=\"alignnone wp-image-347 size-full\" src=\"https:\/\/rock-coon.com\/wp-content\/uploads\/2025\/11\/Supply-Portable-Lunch-Bag-Thermal-Cooler-Tote-Bag.jpg\" alt=\"Supply Portable Lunch Bag Thermal Cooler Tote Bag\" width=\"1000\" height=\"1000\" srcset=\"https:\/\/rock-coon.com\/wp-content\/uploads\/2025\/11\/Supply-Portable-Lunch-Bag-Thermal-Cooler-Tote-Bag.jpg 1000w, https:\/\/rock-coon.com\/wp-content\/uploads\/2025\/11\/Supply-Portable-Lunch-Bag-Thermal-Cooler-Tote-Bag-980x980.jpg 980w, https:\/\/rock-coon.com\/wp-content\/uploads\/2025\/11\/Supply-Portable-Lunch-Bag-Thermal-Cooler-Tote-Bag-480x480.jpg 480w\" sizes=\"(min-width: 0px) and (max-width: 480px) 480px, (min-width: 481px) and (max-width: 980px) 980px, (min-width: 981px) 1000px, 100vw\" \/><\/a><\/p>","protected":false},"excerpt":{"rendered":"<ul>\n<li>Bolsa t\u00e9rmica herm\u00e9tica para el almuerzo<\/li>\n<li>Bolsa de mano port\u00e1til<\/li>\n<li>Bolsa reutilizable para el almuerzo<\/li>\n<li>Bolsa t\u00e9rmica refrigerante<\/li>\n<li>Adecuado para viajes al aire libre, picnics, la escuela y la oficina.<\/li>\n<li>Ofrecer servicios mayoristas personalizados.<\/li>\n<\/ul>","protected":false},"featured_media":347,"template":"","meta":{"_et_pb_use_builder":"","_et_pb_old_content":"","_et_gb_content_width":"","_monsterinsights_skip_tracking":false,"_monsterinsights_sitenote_active":false,"_monsterinsights_sitenote_note":"","_monsterinsights_sitenote_category":0},"product_brand":[],"product_cat":[19],"product_tag":[],"class_list":{"0":"post-346","1":"product","2":"type-product","3":"status-publish","4":"has-post-thumbnail","6":"product_cat-home-storage","8":"first","9":"instock","10":"shipping-taxable","11":"product-type-simple"},"jetpack_sharing_enabled":true,"_links":{"self":[{"href":"https:\/\/rock-coon.com\/es\/wp-json\/wp\/v2\/product\/346","targetHints":{"allow":["GET"]}}],"collection":[{"href":"https:\/\/rock-coon.com\/es\/wp-json\/wp\/v2\/product"}],"about":[{"href":"https:\/\/rock-coon.com\/es\/wp-json\/wp\/v2\/types\/product"}],"wp:featuredmedia":[{"embeddable":true,"href":"https:\/\/rock-coon.com\/es\/wp-json\/wp\/v2\/media\/347"}],"wp:attachment":[{"href":"https:\/\/rock-coon.com\/es\/wp-json\/wp\/v2\/media?parent=346"}],"wp:term":[{"taxonomy":"product_brand","embeddable":true,"href":"https:\/\/rock-coon.com\/es\/wp-json\/wp\/v2\/product_brand?post=346"},{"taxonomy":"product_cat","embeddable":true,"href":"https:\/\/rock-coon.com\/es\/wp-json\/wp\/v2\/product_cat?post=346"},{"taxonomy":"product_tag","embeddable":true,"href":"https:\/\/rock-coon.com\/es\/wp-json\/wp\/v2\/product_tag?post=346"}],"curies":[{"name":"wp","href":"https:\/\/api.w.org\/{rel}","templated":true}]}}