{"id":348,"date":"2025-11-30T08:11:44","date_gmt":"2025-11-30T08:11:44","guid":{"rendered":"https:\/\/rock-coon.com\/?post_type=product&#038;p=348"},"modified":"2025-11-30T08:30:54","modified_gmt":"2025-11-30T08:30:54","slug":"supply-sports-running-bag-fitness-wrist-mobile-arm-bag","status":"publish","type":"product","link":"https:\/\/rock-coon.com\/es\/producto\/supply-sports-running-bag-fitness-wrist-mobile-arm-bag\/","title":{"rendered":"Bolsa deportiva para correr Bolsa de mu\u00f1eca para el brazo para fitness"},"content":{"rendered":"<p>Esta bolsa m\u00f3vil para el brazo te permite guardar y organizar f\u00e1cilmente tu tel\u00e9fono, aud\u00edfonos, llaves del coche, tarjetas y otros objetos peque\u00f1os. Te garantiza un acceso r\u00e1pido y f\u00e1cil a todos tus objetos esenciales mientras haces ejercicio. Los bolsillos individuales con cremallera facilitan el acceso y evitan que tu tel\u00e9fono se caiga o se da\u00f1e, lo que te permite disfrutar de un entrenamiento sin preocupaciones. Ideal tanto para actividades en interiores como al aire libre, es perfecto para correr o practicar otros deportes. Rockcoon ofrece servicios de venta al por mayor personalizados, lo que te permite personalizar los colores, los materiales y las cantidades seg\u00fan tus necesidades.<\/p>\n<div><\/div>\n<div><\/div>\n<ul>\n<li>\n<div>Materiales de primera calidad: esta banda para el brazo impermeable para tel\u00e9fono est\u00e1 fabricada con tejido Oxford mejorado, agradable al tacto, impermeable y resistente al sudor, y tejido de malla transpirable. Es lavable y ofrece una experiencia de uso suave, inodora y ligera. Su dise\u00f1o permite doblarla, girarla y plegarla sin que se deforme.<\/div>\n<\/li>\n<li>\n<div>Brazalete universal para tel\u00e9fono: lo suficientemente grande como para adaptarse a smartphones con pantallas y fundas protectoras, as\u00ed como a AirPods, reproductores MP3, etc.<\/div>\n<\/li>\n<li>\n<div>Apto para diferentes tama\u00f1os de brazo, antideslizante: esta banda universal para el brazo se puede utilizar en el brazo, la mu\u00f1eca, la pierna o el tobillo. La banda ajustable con velcro est\u00e1 disponible en dos tama\u00f1os y protege y estabiliza sus dispositivos durante actividades en interiores o al aire libre, evitando que se deslicen o se atasquen.<\/div>\n<\/li>\n<li>\n<div>Multifuncional y seguro: cuenta con un dise\u00f1o de doble capa que ofrece un espacio de almacenamiento amplio y seguro para tu tel\u00e9fono, llaves (incluidas las de casa y del coche), tarjetas de cr\u00e9dito, dinero en efectivo, aud\u00edfonos, iPod, reproductor MP3, pasaporte, cables de datos, pa\u00f1uelos de papel y otros accesorios.<\/div>\n<\/li>\n<li>\n<div>Apto para todo tipo de actividades y con garant\u00eda incluida: perfecto para una gran variedad de actividades, como ocio diario, caminar, correr, ciclismo, senderismo, pesca, pirag\u00fcismo, entrenamiento cruzado, monta\u00f1ismo, campamento, viajes, ejercicio, deportes extremos, fitness, yoga y ejercicio de alta intensidad.<\/div>\n<\/li>\n<\/ul>\n<p>&nbsp;<\/p>\n<h2>Especificaciones de la bolsa para brazo m\u00f3vil para correr<\/h2>\n<table style=\"height: 185px;\" width=\"663\">\n<tbody>\n<tr>\n<td style=\"width: 237.566px;\">PRODUCTO<\/td>\n<td style=\"width: 412.358px;\">Bolsa de mano para el brazo para fitness al por mayor Bolsa deportiva para correr<\/td>\n<\/tr>\n<tr>\n<td style=\"width: 237.566px;\">MODELO<\/td>\n<td style=\"width: 412.358px;\">AP-TB-RC-011<\/td>\n<\/tr>\n<tr>\n<td style=\"width: 237.566px;\">MATERIAL<\/td>\n<td style=\"width: 412.358px;\">oxford\/cuero\/algod\u00f3n, personalizado<\/td>\n<\/tr>\n<tr>\n<td style=\"width: 237.566px;\">TAMA\u00d1O<\/td>\n<td style=\"width: 412.358px;\">Personalizaci\u00f3n<\/td>\n<\/tr>\n<tr>\n<td style=\"width: 237.566px;\">COLOR<\/td>\n<td style=\"width: 412.358px;\">Personalizaci\u00f3n<\/td>\n<\/tr>\n<\/tbody>\n<\/table>\n<p><a href=\"https:\/\/rock-coon.com\/es\/\"><img loading=\"lazy\" decoding=\"async\" class=\"alignnone wp-image-349 size-full\" src=\"https:\/\/rock-coon.com\/wp-content\/uploads\/2025\/11\/Supply-Sports-Running-Bag-Fitness-Wrist-Mobile-Arm-Bag.jpg\" alt=\"Supply Sports Running Bag Fitness Wrist Mobile Arm Bag\" width=\"1000\" height=\"1000\" srcset=\"https:\/\/rock-coon.com\/wp-content\/uploads\/2025\/11\/Supply-Sports-Running-Bag-Fitness-Wrist-Mobile-Arm-Bag.jpg 1000w, https:\/\/rock-coon.com\/wp-content\/uploads\/2025\/11\/Supply-Sports-Running-Bag-Fitness-Wrist-Mobile-Arm-Bag-980x980.jpg 980w, https:\/\/rock-coon.com\/wp-content\/uploads\/2025\/11\/Supply-Sports-Running-Bag-Fitness-Wrist-Mobile-Arm-Bag-480x480.jpg 480w\" sizes=\"(min-width: 0px) and (max-width: 480px) 480px, (min-width: 481px) and (max-width: 980px) 980px, (min-width: 981px) 1000px, 100vw\" \/><\/a><\/p>","protected":false},"excerpt":{"rendered":"<ul>\n<li>Brazalete universal para tel\u00e9fono m\u00f3vil.<\/li>\n<li>Espacio para guardar tu tel\u00e9fono, llaves (incluidas las de casa y del coche), tarjetas de cr\u00e9dito, dinero en efectivo, aud\u00edfonos, iPod, reproductor MP3, pasaporte, cable de datos, pa\u00f1uelos de papel y otros accesorios.<\/li>\n<li>Protege y estabiliza tus dispositivos durante actividades en interiores y exteriores, evitando deslizamientos o atascos.<\/li>\n<li>Adecuado para correr, practicar deportes y otras ocasiones.<\/li>\n<li>Ofrecer servicios mayoristas personalizados.<\/li>\n<\/ul>","protected":false},"featured_media":349,"template":"","meta":{"_et_pb_use_builder":"","_et_pb_old_content":"","_et_gb_content_width":"","_monsterinsights_skip_tracking":false,"_monsterinsights_sitenote_active":false,"_monsterinsights_sitenote_note":"","_monsterinsights_sitenote_category":0},"product_brand":[],"product_cat":[31],"product_tag":[],"class_list":{"0":"post-348","1":"product","2":"type-product","3":"status-publish","4":"has-post-thumbnail","6":"product_cat-sport-bag","8":"first","9":"instock","10":"shipping-taxable","11":"product-type-simple"},"jetpack_sharing_enabled":true,"_links":{"self":[{"href":"https:\/\/rock-coon.com\/es\/wp-json\/wp\/v2\/product\/348","targetHints":{"allow":["GET"]}}],"collection":[{"href":"https:\/\/rock-coon.com\/es\/wp-json\/wp\/v2\/product"}],"about":[{"href":"https:\/\/rock-coon.com\/es\/wp-json\/wp\/v2\/types\/product"}],"wp:featuredmedia":[{"embeddable":true,"href":"https:\/\/rock-coon.com\/es\/wp-json\/wp\/v2\/media\/349"}],"wp:attachment":[{"href":"https:\/\/rock-coon.com\/es\/wp-json\/wp\/v2\/media?parent=348"}],"wp:term":[{"taxonomy":"product_brand","embeddable":true,"href":"https:\/\/rock-coon.com\/es\/wp-json\/wp\/v2\/product_brand?post=348"},{"taxonomy":"product_cat","embeddable":true,"href":"https:\/\/rock-coon.com\/es\/wp-json\/wp\/v2\/product_cat?post=348"},{"taxonomy":"product_tag","embeddable":true,"href":"https:\/\/rock-coon.com\/es\/wp-json\/wp\/v2\/product_tag?post=348"}],"curies":[{"name":"wp","href":"https:\/\/api.w.org\/{rel}","templated":true}]}}