{"id":350,"date":"2025-11-30T08:43:45","date_gmt":"2025-11-30T08:43:45","guid":{"rendered":"https:\/\/rock-coon.com\/?post_type=product&#038;p=350"},"modified":"2025-11-30T08:53:57","modified_gmt":"2025-11-30T08:53:57","slug":"wholesale-running-waist-pack-with-water-bottle-holder","status":"publish","type":"product","link":"https:\/\/rock-coon.com\/es\/producto\/wholesale-running-waist-pack-with-water-bottle-holder\/","title":{"rendered":"Ri\u00f1onera para correr al por mayor con portabotellas"},"content":{"rendered":"<p>Esta ri\u00f1onera para correr es ajustable y cuenta con un bolsillo para botella de agua, lo que te permite tener las manos libres. Ideal para corredores, maratonistas, entusiastas del fitness, excursionistas y joggers. Un bolsillo con cremallera permite guardar objetos peque\u00f1os, como un tel\u00e9fono grande (con funda), llaves, tarjetas y otros art\u00edculos. Las tiras reflectantes mejoran la visibilidad nocturna para mayor seguridad.<\/p>\n<p>Rockcoon ofrece servicios de venta al por mayor personalizados, lo que le permite personalizar los colores, los materiales y las cantidades seg\u00fan sus necesidades.<\/p>\n<ul>\n<li>\n<div>Material de primera calidad: fabricado con tela Oxford de alta calidad, es muy resistente e impermeable, apto para diversos entornos.<\/div>\n<\/li>\n<li>\n<div>Tama\u00f1o ajustable: esta ri\u00f1onera para correr con bolsillo para botella de agua es ajustable y el bolsillo tiene capacidad para la mayor\u00eda de los smartphones.<\/div>\n<\/li>\n<li>\n<div>Adecuado para m\u00faltiples ocasiones: perfecto para diversas actividades al aire libre, como fiestas, viajes, correr, caminar, andar en bicicleta, hacer senderismo, etc. Esta ri\u00f1onera es un regalo sencillo y elegante para hombres, mujeres, ni\u00f1os, familiares y amigos.<\/div>\n<\/li>\n<li>\n<div>Compacto y port\u00e1til con gran capacidad: nuestra ri\u00f1onera tiene capacidad para tel\u00e9fonos con pantallas grandes, cuenta con un bolsillo para llaves integrado para proteger la pantalla de ara\u00f1azos, un conector para aud\u00edfonos para disfrutar de la m\u00fasica mientras corres y una cremallera antirrobo.<\/div>\n<\/li>\n<li>\n<div>Dise\u00f1o reflectante: se han a\u00f1adido tiras reflectantes a los bolsillos multifuncionales y a los laterales de las hebillas, lo que proporciona una excelente visibilidad a la luz del sol y mejora la seguridad durante las carreras nocturnas.<\/div>\n<\/li>\n<li>\n<div>C\u00f3modo de llevar: esta ri\u00f1onera para correr cuenta con un innovador dise\u00f1o de portabotellas con un cord\u00f3n el\u00e1stico ajustable para sujetar de forma segura tu botella de agua y evitar que se mueva.<\/div>\n<\/li>\n<\/ul>\n<p>&nbsp;<\/p>\n<h2>Especificaciones de la ri\u00f1onera para correr<\/h2>\n<table style=\"height: 185px;\" width=\"663\">\n<tbody>\n<tr>\n<td style=\"width: 237.566px;\">PRODUCTO<\/td>\n<td style=\"width: 412.358px;\">Ri\u00f1onera impermeable para correr con botella de agua<\/td>\n<\/tr>\n<tr>\n<td style=\"width: 237.566px;\">MODELO<\/td>\n<td style=\"width: 412.358px;\">AP-TB-RC-012<\/td>\n<\/tr>\n<tr>\n<td style=\"width: 237.566px;\">MATERIAL<\/td>\n<td style=\"width: 412.358px;\">oxford\/cuero\/algod\u00f3n, personalizado<\/td>\n<\/tr>\n<tr>\n<td style=\"width: 237.566px;\">TAMA\u00d1O<\/td>\n<td style=\"width: 412.358px;\">Personalizaci\u00f3n<\/td>\n<\/tr>\n<tr>\n<td style=\"width: 237.566px;\">COLOR<\/td>\n<td style=\"width: 412.358px;\">Personalizaci\u00f3n<\/td>\n<\/tr>\n<\/tbody>\n<\/table>\n<p><a href=\"https:\/\/rock-coon.com\/es\/\"><img loading=\"lazy\" decoding=\"async\" class=\"alignnone wp-image-351 size-full\" src=\"https:\/\/rock-coon.com\/wp-content\/uploads\/2025\/11\/Wholesale-Running-Waist-Pack-with-Water-Bottle-Holder.jpg\" alt=\"Wholesale Running Waist Pack with Water Bottle Holder\" width=\"1000\" height=\"1000\" srcset=\"https:\/\/rock-coon.com\/wp-content\/uploads\/2025\/11\/Wholesale-Running-Waist-Pack-with-Water-Bottle-Holder.jpg 1000w, https:\/\/rock-coon.com\/wp-content\/uploads\/2025\/11\/Wholesale-Running-Waist-Pack-with-Water-Bottle-Holder-980x980.jpg 980w, https:\/\/rock-coon.com\/wp-content\/uploads\/2025\/11\/Wholesale-Running-Waist-Pack-with-Water-Bottle-Holder-480x480.jpg 480w\" sizes=\"(min-width: 0px) and (max-width: 480px) 480px, (min-width: 481px) and (max-width: 980px) 980px, (min-width: 981px) 1000px, 100vw\" \/><\/a><\/p>\n<p>&nbsp;<\/p>","protected":false},"excerpt":{"rendered":"<ul>\n<li>Ri\u00f1onera impermeable para correr.<\/li>\n<li>\n<div>Con bolsa para botella de agua<\/div>\n<\/li>\n<li>\n<div>Cintur\u00f3n ajustable<\/div>\n<\/li>\n<li>\n<div>Cabe f\u00e1cilmente tu tel\u00e9fono grande (con funda), llaves, tarjetas y otros art\u00edculos.<\/div>\n<\/li>\n<li>\n<div>Adecuado para deportes, correr, senderismo, trotar.<\/div>\n<\/li>\n<li>\n<div>Unisex<\/div>\n<\/li>\n<li>Ofrecer servicios mayoristas personalizados.<\/li>\n<\/ul>","protected":false},"featured_media":351,"template":"","meta":{"_et_pb_use_builder":"","_et_pb_old_content":"","_et_gb_content_width":"","_monsterinsights_skip_tracking":false,"_monsterinsights_sitenote_active":false,"_monsterinsights_sitenote_note":"","_monsterinsights_sitenote_category":0},"product_brand":[],"product_cat":[31],"product_tag":[],"class_list":{"0":"post-350","1":"product","2":"type-product","3":"status-publish","4":"has-post-thumbnail","6":"product_cat-sport-bag","8":"first","9":"instock","10":"shipping-taxable","11":"product-type-simple"},"jetpack_sharing_enabled":true,"_links":{"self":[{"href":"https:\/\/rock-coon.com\/es\/wp-json\/wp\/v2\/product\/350","targetHints":{"allow":["GET"]}}],"collection":[{"href":"https:\/\/rock-coon.com\/es\/wp-json\/wp\/v2\/product"}],"about":[{"href":"https:\/\/rock-coon.com\/es\/wp-json\/wp\/v2\/types\/product"}],"wp:featuredmedia":[{"embeddable":true,"href":"https:\/\/rock-coon.com\/es\/wp-json\/wp\/v2\/media\/351"}],"wp:attachment":[{"href":"https:\/\/rock-coon.com\/es\/wp-json\/wp\/v2\/media?parent=350"}],"wp:term":[{"taxonomy":"product_brand","embeddable":true,"href":"https:\/\/rock-coon.com\/es\/wp-json\/wp\/v2\/product_brand?post=350"},{"taxonomy":"product_cat","embeddable":true,"href":"https:\/\/rock-coon.com\/es\/wp-json\/wp\/v2\/product_cat?post=350"},{"taxonomy":"product_tag","embeddable":true,"href":"https:\/\/rock-coon.com\/es\/wp-json\/wp\/v2\/product_tag?post=350"}],"curies":[{"name":"wp","href":"https:\/\/api.w.org\/{rel}","templated":true}]}}