{"id":358,"date":"2025-11-30T09:11:09","date_gmt":"2025-11-30T09:11:09","guid":{"rendered":"https:\/\/rock-coon.com\/?post_type=product&#038;p=358"},"modified":"2025-11-30T09:25:51","modified_gmt":"2025-11-30T09:25:51","slug":"wholesale-portable-felt-baby-diaper-caddy-organizer-for-toy-and-wipes","status":"publish","type":"product","link":"https:\/\/rock-coon.com\/es\/producto\/wholesale-portable-felt-baby-diaper-caddy-organizer-for-toy-and-wipes\/","title":{"rendered":"Organizador port\u00e1til de fieltro para pa\u00f1ales de beb\u00e9 al por mayor para juguetes y toallitas"},"content":{"rendered":"<p>El organizador para pa\u00f1ales est\u00e1 fabricado con fibra qu\u00edmica gruesa de alta calidad, que no solo es resistente, sino tambi\u00e9n ligera y f\u00e1cil de transportar. Dos asas grandes con forma de lazo te permiten llevar a tu hijo f\u00e1cilmente a cualquier lugar. Desde pa\u00f1ales, toallitas, cremas, lociones, juguetes, ropa extra y mucho m\u00e1s, este vers\u00e1til organizador lo puede guardar todo. Bolsillos laterales independientes alrededor del exterior, m\u00e1s pr\u00e1cticos para guardar objetos peque\u00f1os como llaves, celular, l\u00e1piz de cejas, etc.<\/p>\n<p>Rockcoon ofrece servicios de venta al por mayor personalizados, lo que le permite personalizar los colores, los materiales y las cantidades seg\u00fan sus necesidades.<\/p>\n<ul>\n<li>\n<div>Vers\u00e1til: nuestra bolsa para pa\u00f1ales no solo es pr\u00e1ctica, sino que tambi\u00e9n a\u00f1ade un toque de estilo a la habitaci\u00f3n del beb\u00e9 o al coche. Su dise\u00f1o moderno la convierte en el complemento perfecto para cualquier espacio, mientras que su practicidad la convierte en un excelente regalo para beb\u00e9s. Esta cesta para pa\u00f1ales presenta un dise\u00f1o gris natural muy resistente a las manchas y que aporta elegancia a cualquier rinc\u00f3n de tu hogar. Incluso cuando tu beb\u00e9 ya no use pa\u00f1ales, esta cesta para pa\u00f1ales se puede reutilizar. A medida que tu beb\u00e9 crezca, esta canasta para pa\u00f1ales tambi\u00e9n se puede utilizar como canasta para la ropa sucia, canasta de picnic, canasta de compras, canasta de juguetes para ni\u00f1os en edad escolar, canasta para videojuegos y mucho m\u00e1s. Los bolsillos laterales independientes rodean la canasta para guardar c\u00f3modamente objetos peque\u00f1os como llaves, tel\u00e9fonos y l\u00e1pices de cejas.<\/div>\n<\/li>\n<li>\n<div>Materiales de primera calidad: esta bolsa para pa\u00f1ales est\u00e1 fabricada con tejido de poli\u00e9ster de alta calidad, respetuoso con el medio ambiente y seguro, suave para la delicada piel del beb\u00e9 y plegable sin deformarse. La exquisita artesan\u00eda de plegado y costura hace que esta bolsa para beb\u00e9s sea m\u00e1s resistente y duradera, bonita y elegante, adecuada tanto para ni\u00f1os como para ni\u00f1as.<\/div>\n<\/li>\n<li>\n<div>Bolsa port\u00e1til para pa\u00f1ales: perfecta para guardar todos los art\u00edculos esenciales de tu beb\u00e9. Desde pa\u00f1ales, toallitas, lociones, cremas, juguetes, ropa de recambio y mucho m\u00e1s, esta bolsa multifuncional lo guarda todo f\u00e1cilmente. Su dise\u00f1o espacioso y sus separadores te permiten organizar f\u00e1cilmente los art\u00edculos del beb\u00e9, manteniendo todo ordenado y al alcance de la mano, especialmente durante las tomas nocturnas. Sus m\u00faltiples bolsillos externos te permiten guardar todo lo que necesitas cuando sales de casa.<\/div>\n<\/li>\n<li>\n<div>Resistente y ligera: nuestra bolsa para pa\u00f1ales est\u00e1 fabricada con fibra sint\u00e9tica gruesa de alta calidad, lo que la hace no solo resistente y duradera, sino tambi\u00e9n ligera y f\u00e1cil de transportar. Sus dos asas grandes facilitan el transporte de tu beb\u00e9 cuando sales de casa.<\/div>\n<\/li>\n<li>\n<div>F\u00e1cil de limpiar: limpiar esta bolsa es muy sencillo, basta con pasarle un trapo h\u00famedo. Ya no tendr\u00e1s que preocuparte por tediosos pasos de limpieza ni manchas dif\u00edciles.<\/div>\n<\/li>\n<\/ul>\n<p>&nbsp;<\/p>\n<h2>Especificaciones del organizador para pa\u00f1ales de beb\u00e9<\/h2>\n<table style=\"height: 185px;\" width=\"663\">\n<tbody>\n<tr>\n<td style=\"width: 237.566px;\">PRODUCTO<\/td>\n<td style=\"width: 412.358px;\">Organizador port\u00e1til de fieltro para pa\u00f1ales de beb\u00e9 al por mayor para juguetes y toallitas<\/td>\n<\/tr>\n<tr>\n<td style=\"width: 237.566px;\">MODELO<\/td>\n<td style=\"width: 412.358px;\">AP-TB-RC-013<\/td>\n<\/tr>\n<tr>\n<td style=\"width: 237.566px;\">MATERIAL<\/td>\n<td style=\"width: 412.358px;\">oxford\/cuero\/algod\u00f3n, personalizado<\/td>\n<\/tr>\n<tr>\n<td style=\"width: 237.566px;\">TAMA\u00d1O<\/td>\n<td style=\"width: 412.358px;\">Personalizaci\u00f3n<\/td>\n<\/tr>\n<tr>\n<td style=\"width: 237.566px;\">COLOR<\/td>\n<td style=\"width: 412.358px;\">Personalizaci\u00f3n<\/td>\n<\/tr>\n<\/tbody>\n<\/table>\n<p><a href=\"https:\/\/rock-coon.com\/es\/\"><img loading=\"lazy\" decoding=\"async\" class=\"alignnone wp-image-359 size-full\" src=\"https:\/\/rock-coon.com\/wp-content\/uploads\/2025\/11\/Wholesale-Portable-Felt-Baby-Diaper-Caddy-Organizer-for-Toy-and-Wipes.jpg\" alt=\"Wholesale Portable Felt Baby Diaper Caddy Organizer for Toy and Wipes\" width=\"1000\" height=\"1000\" srcset=\"https:\/\/rock-coon.com\/wp-content\/uploads\/2025\/11\/Wholesale-Portable-Felt-Baby-Diaper-Caddy-Organizer-for-Toy-and-Wipes.jpg 1000w, https:\/\/rock-coon.com\/wp-content\/uploads\/2025\/11\/Wholesale-Portable-Felt-Baby-Diaper-Caddy-Organizer-for-Toy-and-Wipes-980x980.jpg 980w, https:\/\/rock-coon.com\/wp-content\/uploads\/2025\/11\/Wholesale-Portable-Felt-Baby-Diaper-Caddy-Organizer-for-Toy-and-Wipes-480x480.jpg 480w\" sizes=\"(min-width: 0px) and (max-width: 480px) 480px, (min-width: 481px) and (max-width: 980px) 980px, (min-width: 981px) 1000px, 100vw\" \/><\/a><\/p>\n<p>&nbsp;<\/p>\n<p>&nbsp;<\/p>","protected":false},"excerpt":{"rendered":"<ul>\n<li>Organizador port\u00e1til para pa\u00f1ales de beb\u00e9.;<\/li>\n<li>La soluci\u00f3n perfecta para todos los art\u00edculos esenciales de tu beb\u00e9.<\/li>\n<li>Dise\u00f1o compacto y elegante para facilitar el almacenamiento y el acceso.;<\/li>\n<li>Almacenamiento port\u00e1til para viajes con pa\u00f1ales, toallitas, juguetes y art\u00edculos esenciales para reci\u00e9n nacidos.;<\/li>\n<li>Fabricado con poli\u00e9ster de alta calidad, totalmente ecol\u00f3gico y seguro para tu beb\u00e9, se puede doblar sin deformarse.<\/li>\n<li>Ofrecer servicios mayoristas personalizados.<\/li>\n<\/ul>","protected":false},"featured_media":359,"template":"","meta":{"_et_pb_use_builder":"","_et_pb_old_content":"","_et_gb_content_width":"","_monsterinsights_skip_tracking":false,"_monsterinsights_sitenote_active":false,"_monsterinsights_sitenote_note":"","_monsterinsights_sitenote_category":0},"product_brand":[],"product_cat":[19],"product_tag":[],"class_list":{"0":"post-358","1":"product","2":"type-product","3":"status-publish","4":"has-post-thumbnail","6":"product_cat-home-storage","8":"first","9":"instock","10":"shipping-taxable","11":"product-type-simple"},"jetpack_sharing_enabled":true,"_links":{"self":[{"href":"https:\/\/rock-coon.com\/es\/wp-json\/wp\/v2\/product\/358","targetHints":{"allow":["GET"]}}],"collection":[{"href":"https:\/\/rock-coon.com\/es\/wp-json\/wp\/v2\/product"}],"about":[{"href":"https:\/\/rock-coon.com\/es\/wp-json\/wp\/v2\/types\/product"}],"wp:featuredmedia":[{"embeddable":true,"href":"https:\/\/rock-coon.com\/es\/wp-json\/wp\/v2\/media\/359"}],"wp:attachment":[{"href":"https:\/\/rock-coon.com\/es\/wp-json\/wp\/v2\/media?parent=358"}],"wp:term":[{"taxonomy":"product_brand","embeddable":true,"href":"https:\/\/rock-coon.com\/es\/wp-json\/wp\/v2\/product_brand?post=358"},{"taxonomy":"product_cat","embeddable":true,"href":"https:\/\/rock-coon.com\/es\/wp-json\/wp\/v2\/product_cat?post=358"},{"taxonomy":"product_tag","embeddable":true,"href":"https:\/\/rock-coon.com\/es\/wp-json\/wp\/v2\/product_tag?post=358"}],"curies":[{"name":"wp","href":"https:\/\/api.w.org\/{rel}","templated":true}]}}