{"id":360,"date":"2025-11-30T10:28:27","date_gmt":"2025-11-30T10:28:27","guid":{"rendered":"https:\/\/rock-coon.com\/?post_type=product&#038;p=360"},"modified":"2025-11-30T10:37:39","modified_gmt":"2025-11-30T10:37:39","slug":"wholesale-foldable-camping-carry-bag-picnic-storage-bag","status":"publish","type":"product","link":"https:\/\/rock-coon.com\/es\/producto\/wholesale-foldable-camping-carry-bag-picnic-storage-bag\/","title":{"rendered":"Bolsa plegable para acampar y picnic al por mayor"},"content":{"rendered":"<p>Esta bolsa de transporte plegable para acampar est\u00e1 hecha de tela Oxford, lo que la hace resistente a los desgarros y a la abrasi\u00f3n. Es incre\u00edblemente pr\u00e1ctica y f\u00e1cil de usar, lo que la convierte en una opci\u00f3n ideal para viajar. Esta bolsa de picnic es duradera. Las asas tejidas, m\u00e1s gruesas y anchas, aumentan la fricci\u00f3n y evitan lesiones en las manos. El dise\u00f1o plegable permite guardarla f\u00e1cilmente con solo tirar de ella. El armaz\u00f3n interno es plegable y las correas el\u00e1sticas de ambos lados se fijan con broches, lo que ampl\u00eda a\u00fan m\u00e1s el espacio de almacenamiento.<\/p>\n<p>Rockcoon ofrece servicios de venta al por mayor personalizados, lo que le permite personalizar los colores, los materiales y las cantidades seg\u00fan sus necesidades.<\/p>\n<ul>\n<li>\n<div>Materiales de primera calidad: la bolsa de campamento est\u00e1 fabricada con tela Oxford, lo que la hace resistente a los desgarros y a la abrasi\u00f3n. El dise\u00f1o del asa tejida, m\u00e1s gruesa y ancha, aumenta la fricci\u00f3n y evita lesiones en las manos. C\u00f3moda y f\u00e1cil de usar, es la opci\u00f3n ideal para actividades al aire libre. Esta bolsa de picnic es resistente y duradera.<\/div>\n<\/li>\n<li>\n<div>Gran capacidad de carga: la abertura de la bolsa est\u00e1 reforzada con un armaz\u00f3n met\u00e1lico para garantizar una sujeci\u00f3n segura y evitar deformaciones. Todo el armaz\u00f3n est\u00e1 fabricado con tejido de nailon grueso, lo que lo hace resistente, duradero y resistente a los da\u00f1os. La parte inferior cuenta con un dise\u00f1o a prueba de humedad, adecuado para diversos entornos.<\/div>\n<\/li>\n<li>\n<div>Ligera y port\u00e1til: esta canasta de picnic se pliega en una bolsa de almacenamiento compacta, que se guarda f\u00e1cilmente con solo tirar de ella. La estructura interna se pliega para ampliar a\u00fan m\u00e1s el espacio de almacenamiento. Puede contener f\u00e1cilmente tu lonchera, bocadillos, s\u00e1ndwiches, jugos y frutas. \u00a1Ll\u00e9vala contigo y con tus seres queridos a un picnic! O bien, puedes llevarla al parque para un almuerzo familiar, o para una barbacoa de fin de semana o una acampada.<\/div>\n<\/li>\n<li>\n<div>Gran capacidad: esta bolsa de picnic cuenta con una gran capacidad para guardar tu equipo de campamento; tres bolsillos laterales son muy pr\u00e1cticos para guardar botellas de agua, utensilios de cocina al aire libre o herramientas de picnic. Cuenta con m\u00faltiples ganchos alrededor de los laterales para colgar utensilios de cocina, lo que aumenta la capacidad y ahorra espacio.<\/div>\n<\/li>\n<li>\n<div>Vers\u00e1til: \u00a1Esta canasta de picnic tiene una gran capacidad y puede contener mucha comida y bebida para todo el equipo! Ideal para acampadas al aire libre, senderismo, viajes, pesca, monta\u00f1ismo y otras actividades.<\/div>\n<\/li>\n<li>\n<div>Dise\u00f1o multifuncional: tambi\u00e9n se puede utilizar como bolsa de almacenamiento de gran capacidad en la cocina, organizador de ropa en casa o incluso como caja de herramientas temporal.<\/div>\n<\/li>\n<\/ul>\n<p>&nbsp;<\/p>\n<h2>Bolsa de transporte plegable para acampar Especificaciones<\/h2>\n<table style=\"height: 185px;\" width=\"663\">\n<tbody>\n<tr>\n<td style=\"width: 237.566px;\">PRODUCTO<\/td>\n<td style=\"width: 412.358px;\">Bolsa plegable personalizada para acampada y picnic<\/td>\n<\/tr>\n<tr>\n<td style=\"width: 237.566px;\">MODELO<\/td>\n<td style=\"width: 412.358px;\">AP-TB-RC-015<\/td>\n<\/tr>\n<tr>\n<td style=\"width: 237.566px;\">MATERIAL<\/td>\n<td style=\"width: 412.358px;\">oxford\/cuero\/algod\u00f3n, personalizado<\/td>\n<\/tr>\n<tr>\n<td style=\"width: 237.566px;\">TAMA\u00d1O<\/td>\n<td style=\"width: 412.358px;\">Personalizaci\u00f3n<\/td>\n<\/tr>\n<tr>\n<td style=\"width: 237.566px;\">COLOR<\/td>\n<td style=\"width: 412.358px;\">Personalizaci\u00f3n<\/td>\n<\/tr>\n<\/tbody>\n<\/table>\n<p><a href=\"https:\/\/rock-coon.com\/es\/\"><img loading=\"lazy\" decoding=\"async\" class=\"alignnone wp-image-361 size-full\" src=\"https:\/\/rock-coon.com\/wp-content\/uploads\/2025\/11\/Wholesale-Foldable-Camping-Carry-Bag-Picnic-Storage-Bag.jpg\" alt=\"Wholesale Foldable Camping Carry Bag Picnic Storage Bag\" width=\"1000\" height=\"1000\" srcset=\"https:\/\/rock-coon.com\/wp-content\/uploads\/2025\/11\/Wholesale-Foldable-Camping-Carry-Bag-Picnic-Storage-Bag.jpg 1000w, https:\/\/rock-coon.com\/wp-content\/uploads\/2025\/11\/Wholesale-Foldable-Camping-Carry-Bag-Picnic-Storage-Bag-980x980.jpg 980w, https:\/\/rock-coon.com\/wp-content\/uploads\/2025\/11\/Wholesale-Foldable-Camping-Carry-Bag-Picnic-Storage-Bag-480x480.jpg 480w\" sizes=\"(min-width: 0px) and (max-width: 480px) 480px, (min-width: 481px) and (max-width: 980px) 980px, (min-width: 981px) 1000px, 100vw\" \/><\/a><\/p>\n<p>&nbsp;<\/p>\n<p>&nbsp;<\/p>\n<p>&nbsp;<\/p>","protected":false},"excerpt":{"rendered":"<ul>\n<li>\n<div>Bolsa de transporte plegable para acampar Pr\u00e1ctica<\/div>\n<\/li>\n<li>\n<div>Organizador multifuncional para bolsas de exterior Oxford<\/div>\n<\/li>\n<li>\n<div>Bolsa de almacenamiento para bolsos de gran capacidad<\/div>\n<\/li>\n<li>Fabricado en tela Oxford, resistente al desgaste y a los desgarros.<\/li>\n<li>Est\u00e1 dise\u00f1ado con asas trenzadas m\u00e1s gruesas y anchas para aumentar la fricci\u00f3n y que tus manos no se lastimen.<\/li>\n<li>Ofrecer servicios mayoristas personalizados.<\/li>\n<\/ul>","protected":false},"featured_media":361,"template":"","meta":{"_et_pb_use_builder":"","_et_pb_old_content":"","_et_gb_content_width":"","_monsterinsights_skip_tracking":false,"_monsterinsights_sitenote_active":false,"_monsterinsights_sitenote_note":"","_monsterinsights_sitenote_category":0},"product_brand":[],"product_cat":[19],"product_tag":[],"class_list":{"0":"post-360","1":"product","2":"type-product","3":"status-publish","4":"has-post-thumbnail","6":"product_cat-home-storage","8":"first","9":"instock","10":"shipping-taxable","11":"product-type-simple"},"jetpack_sharing_enabled":true,"_links":{"self":[{"href":"https:\/\/rock-coon.com\/es\/wp-json\/wp\/v2\/product\/360","targetHints":{"allow":["GET"]}}],"collection":[{"href":"https:\/\/rock-coon.com\/es\/wp-json\/wp\/v2\/product"}],"about":[{"href":"https:\/\/rock-coon.com\/es\/wp-json\/wp\/v2\/types\/product"}],"wp:featuredmedia":[{"embeddable":true,"href":"https:\/\/rock-coon.com\/es\/wp-json\/wp\/v2\/media\/361"}],"wp:attachment":[{"href":"https:\/\/rock-coon.com\/es\/wp-json\/wp\/v2\/media?parent=360"}],"wp:term":[{"taxonomy":"product_brand","embeddable":true,"href":"https:\/\/rock-coon.com\/es\/wp-json\/wp\/v2\/product_brand?post=360"},{"taxonomy":"product_cat","embeddable":true,"href":"https:\/\/rock-coon.com\/es\/wp-json\/wp\/v2\/product_cat?post=360"},{"taxonomy":"product_tag","embeddable":true,"href":"https:\/\/rock-coon.com\/es\/wp-json\/wp\/v2\/product_tag?post=360"}],"curies":[{"name":"wp","href":"https:\/\/api.w.org\/{rel}","templated":true}]}}