{"id":410,"date":"2025-12-21T09:13:03","date_gmt":"2025-12-21T09:13:03","guid":{"rendered":"https:\/\/rock-coon.com\/?post_type=product&#038;p=410"},"modified":"2025-12-21T09:31:20","modified_gmt":"2025-12-21T09:31:20","slug":"custom-car-repair-tool-storage-bag","status":"publish","type":"product","link":"https:\/\/rock-coon.com\/es\/producto\/custom-car-repair-tool-storage-bag\/","title":{"rendered":"Bolsa personalizada para guardar herramientas de reparaci\u00f3n de autom\u00f3viles"},"content":{"rendered":"<div>Resistente y duradera: esta bolsa de almacenamiento para herramientas de alta resistencia est\u00e1 fabricada con tejido Oxford 600D, lo que la hace muy resistente, duradera e impermeable. Es lo suficientemente resistente como para transportar herramientas pesadas. Se puede utilizar tanto como bolsa para herramientas como caja de almacenamiento para herramientas. La cubierta superior es totalmente extra\u00edble, lo que permite utilizarla como bolsa para herramientas abierta para acceder f\u00e1cilmente a las herramientas.<\/div>\n<div><\/div>\n<div>Bolsillos de varios tama\u00f1os: este organizador de bolsa de herramientas cuenta con bolsillos laterales de varios tama\u00f1os para guardar diferentes herramientas y mantenerlas organizadas. El compartimento principal es lo suficientemente espacioso como para guardar otras herramientas, herramientas el\u00e9ctricas, herramientas manuales, etc., lo que mejora la eficiencia en el trabajo.<\/div>\n<div><\/div>\n<div>El dise\u00f1o de amplia apertura permite acceder f\u00e1cilmente a todas tus herramientas, lo que te ahorra tiempo y evita molestias innecesarias. \u00a1Haz tu trabajo m\u00e1s r\u00e1pido!<\/div>\n<div><\/div>\n<div>Las costuras reforzadas y las asas resistentes proporcionan una experiencia de transporte c\u00f3moda y segura, incluso cuando la bolsa est\u00e1 llena de herramientas. \u00a1Lleve sus herramientas con facilidad y comodidad!<\/div>\n<div><\/div>\n<p>Rockcoon ofrece servicios de venta al por mayor personalizados, lo que le permite personalizar los colores, los materiales y las cantidades seg\u00fan sus necesidades.<\/p>\n<h2>Especificaciones de la bolsa de almacenamiento para herramientas de reparaci\u00f3n de autom\u00f3viles<\/h2>\n<table style=\"height: 185px;\" width=\"663\">\n<tbody>\n<tr>\n<td style=\"width: 237.566px;\">PRODUCTO<\/td>\n<td style=\"width: 412.358px;\">Bolsa personalizada para guardar herramientas de reparaci\u00f3n de autom\u00f3viles<\/td>\n<\/tr>\n<tr>\n<td style=\"width: 237.566px;\">MODELO<\/td>\n<td style=\"width: 412.358px;\">AP-TB-RC-017<\/td>\n<\/tr>\n<tr>\n<td style=\"width: 237.566px;\">MATERIAL<\/td>\n<td style=\"width: 412.358px;\">oxford\/cuero\/algod\u00f3n, personalizado<\/td>\n<\/tr>\n<tr>\n<td style=\"width: 237.566px;\">TAMA\u00d1O<\/td>\n<td style=\"width: 412.358px;\">Personalizaci\u00f3n<\/td>\n<\/tr>\n<tr>\n<td style=\"width: 237.566px;\">COLOR<\/td>\n<td style=\"width: 412.358px;\">Personalizaci\u00f3n<\/td>\n<\/tr>\n<\/tbody>\n<\/table>\n<p><a href=\"https:\/\/rock-coon.com\/es\/\"><img loading=\"lazy\" decoding=\"async\" class=\"alignnone wp-image-412 size-full\" src=\"https:\/\/rock-coon.com\/wp-content\/uploads\/2025\/12\/Custom-Car-Repair-Tool-Storage-Bag-1.jpg\" alt=\"Custom Car Repair Tool Storage Bag\" width=\"800\" height=\"500\" srcset=\"https:\/\/rock-coon.com\/wp-content\/uploads\/2025\/12\/Custom-Car-Repair-Tool-Storage-Bag-1.jpg 800w, https:\/\/rock-coon.com\/wp-content\/uploads\/2025\/12\/Custom-Car-Repair-Tool-Storage-Bag-1-480x300.jpg 480w\" sizes=\"(min-width: 0px) and (max-width: 480px) 480px, (min-width: 481px) 800px, 100vw\" \/><\/a><\/p>","protected":false},"excerpt":{"rendered":"<p>Caracter\u00edsticas de la bolsa para guardar herramientas<\/p>\n<ul>\n<li>\u2013 Mucho espacio para herramientas y equipo.<\/li>\n<li>\u2013 F\u00e1cil de transportar y utilizar, y puede usarse durante mucho tiempo.<\/li>\n<li>\u2013 Fabricado con tejido exterior de estructura resistente, impermeable, ligero, duradero y f\u00e1cil de limpiar.<\/li>\n<li>Esta bolsa de herramientas para el coche te permite llevar f\u00e1cilmente todo lo necesario cuando tu veh\u00edculo se aver\u00eda en medio de la nada.<\/li>\n<li>Ofrecer servicios mayoristas personalizados.<\/li>\n<\/ul>","protected":false},"featured_media":411,"template":"","meta":{"_et_pb_use_builder":"","_et_pb_old_content":"","_et_gb_content_width":"","_monsterinsights_skip_tracking":false,"_monsterinsights_sitenote_active":false,"_monsterinsights_sitenote_note":"","_monsterinsights_sitenote_category":0},"product_brand":[],"product_cat":[20],"product_tag":[],"class_list":{"0":"post-410","1":"product","2":"type-product","3":"status-publish","4":"has-post-thumbnail","6":"product_cat-tool-bag","8":"first","9":"instock","10":"shipping-taxable","11":"product-type-simple"},"jetpack_sharing_enabled":true,"_links":{"self":[{"href":"https:\/\/rock-coon.com\/es\/wp-json\/wp\/v2\/product\/410","targetHints":{"allow":["GET"]}}],"collection":[{"href":"https:\/\/rock-coon.com\/es\/wp-json\/wp\/v2\/product"}],"about":[{"href":"https:\/\/rock-coon.com\/es\/wp-json\/wp\/v2\/types\/product"}],"wp:featuredmedia":[{"embeddable":true,"href":"https:\/\/rock-coon.com\/es\/wp-json\/wp\/v2\/media\/411"}],"wp:attachment":[{"href":"https:\/\/rock-coon.com\/es\/wp-json\/wp\/v2\/media?parent=410"}],"wp:term":[{"taxonomy":"product_brand","embeddable":true,"href":"https:\/\/rock-coon.com\/es\/wp-json\/wp\/v2\/product_brand?post=410"},{"taxonomy":"product_cat","embeddable":true,"href":"https:\/\/rock-coon.com\/es\/wp-json\/wp\/v2\/product_cat?post=410"},{"taxonomy":"product_tag","embeddable":true,"href":"https:\/\/rock-coon.com\/es\/wp-json\/wp\/v2\/product_tag?post=410"}],"curies":[{"name":"wp","href":"https:\/\/api.w.org\/{rel}","templated":true}]}}