{"id":413,"date":"2025-12-21T09:34:42","date_gmt":"2025-12-21T09:34:42","guid":{"rendered":"https:\/\/rock-coon.com\/?post_type=product&#038;p=413"},"modified":"2025-12-21T09:53:26","modified_gmt":"2025-12-21T09:53:26","slug":"17-inch-travel-laptop-backpack-business-slim-durable-computer-bag","status":"publish","type":"product","link":"https:\/\/rock-coon.com\/es\/producto\/17-inch-travel-laptop-backpack-business-slim-durable-computer-bag\/","title":{"rendered":"Mochila para computadora port\u00e1til de viaje de 17 pulgadas, delgada y resistente, ideal para negocios."},"content":{"rendered":"<div>Esta mochila para computadora port\u00e1til de viaje de negocios combina las funciones de almacenamiento de una computadora port\u00e1til y art\u00edculos esenciales de viaje, mezclando practicidad, comodidad y seguridad. El compartimento para computadora port\u00e1til puede acomodar computadoras port\u00e1tiles de 17 pulgadas, 15 pulgadas, 14 pulgadas y 13 pulgadas. El espacioso compartimento principal puede contener art\u00edculos de uso diario y accesorios electr\u00f3nicos. El compartimento delantero cuenta con m\u00faltiples bolsillos, soportes para bol\u00edgrafos y un clip para llaves que facilitan la organizaci\u00f3n y el acceso a tus pertenencias.<\/div>\n<div><\/div>\n<ul>\n<li><strong>Potente funci\u00f3n de almacenamiento:\u00a0<\/strong> Con su gran capacidad, puede satisfacer las necesidades de almacenamiento de ropa para un viaje de 3 a 5 d\u00edas.<\/li>\n<li><strong>Dise\u00f1o con m\u00faltiples compartimentos:<\/strong> Cuenta con un compartimento espec\u00edfico para computadoras port\u00e1tiles con un acolchado grueso o almohadillas de aire para proteger eficazmente tu computadora de los impactos, con capacidad para computadoras port\u00e1tiles grandes de 17,3 pulgadas. Adem\u00e1s, hay varios compartimentos y bolsillos m\u00e1s peque\u00f1os para organizar adaptadores de corriente, ratones, documentos, art\u00edculos de aseo y otros objetos, lo que facilita el acceso y la organizaci\u00f3n.<\/li>\n<li><strong>Dise\u00f1o f\u00e1cil de usar:<\/strong> El compartimento para computadora port\u00e1til se puede abrir f\u00e1cilmente entre 90\u00b0 y 180\u00b0, lo que permite pasar r\u00e1pidamente por el control de seguridad del aeropuerto sin necesidad de sacar la computadora. Su tama\u00f1o cumple con las normas de vuelo de la IATA y se puede llevar como equipaje de mano.<\/li>\n<li><strong>Material resistente e impermeable:<\/strong> Normalmente fabricadas con tejidos impermeables de poli\u00e9ster, nailon o tela Oxford, combinadas con cremalleras de alta calidad, son duraderas y evitan eficazmente que se filtre el agua de lluvia, protegiendo as\u00ed el contenido que hay en su interior.<\/li>\n<li><strong>C\u00f3modo y transpirable:<\/strong> Las correas de la espalda y los hombros de la mochila cuentan con un forro de malla transpirable y un acolchado grueso, suave y transpirable de varias capas. Las correas anchas para los hombros est\u00e1n hechas de esponja altamente el\u00e1stica, lo que proporciona un m\u00e1ximo soporte para la espalda. Esto reduce eficazmente la presi\u00f3n sobre los hombros y la espalda, lo que la hace c\u00f3moda de llevar durante largos periodos de tiempo.<\/li>\n<li><strong>Apariencia sencilla y pr\u00e1ctica:<\/strong> Las mochilas para computadoras port\u00e1tiles de viaje suelen tener un dise\u00f1o sencillo y elegante, adecuado tanto para viajar como para desplazamientos diarios y ocasiones de negocios. Los colores son en su mayor\u00eda negro y gris cl\u00e1sico, f\u00e1ciles de combinar con la ropa.<\/li>\n<\/ul>\n<div><\/div>\n<div><\/div>\n<p>Rockcoon ofrece servicios de venta al por mayor personalizados, lo que le permite personalizar los colores, los materiales y las cantidades seg\u00fan sus necesidades.<\/p>\n<h2>Especificaciones de la mochila para computadora port\u00e1til de negocios para viajes<\/h2>\n<table style=\"height: 185px;\" width=\"663\">\n<tbody>\n<tr>\n<td style=\"width: 237.566px;\">PRODUCTO<\/td>\n<td style=\"width: 412.358px;\">Mochila port\u00e1til delgada para viajes de negocios personalizada<\/td>\n<\/tr>\n<tr>\n<td style=\"width: 237.566px;\">MODELO<\/td>\n<td style=\"width: 412.358px;\">AP-TB-RC-018<\/td>\n<\/tr>\n<tr>\n<td style=\"width: 237.566px;\">MATERIAL<\/td>\n<td style=\"width: 412.358px;\">oxford\/cuero\/algod\u00f3n, personalizado<\/td>\n<\/tr>\n<tr>\n<td style=\"width: 237.566px;\">TAMA\u00d1O<\/td>\n<td style=\"width: 412.358px;\">Personalizaci\u00f3n<\/td>\n<\/tr>\n<tr>\n<td style=\"width: 237.566px;\">COLOR<\/td>\n<td style=\"width: 412.358px;\">Personalizaci\u00f3n<\/td>\n<\/tr>\n<\/tbody>\n<\/table>\n<p><a href=\"https:\/\/rock-coon.com\/es\/\"><img loading=\"lazy\" decoding=\"async\" class=\"alignnone wp-image-415 size-full\" src=\"https:\/\/rock-coon.com\/wp-content\/uploads\/2025\/12\/17-inch-Travel-Laptop-Backpack-Business-Slim-Durable-Computer-Bag-1.jpg\" alt=\"17 inch Travel Laptop Backpack Business Slim Durable Computer Bag\" width=\"800\" height=\"500\" srcset=\"https:\/\/rock-coon.com\/wp-content\/uploads\/2025\/12\/17-inch-Travel-Laptop-Backpack-Business-Slim-Durable-Computer-Bag-1.jpg 800w, https:\/\/rock-coon.com\/wp-content\/uploads\/2025\/12\/17-inch-Travel-Laptop-Backpack-Business-Slim-Durable-Computer-Bag-1-480x300.jpg 480w\" sizes=\"(min-width: 0px) and (max-width: 480px) 480px, (min-width: 481px) 800px, 100vw\" \/><\/a><\/p>\n<p>&nbsp;<\/p>","protected":false},"excerpt":{"rendered":"<p>Caracter\u00edsticas de la mochila para computadora port\u00e1til de viaje<\/p>\n<ul>\n<li>\n<div>Potente funci\u00f3n de almacenamiento, espacio de almacenamiento de gran capacidad y m\u00faltiples bolsillos.<\/div>\n<\/li>\n<li>\n<div>Dise\u00f1o f\u00e1cil de usar:<\/div>\n<\/li>\n<li>\n<div>Material duradero, resistente y confiable.;<\/div>\n<\/li>\n<li>\n<div>Totalmente funcional y seguro:<\/div>\n<\/li>\n<li>\n<div>Apariencia sencilla y pr\u00e1ctica:<\/div>\n<\/li>\n<li>Ofrecer servicios mayoristas personalizados.<\/li>\n<\/ul>","protected":false},"featured_media":414,"template":"","meta":{"_et_pb_use_builder":"","_et_pb_old_content":"","_et_gb_content_width":"","_monsterinsights_skip_tracking":false,"_monsterinsights_sitenote_active":false,"_monsterinsights_sitenote_note":"","_monsterinsights_sitenote_category":0},"product_brand":[],"product_cat":[30],"product_tag":[],"class_list":{"0":"post-413","1":"product","2":"type-product","3":"status-publish","4":"has-post-thumbnail","6":"product_cat-digital-storage","8":"first","9":"instock","10":"shipping-taxable","11":"product-type-simple"},"jetpack_sharing_enabled":true,"_links":{"self":[{"href":"https:\/\/rock-coon.com\/es\/wp-json\/wp\/v2\/product\/413","targetHints":{"allow":["GET"]}}],"collection":[{"href":"https:\/\/rock-coon.com\/es\/wp-json\/wp\/v2\/product"}],"about":[{"href":"https:\/\/rock-coon.com\/es\/wp-json\/wp\/v2\/types\/product"}],"wp:featuredmedia":[{"embeddable":true,"href":"https:\/\/rock-coon.com\/es\/wp-json\/wp\/v2\/media\/414"}],"wp:attachment":[{"href":"https:\/\/rock-coon.com\/es\/wp-json\/wp\/v2\/media?parent=413"}],"wp:term":[{"taxonomy":"product_brand","embeddable":true,"href":"https:\/\/rock-coon.com\/es\/wp-json\/wp\/v2\/product_brand?post=413"},{"taxonomy":"product_cat","embeddable":true,"href":"https:\/\/rock-coon.com\/es\/wp-json\/wp\/v2\/product_cat?post=413"},{"taxonomy":"product_tag","embeddable":true,"href":"https:\/\/rock-coon.com\/es\/wp-json\/wp\/v2\/product_tag?post=413"}],"curies":[{"name":"wp","href":"https:\/\/api.w.org\/{rel}","templated":true}]}}