{"id":416,"date":"2025-12-21T09:56:56","date_gmt":"2025-12-21T09:56:56","guid":{"rendered":"https:\/\/rock-coon.com\/?post_type=product&#038;p=416"},"modified":"2025-12-21T10:18:34","modified_gmt":"2025-12-21T10:18:34","slug":"custom-garden-tote-canvas-tool-bag","status":"publish","type":"product","link":"https:\/\/rock-coon.com\/es\/producto\/custom-garden-tote-canvas-tool-bag\/","title":{"rendered":"Bolsa de lona personalizada para herramientas de jard\u00edn"},"content":{"rendered":"<div>\n<div>La bolsa para herramientas de jardiner\u00eda es una bolsa compacta y port\u00e1til para guardar herramientas. Dise\u00f1ada espec\u00edficamente para los amantes de la jardiner\u00eda, presenta las siguientes caracter\u00edsticas:<\/div>\n<div><\/div>\n<ul>\n<li>Material duradero y resistente: fabricado con tejidos resistentes al desgaste, como tela Oxford 600D y poli\u00e9ster.<\/li>\n<li>Potente funci\u00f3n de almacenamiento: normalmente dise\u00f1adas con m\u00faltiples bolsillos y compartimentos para guardar diversas herramientas de jardiner\u00eda, como tijeras de podar, paletas, guantes de jardiner\u00eda, semillas y botellas rociadoras, lo que permite una f\u00e1cil organizaci\u00f3n y un r\u00e1pido acceso. Algunas bolsas para herramientas tambi\u00e9n tienen cordones el\u00e1sticos en los bolsillos para sujetar las herramientas de forma segura y evitar que se caigan.<\/li>\n<li>Dise\u00f1o c\u00f3modo y pr\u00e1ctico: equipado con un c\u00f3modo asa para facilitar su transporte y reducir la fatiga, lo que resulta muy pr\u00e1ctico para llevarlo a diferentes zonas del jard\u00edn.<\/li>\n<li>Apariencia atractiva y funcional: algunas bolsas para herramientas de jardiner\u00eda tienen un dise\u00f1o sencillo y elegante que complementa el entorno de jardiner\u00eda, lo que las hace pr\u00e1cticas y est\u00e9ticamente agradables. Algunas bolsas para herramientas tambi\u00e9n tienen una buena transpirabilidad para evitar que las herramientas de jardiner\u00eda se oxiden.<\/li>\n<\/ul>\n<\/div>\n<div><\/div>\n<div><\/div>\n<p>Rockcoon ofrece servicios de venta al por mayor personalizados, lo que le permite personalizar los colores, los materiales y las cantidades seg\u00fan sus necesidades.<\/p>\n<p>&nbsp;<\/p>\n<h2>Especificaciones de la bolsa para jard\u00edn<\/h2>\n<table style=\"height: 185px; width: 715px;\" width=\"663\">\n<tbody>\n<tr>\n<td style=\"width: 143.068px;\">PRODUCTO<\/td>\n<td style=\"width: 558.864px;\">Bolsa personalizada para guardar herramientas de jard\u00edn<\/td>\n<\/tr>\n<tr>\n<td style=\"width: 143.068px;\">MODELO<\/td>\n<td style=\"width: 558.864px;\">AP-TB-RC-019<\/td>\n<\/tr>\n<tr>\n<td style=\"width: 143.068px;\">MATERIAL<\/td>\n<td style=\"width: 558.864px;\">oxford\/cuero\/algod\u00f3n, personalizado<\/td>\n<\/tr>\n<tr>\n<td style=\"width: 143.068px;\">TAMA\u00d1O<\/td>\n<td style=\"width: 558.864px;\">Personalizaci\u00f3n<\/td>\n<\/tr>\n<tr>\n<td style=\"width: 143.068px;\">COLOR<\/td>\n<td style=\"width: 558.864px;\">Personalizaci\u00f3n<\/td>\n<\/tr>\n<\/tbody>\n<\/table>\n<p><a href=\"https:\/\/rock-coon.com\/es\/\"><img loading=\"lazy\" decoding=\"async\" class=\"alignnone wp-image-418 size-full\" src=\"https:\/\/rock-coon.com\/wp-content\/uploads\/2025\/12\/Custom-Garden-Tote-Canvas-Tool-bag-2.jpg\" alt=\"Custom Garden Tote Canvas Tool bag\" width=\"800\" height=\"500\" srcset=\"https:\/\/rock-coon.com\/wp-content\/uploads\/2025\/12\/Custom-Garden-Tote-Canvas-Tool-bag-2.jpg 800w, https:\/\/rock-coon.com\/wp-content\/uploads\/2025\/12\/Custom-Garden-Tote-Canvas-Tool-bag-2-480x300.jpg 480w\" sizes=\"(min-width: 0px) and (max-width: 480px) 480px, (min-width: 481px) 800px, 100vw\" \/><\/a><\/p>\n<p>&nbsp;<\/p>\n<p>&nbsp;<\/p>","protected":false},"excerpt":{"rendered":"<p>Caracter\u00edsticas de la bolsa para jard\u00edn<\/p>\n<ul>\n<li>Bolsa tote pr\u00e1ctica: esta bolsa tote resistente est\u00e1 fabricada con tejido Oxford 600D y es perfecta para guardar diversas herramientas de jardiner\u00eda.<\/li>\n<li>Amplio espacio: ofrece un amplio espacio para guardar herramientas manuales y otros art\u00edculos peque\u00f1os y medianos; dos cremalleras suaves para abrir y cerrar f\u00e1cilmente.<\/li>\n<li>F\u00e1cil de usar y limpiar: resistente y ligero, f\u00e1cil de limpiar (herramientas no incluidas).<\/li>\n<li>El ayudante ideal para jardineros: una bolsa de alta calidad para guardar herramientas de jardiner\u00eda, adecuada para c\u00e9spedes, jardines y patios.<\/li>\n<li>Ofrecer servicios mayoristas personalizados.<\/li>\n<\/ul>","protected":false},"featured_media":417,"template":"","meta":{"_et_pb_use_builder":"","_et_pb_old_content":"","_et_gb_content_width":"","_monsterinsights_skip_tracking":false,"_monsterinsights_sitenote_active":false,"_monsterinsights_sitenote_note":"","_monsterinsights_sitenote_category":0},"product_brand":[],"product_cat":[20],"product_tag":[],"class_list":{"0":"post-416","1":"product","2":"type-product","3":"status-publish","4":"has-post-thumbnail","6":"product_cat-tool-bag","8":"first","9":"instock","10":"shipping-taxable","11":"product-type-simple"},"jetpack_sharing_enabled":true,"_links":{"self":[{"href":"https:\/\/rock-coon.com\/es\/wp-json\/wp\/v2\/product\/416","targetHints":{"allow":["GET"]}}],"collection":[{"href":"https:\/\/rock-coon.com\/es\/wp-json\/wp\/v2\/product"}],"about":[{"href":"https:\/\/rock-coon.com\/es\/wp-json\/wp\/v2\/types\/product"}],"wp:featuredmedia":[{"embeddable":true,"href":"https:\/\/rock-coon.com\/es\/wp-json\/wp\/v2\/media\/417"}],"wp:attachment":[{"href":"https:\/\/rock-coon.com\/es\/wp-json\/wp\/v2\/media?parent=416"}],"wp:term":[{"taxonomy":"product_brand","embeddable":true,"href":"https:\/\/rock-coon.com\/es\/wp-json\/wp\/v2\/product_brand?post=416"},{"taxonomy":"product_cat","embeddable":true,"href":"https:\/\/rock-coon.com\/es\/wp-json\/wp\/v2\/product_cat?post=416"},{"taxonomy":"product_tag","embeddable":true,"href":"https:\/\/rock-coon.com\/es\/wp-json\/wp\/v2\/product_tag?post=416"}],"curies":[{"name":"wp","href":"https:\/\/api.w.org\/{rel}","templated":true}]}}